{"id":117671,"date":"2024-11-05T16:58:33","date_gmt":"2024-11-05T15:58:33","guid":{"rendered":"https:\/\/secureus.se\/?post_type=product&#038;p=117671"},"modified":"2026-01-12T12:34:52","modified_gmt":"2026-01-12T11:34:52","slug":"skarmstativ-select-plus-1-skarm-bordsfaste","status":"publish","type":"product","link":"https:\/\/secureus.se\/es\/skarmstativ-select-plus-1-skarm-bordsfaste\/","title":{"rendered":"Soporte para monitor SELECT PLUS 1 pantalla, montaje en mesa"},"content":{"rendered":"<p>Soporte de pantalla con brazo movible para 1 pantalla, montaje en mesa mediante soporte con orificio para cable o soporte de mesa.<br \/>\nLa altura, la inclinaci\u00f3n y la posici\u00f3n de la pantalla se pueden ajustar f\u00e1cilmente e individualmente para facilitar el trabajo ergon\u00f3mico.<br \/>\nSe puede girar 90\u00b0 para usarlo en modo vertical u horizontal.<br \/>\nPosibilidad de colocaci\u00f3n del brazo en la posici\u00f3n deseada gracias al ajuste individual del muelle.<br \/>\nSoporte VESA universal (75 x 75 mm o 100 x 100 mm)<br \/>\nPara pantallas est\u00e1ndar de hasta 32\u2033 y m\u00e1x. 8 kilos<br \/>\nGesti\u00f3n de cables: el cable de la pantalla se dirige a lo largo del soporte a trav\u00e9s de canales de cable internos y una abrazadera, que protege contra roturas del cable.<\/p>","protected":false},"excerpt":{"rendered":"<p>Soporte de monitor SELECT PLUS con brazo m\u00f3vil para 1 monitor, montaje en mesa<\/p>","protected":false},"featured_media":135815,"template":"","meta":{"_acf_changed":false},"product_brand":[],"product_cat":[4243],"product_tag":[4382],"class_list":{"0":"post-117671","1":"product","2":"type-product","3":"status-publish","4":"has-post-thumbnail","6":"product_cat-skarmhallare","7":"product_tag-silver","8":"product_shipping_class-tunga-paket","9":"pa_brands-durable","10":"pa_farg-silver","11":"tm-no-options","13":"first","14":"instock","15":"sale","16":"taxable","17":"shipping-taxable","18":"purchasable","19":"product-type-simple"},"acf":[],"_links":{"self":[{"href":"https:\/\/secureus.se\/es\/wp-json\/wp\/v2\/product\/117671","targetHints":{"allow":["GET"]}}],"collection":[{"href":"https:\/\/secureus.se\/es\/wp-json\/wp\/v2\/product"}],"about":[{"href":"https:\/\/secureus.se\/es\/wp-json\/wp\/v2\/types\/product"}],"wp:featuredmedia":[{"embeddable":true,"href":"https:\/\/secureus.se\/es\/wp-json\/wp\/v2\/media\/135815"}],"wp:attachment":[{"href":"https:\/\/secureus.se\/es\/wp-json\/wp\/v2\/media?parent=117671"}],"wp:term":[{"taxonomy":"product_brand","embeddable":true,"href":"https:\/\/secureus.se\/es\/wp-json\/wp\/v2\/product_brand?post=117671"},{"taxonomy":"product_cat","embeddable":true,"href":"https:\/\/secureus.se\/es\/wp-json\/wp\/v2\/product_cat?post=117671"},{"taxonomy":"product_tag","embeddable":true,"href":"https:\/\/secureus.se\/es\/wp-json\/wp\/v2\/product_tag?post=117671"}],"curies":[{"name":"wp","href":"https:\/\/api.w.org\/{rel}","templated":true}]}}