{"id":117795,"date":"2024-11-05T16:57:43","date_gmt":"2024-11-05T15:57:43","guid":{"rendered":"https:\/\/secureus.se\/?post_type=product&#038;p=117795"},"modified":"2026-01-12T12:01:03","modified_gmt":"2026-01-12T11:01:03","slug":"markeringstejp-duraline-basic-50-016","status":"publish","type":"product","link":"https:\/\/secureus.se\/es\/markeringstejp-duraline-basic-50-016\/","title":{"rendered":"Cinta de marcado DURALINE\u00ae BASIC 50\/016"},"content":{"rendered":"<p>Cinta de marcado autoadhesiva que se puede adaptar para adaptarse a superficies irregulares o alrededor de bordes y esquinas. El adhesivo de goma de la cinta, adem\u00e1s de ser maleable, tambi\u00e9n hace que sea f\u00e1cil de quitar sin dejar ning\u00fan residuo de adhesivo, haci\u00e9ndola perfecta para marcaciones temporales y m\u00e1s permanentes de superficies y objetos. Para uso en interiores sobre superficies limpias, libres de aceite y polvo. Aseg\u00farese de que los pisos, columnas, barandillas, puertas, etc. que puedan suponer un riesgo est\u00e9n claramente marcados y se se\u00f1alen adecuadamente a la atenci\u00f3n de quienes los rodean. La cinta es lisa y no tiene ninguna clasificaci\u00f3n antideslizante. Se incluyen instrucciones de montaje. Ancho: 50 mm Grosor: 0,16 mm Longitud: 33 m<\/p>","protected":false},"excerpt":{"rendered":"<p>Cinta de se\u00f1alizaci\u00f3n para marcar, codificar por colores y llamar la atenci\u00f3n sobre, por ejemplo, peligros y riesgos en interiores.<\/p>","protected":false},"featured_media":137036,"template":"","meta":{"_acf_changed":false},"product_brand":[],"product_cat":[4303],"product_tag":[4396],"class_list":{"0":"post-117795","1":"product","2":"type-product","3":"status-publish","4":"has-post-thumbnail","6":"product_cat-golvtejp","7":"product_tag-vit","8":"product_shipping_class-tunga-paket","9":"pa_brands-durable","10":"pa_farg-vit","11":"tm-no-options","13":"first","14":"instock","15":"sale","16":"taxable","17":"shipping-taxable","18":"purchasable","19":"product-type-simple"},"acf":[],"_links":{"self":[{"href":"https:\/\/secureus.se\/es\/wp-json\/wp\/v2\/product\/117795","targetHints":{"allow":["GET"]}}],"collection":[{"href":"https:\/\/secureus.se\/es\/wp-json\/wp\/v2\/product"}],"about":[{"href":"https:\/\/secureus.se\/es\/wp-json\/wp\/v2\/types\/product"}],"wp:featuredmedia":[{"embeddable":true,"href":"https:\/\/secureus.se\/es\/wp-json\/wp\/v2\/media\/137036"}],"wp:attachment":[{"href":"https:\/\/secureus.se\/es\/wp-json\/wp\/v2\/media?parent=117795"}],"wp:term":[{"taxonomy":"product_brand","embeddable":true,"href":"https:\/\/secureus.se\/es\/wp-json\/wp\/v2\/product_brand?post=117795"},{"taxonomy":"product_cat","embeddable":true,"href":"https:\/\/secureus.se\/es\/wp-json\/wp\/v2\/product_cat?post=117795"},{"taxonomy":"product_tag","embeddable":true,"href":"https:\/\/secureus.se\/es\/wp-json\/wp\/v2\/product_tag?post=117795"}],"curies":[{"name":"wp","href":"https:\/\/api.w.org\/{rel}","templated":true}]}}