{"id":117972,"date":"2024-11-05T16:55:37","date_gmt":"2024-11-05T15:55:37","guid":{"rendered":"https:\/\/secureus.se\/?post_type=product&#038;p=117972"},"modified":"2026-01-12T12:27:07","modified_gmt":"2026-01-12T11:27:07","slug":"magnetram-duraframe-magnetic-a4-6","status":"publish","type":"product","link":"https:\/\/secureus.se\/es\/magnetram-duraframe-magnetic-a4-6\/","title":{"rendered":"Marco magn\u00e9tico DURAFRAME\u00ae MAGNETIC A4"},"content":{"rendered":"<p>Utilice los marcos de informaci\u00f3n magn\u00e9ticos DURAFRAME\u00ae MAGNETIC para mostrar instrucciones de usuario, datos de m\u00e1quinas, informaci\u00f3n de empleados y otra informaci\u00f3n temporal o m\u00e1s permanente de una manera profesional, r\u00e1pida y sencilla.<br \/>\nColoque la hoja protectora con im\u00e1n alrededor de todo el borde del marco sobre el documento y col\u00f3quelo, por ejemplo, en pizarras blancas, taquillas, paredes met\u00e1licas o refrigeradores. \u00a1Claro! M\u00e1s limpio y f\u00e1cil de manejar que, por ejemplo, la cinta adhesiva. DURAFRAME\u00ae MAGNETIC est\u00e1 disponible para documentos de A6 a A3 y en varios tama\u00f1os de embalaje. Disponible en varios colores para que la se\u00f1alizaci\u00f3n se adapte al mensaje, color del logotipo, temporada o sea lo suficientemente visible o quiz\u00e1s lo contrario: sea discreta.<br \/>\nPara documentos en formato A4. Dimensiones externas 236\u00d7323 mm.<br \/>\nPaquete de 5<\/p>","protected":false},"excerpt":{"rendered":"<p>Marco magn\u00e9tico para mostrar la informaci\u00f3n de forma ordenada. Para documentos que se montar\u00e1n sobre superficies met\u00e1licas.<\/p>","protected":false},"featured_media":135866,"template":"","meta":{"_acf_changed":false},"product_brand":[],"product_cat":[4295],"product_tag":[4395],"class_list":{"0":"post-117972","1":"product","2":"type-product","3":"status-publish","4":"has-post-thumbnail","6":"product_cat-inforamar-for-metallytor","7":"product_tag-gul","8":"product_shipping_class-tunga-paket","9":"pa_brands-durable","10":"pa_farg-gul","11":"tm-no-options","13":"first","14":"instock","15":"sale","16":"taxable","17":"shipping-taxable","18":"purchasable","19":"product-type-simple"},"acf":[],"_links":{"self":[{"href":"https:\/\/secureus.se\/es\/wp-json\/wp\/v2\/product\/117972","targetHints":{"allow":["GET"]}}],"collection":[{"href":"https:\/\/secureus.se\/es\/wp-json\/wp\/v2\/product"}],"about":[{"href":"https:\/\/secureus.se\/es\/wp-json\/wp\/v2\/types\/product"}],"wp:featuredmedia":[{"embeddable":true,"href":"https:\/\/secureus.se\/es\/wp-json\/wp\/v2\/media\/135866"}],"wp:attachment":[{"href":"https:\/\/secureus.se\/es\/wp-json\/wp\/v2\/media?parent=117972"}],"wp:term":[{"taxonomy":"product_brand","embeddable":true,"href":"https:\/\/secureus.se\/es\/wp-json\/wp\/v2\/product_brand?post=117972"},{"taxonomy":"product_cat","embeddable":true,"href":"https:\/\/secureus.se\/es\/wp-json\/wp\/v2\/product_cat?post=117972"},{"taxonomy":"product_tag","embeddable":true,"href":"https:\/\/secureus.se\/es\/wp-json\/wp\/v2\/product_tag?post=117972"}],"curies":[{"name":"wp","href":"https:\/\/api.w.org\/{rel}","templated":true}]}}