{"id":118037,"date":"2024-11-20T14:17:50","date_gmt":"2024-11-20T13:17:50","guid":{"rendered":"https:\/\/secureus.se\/?post_type=product&#038;p=118037"},"modified":"2024-11-21T14:24:48","modified_gmt":"2024-11-21T13:24:48","slug":"sekretessfilter-magnetic-13-3-169-2","status":"publish","type":"product","link":"https:\/\/secureus.se\/es\/sekretessfilter-magnetic-13-3-169-2\/","title":{"rendered":"Filtro de privacidad MAGN\u00c9TICO 13.3\u201c 16:9"},"content":{"rendered":"<p>Como es habitual trabajar en m\u00e1s lugares que la oficina (en trenes, aviones o lugares p\u00fablicos con mucha gente como caf\u00e9s), tambi\u00e9n aumenta el riesgo de que personas no autorizadas vislumbren o vean informaci\u00f3n que no queremos o no debemos compartir. Proteja la pantalla de su computadora con filtros de privacidad contra pirater\u00eda visual y miradas indiscretas. Retire el pl\u00e1stico protector de los imanes en los bordes superiores derecho e izquierdo del filtro y coloque el filtro en la PC. Luego simplemente retira el filtro que se adhiere magn\u00e9ticamente a los dos imanes que se adhieren al PC. Cuando el filtro no est\u00e9 en uso, se puede guardar en la carpeta de almacenamiento incluida. El filtro de privacidad oscurece la pantalla desde ambos lados en un \u00e1ngulo de 30\u00b0, pero ofrece al usuario una imagen de pantalla clara desde el frente. Desde una vista lateral, el filtro de privacidad evita las miradas indiscretas en un \u00e1ngulo de 60\u00b0. El acabado mate del filtro reduce la fatiga visual y reduce la luz azul da\u00f1ina. La pantalla del ordenador est\u00e1 protegida contra ara\u00f1azos y polvo gracias al filtro de secreciones y tambi\u00e9n se puede utilizar en pantallas t\u00e1ctiles. Se incluye un pa\u00f1o de microfibra para limpiar la pantalla de la computadora y el filtro de privacidad.<br \/>\nEste filtro de privacidad est\u00e1 dise\u00f1ado para pantallas de 13,3&quot; con formato 16:9 y dimensiones de 294 x 166,5 mm (ancho x alto). Las dimensiones del filtro de privacidad son 294 x 174,5 mm.<\/p>","protected":false},"excerpt":{"rendered":"<p>Filtro de privacidad con fijaci\u00f3n magn\u00e9tica que protege la pantalla de tu ordenador de vistas no autorizadas. Se suministra en un pr\u00e1ctico bolsillo de almacenamiento. Para pantallas de 13,3&quot; 16:9.<\/p>","protected":false},"featured_media":116045,"template":"","meta":{"_acf_changed":false},"product_brand":[],"product_cat":[4241,4242],"product_tag":[],"class_list":{"0":"post-118037","1":"product","2":"type-product","3":"status-publish","4":"has-post-thumbnail","6":"product_cat-datortillbehor","7":"product_cat-sekretessfilter","8":"pa_brands-durable","9":"pa_farg-antracitgra","10":"tm-no-options","12":"first","13":"instock","14":"sale","15":"taxable","16":"shipping-taxable","17":"purchasable","18":"product-type-simple"},"acf":[],"_links":{"self":[{"href":"https:\/\/secureus.se\/es\/wp-json\/wp\/v2\/product\/118037","targetHints":{"allow":["GET"]}}],"collection":[{"href":"https:\/\/secureus.se\/es\/wp-json\/wp\/v2\/product"}],"about":[{"href":"https:\/\/secureus.se\/es\/wp-json\/wp\/v2\/types\/product"}],"wp:featuredmedia":[{"embeddable":true,"href":"https:\/\/secureus.se\/es\/wp-json\/wp\/v2\/media\/116045"}],"wp:attachment":[{"href":"https:\/\/secureus.se\/es\/wp-json\/wp\/v2\/media?parent=118037"}],"wp:term":[{"taxonomy":"product_brand","embeddable":true,"href":"https:\/\/secureus.se\/es\/wp-json\/wp\/v2\/product_brand?post=118037"},{"taxonomy":"product_cat","embeddable":true,"href":"https:\/\/secureus.se\/es\/wp-json\/wp\/v2\/product_cat?post=118037"},{"taxonomy":"product_tag","embeddable":true,"href":"https:\/\/secureus.se\/es\/wp-json\/wp\/v2\/product_tag?post=118037"}],"curies":[{"name":"wp","href":"https:\/\/api.w.org\/{rel}","templated":true}]}}