{"id":118047,"date":"2024-11-05T16:55:04","date_gmt":"2024-11-05T15:55:04","guid":{"rendered":"https:\/\/secureus.se\/?post_type=product&#038;p=118047"},"modified":"2026-01-12T12:01:01","modified_gmt":"2026-01-12T11:01:01","slug":"pallficka-hard-cover-a5l","status":"publish","type":"product","link":"https:\/\/secureus.se\/es\/pallficka-hard-cover-a5l\/","title":{"rendered":"Bolsillo para pal\u00e9 TAPA DURA A5L"},"content":{"rendered":"<p>El etiquetado claro y conciso de collares de paletas, paletas y cajas de cart\u00f3n mejora y agiliza el proceso de trabajo en almacenes e instalaciones de producci\u00f3n. Las bolsas transparentes hechas de pl\u00e1stico PET r\u00edgido se pueden leer con un esc\u00e1ner. El bolsillo para paletas se puede colgar, por ejemplo, sobre bordes de collar de paleta que tengan un m\u00e1ximo de 22 mm. Cada portaetiquetas est\u00e1 cubierto con una pel\u00edcula de pl\u00e1stico transparente que lo protege contra ara\u00f1azos durante el transporte y el almacenamiento. La pel\u00edcula protectora se quita f\u00e1cilmente cuando se va a utilizar el producto. Una plantilla gratuita para la etiqueta est\u00e1 disponible en www.duraprint.se.<br \/>\nDimensiones interiores: A5L (210 x 148,5 mm de ancho x alto)<br \/>\nDimensiones externas: 213 x 151 mm An x Al<br \/>\nAccesorios: Etiquetas en hojas A4, art. No. 485502<\/p>","protected":false},"excerpt":{"rendered":"<p>Bolsillo para palets en pl\u00e1stico PET r\u00edgido transparente para colgar sobre el borde de collarines y cajas de palets. <\/p>","protected":false},"featured_media":135673,"template":"","meta":{"_acf_changed":false},"product_brand":[],"product_cat":[4306],"product_tag":[4376],"class_list":{"0":"post-118047","1":"product","2":"type-product","3":"status-publish","4":"has-post-thumbnail","6":"product_cat-markning-pallstall","7":"product_tag-transparent","8":"product_shipping_class-tunga-paket","9":"pa_brands-durable","10":"pa_farg-transparent","11":"tm-no-options","13":"first","14":"instock","15":"sale","16":"taxable","17":"shipping-taxable","18":"purchasable","19":"product-type-simple"},"acf":[],"_links":{"self":[{"href":"https:\/\/secureus.se\/es\/wp-json\/wp\/v2\/product\/118047","targetHints":{"allow":["GET"]}}],"collection":[{"href":"https:\/\/secureus.se\/es\/wp-json\/wp\/v2\/product"}],"about":[{"href":"https:\/\/secureus.se\/es\/wp-json\/wp\/v2\/types\/product"}],"wp:featuredmedia":[{"embeddable":true,"href":"https:\/\/secureus.se\/es\/wp-json\/wp\/v2\/media\/135673"}],"wp:attachment":[{"href":"https:\/\/secureus.se\/es\/wp-json\/wp\/v2\/media?parent=118047"}],"wp:term":[{"taxonomy":"product_brand","embeddable":true,"href":"https:\/\/secureus.se\/es\/wp-json\/wp\/v2\/product_brand?post=118047"},{"taxonomy":"product_cat","embeddable":true,"href":"https:\/\/secureus.se\/es\/wp-json\/wp\/v2\/product_cat?post=118047"},{"taxonomy":"product_tag","embeddable":true,"href":"https:\/\/secureus.se\/es\/wp-json\/wp\/v2\/product_tag?post=118047"}],"curies":[{"name":"wp","href":"https:\/\/api.w.org\/{rel}","templated":true}]}}