{"id":118059,"date":"2024-11-20T14:17:51","date_gmt":"2024-11-20T13:17:51","guid":{"rendered":"https:\/\/secureus.se\/?post_type=product&#038;p=118059"},"modified":"2026-01-12T12:35:37","modified_gmt":"2026-01-12T11:35:37","slug":"sekretessfilter-magnetic-macbook-pro15","status":"publish","type":"product","link":"https:\/\/secureus.se\/es\/sekretessfilter-magnetic-macbook-pro15\/","title":{"rendered":"Filtro de privacidad MAGN\u00c9TICO para MacBook Pro\u00ae de 15\u2033"},"content":{"rendered":"<p>Como es habitual trabajar en m\u00e1s lugares que la oficina (en trenes, aviones o lugares p\u00fablicos con mucha gente como caf\u00e9s), tambi\u00e9n aumenta el riesgo de que personas no autorizadas vislumbren o vean informaci\u00f3n que no queremos o no debemos compartir. Proteja la pantalla de su computadora con filtros de privacidad contra pirater\u00eda visual y miradas indiscretas. Los imanes en el borde superior del filtro facilitan la colocaci\u00f3n y extracci\u00f3n del filtro de privacidad del borde magn\u00e9tico de la pantalla de su MacBook. Cuando el filtro no est\u00e9 en uso, se puede guardar en la carpeta de almacenamiento incluida. El filtro de privacidad oscurece la pantalla desde ambos lados en un \u00e1ngulo de 30\u00b0, pero ofrece al usuario una imagen de pantalla clara desde el frente. Desde una vista lateral, el filtro de privacidad evita las miradas indiscretas en un \u00e1ngulo de 60\u00b0. El acabado mate del filtro reduce la fatiga visual y reduce la luz azul da\u00f1ina. La pantalla del ordenador est\u00e1 protegida contra ara\u00f1azos y polvo gracias al filtro de secreciones y tambi\u00e9n se puede utilizar en pantallas t\u00e1ctiles. Se incluye un pa\u00f1o de microfibra para limpiar la pantalla de la computadora y el filtro de privacidad.<br \/>\nEste filtro de privacidad est\u00e1 dise\u00f1ado para las pantallas MacBook* Pro\u00ae de 15,4\u2033 (2016-2019). Las dimensiones del filtro de privacidad son 345 x 224 mm (Ancho x Alto).<br \/>\n* marca registrada de Apple Inc., One Apple Park Way, Cupertino CA 95014, EE. UU.<\/p>","protected":false},"excerpt":{"rendered":"<p>Filtro de privacidad con fijaci\u00f3n magn\u00e9tica que protege la pantalla de tu ordenador de vistas no autorizadas. Se suministra en un pr\u00e1ctico bolsillo de almacenamiento. Para MacBook Pro\u00ae15&quot;.<\/p>","protected":false},"featured_media":133508,"template":"","meta":{"_acf_changed":false},"product_brand":[],"product_cat":[4242],"product_tag":[4394],"class_list":{"0":"post-118059","1":"product","2":"type-product","3":"status-publish","4":"has-post-thumbnail","6":"product_cat-sekretessfilter","7":"product_tag-antracitgra","8":"product_shipping_class-tunga-paket","9":"pa_brands-durable","10":"pa_farg-antracitgra","11":"tm-no-options","13":"first","14":"instock","15":"sale","16":"taxable","17":"shipping-taxable","18":"purchasable","19":"product-type-simple"},"acf":[],"_links":{"self":[{"href":"https:\/\/secureus.se\/es\/wp-json\/wp\/v2\/product\/118059","targetHints":{"allow":["GET"]}}],"collection":[{"href":"https:\/\/secureus.se\/es\/wp-json\/wp\/v2\/product"}],"about":[{"href":"https:\/\/secureus.se\/es\/wp-json\/wp\/v2\/types\/product"}],"wp:featuredmedia":[{"embeddable":true,"href":"https:\/\/secureus.se\/es\/wp-json\/wp\/v2\/media\/133508"}],"wp:attachment":[{"href":"https:\/\/secureus.se\/es\/wp-json\/wp\/v2\/media?parent=118059"}],"wp:term":[{"taxonomy":"product_brand","embeddable":true,"href":"https:\/\/secureus.se\/es\/wp-json\/wp\/v2\/product_brand?post=118059"},{"taxonomy":"product_cat","embeddable":true,"href":"https:\/\/secureus.se\/es\/wp-json\/wp\/v2\/product_cat?post=118059"},{"taxonomy":"product_tag","embeddable":true,"href":"https:\/\/secureus.se\/es\/wp-json\/wp\/v2\/product_tag?post=118059"}],"curies":[{"name":"wp","href":"https:\/\/api.w.org\/{rel}","templated":true}]}}