{"id":118067,"date":"2024-11-05T16:54:40","date_gmt":"2024-11-05T15:54:40","guid":{"rendered":"https:\/\/secureus.se\/?post_type=product&#038;p=118067"},"modified":"2026-01-12T12:01:54","modified_gmt":"2026-01-12T11:01:54","slug":"etiketthallare-sjalvhaftande-hard-cover-100x38-mm","status":"publish","type":"product","link":"https:\/\/secureus.se\/es\/etiketthallare-sjalvhaftande-hard-cover-100x38-mm\/","title":{"rendered":"Portaetiquetas autoadhesivo TAPA DURA 100\u00d738 mm"},"content":{"rendered":"<p>El etiquetado claro y conciso de estantes, armarios, puertas, palets, contenedores y otros espacios mejora y agiliza el proceso de trabajo en almacenes e instalaciones de producci\u00f3n. Los portaetiquetas autoadhesivos transparentes fabricados en pl\u00e1stico PET r\u00edgido se pueden leer con un esc\u00e1ner. Las etiquetas son f\u00e1ciles de cambiar porque los soportes est\u00e1n abiertos en la parte superior y en ambos lados y tambi\u00e9n tienen esquinas biseladas para facilitar el agarre de la etiqueta. Montado con tiras adhesivas que son removibles sin dejar residuos de adhesivo al retirarlas. Cada portaetiquetas est\u00e1 cubierto con una pel\u00edcula de pl\u00e1stico transparente que lo protege contra ara\u00f1azos durante el transporte y el almacenamiento. La pel\u00edcula protectora se quita f\u00e1cilmente cuando se va a utilizar el producto. Una plantilla gratuita para la etiqueta est\u00e1 disponible en www.duraprint.se.<br \/>\nDimensiones interiores: 100 x 38 mm (ancho x alto)<br \/>\n Dimensiones externas: 103 x 43 mm (ancho x alto)<br \/>\nAccesorios: Etiquetas en hojas A4, art. No. 102202<\/p>","protected":false},"excerpt":{"rendered":"<p>Portaetiquetas en pl\u00e1stico PET con tiras adhesivas autoadhesivas y removibles en la parte posterior. Para utilizar, por ejemplo, en bordes de estantes.<\/p>","protected":false},"featured_media":135694,"template":"","meta":{"_acf_changed":false},"product_brand":[],"product_cat":[4335],"product_tag":[4376],"class_list":{"0":"post-118067","1":"product","2":"type-product","3":"status-publish","4":"has-post-thumbnail","6":"product_cat-etiketthallare","7":"product_tag-transparent","8":"product_shipping_class-tunga-paket","9":"pa_brands-durable","10":"pa_farg-transparent","11":"tm-no-options","13":"first","14":"instock","15":"sale","16":"taxable","17":"shipping-taxable","18":"purchasable","19":"product-type-simple"},"acf":[],"_links":{"self":[{"href":"https:\/\/secureus.se\/es\/wp-json\/wp\/v2\/product\/118067","targetHints":{"allow":["GET"]}}],"collection":[{"href":"https:\/\/secureus.se\/es\/wp-json\/wp\/v2\/product"}],"about":[{"href":"https:\/\/secureus.se\/es\/wp-json\/wp\/v2\/types\/product"}],"wp:featuredmedia":[{"embeddable":true,"href":"https:\/\/secureus.se\/es\/wp-json\/wp\/v2\/media\/135694"}],"wp:attachment":[{"href":"https:\/\/secureus.se\/es\/wp-json\/wp\/v2\/media?parent=118067"}],"wp:term":[{"taxonomy":"product_brand","embeddable":true,"href":"https:\/\/secureus.se\/es\/wp-json\/wp\/v2\/product_brand?post=118067"},{"taxonomy":"product_cat","embeddable":true,"href":"https:\/\/secureus.se\/es\/wp-json\/wp\/v2\/product_cat?post=118067"},{"taxonomy":"product_tag","embeddable":true,"href":"https:\/\/secureus.se\/es\/wp-json\/wp\/v2\/product_tag?post=118067"}],"curies":[{"name":"wp","href":"https:\/\/api.w.org\/{rel}","templated":true}]}}