{"id":118223,"date":"2024-11-05T16:51:32","date_gmt":"2024-11-05T15:51:32","guid":{"rendered":"https:\/\/secureus.se\/?post_type=product&#038;p=118223"},"modified":"2026-01-12T12:23:02","modified_gmt":"2026-01-12T11:23:02","slug":"dokumentficka-a4-magnetisk-5-st-frp","status":"publish","type":"product","link":"https:\/\/secureus.se\/es\/dokumentficka-a4-magnetisk-5-st-frp\/","title":{"rendered":"Bolsillo para documentos A4 magn\u00e9tico, 5 unidades\/paquete"},"content":{"rendered":"<p>Bolsillo magn\u00e9tico para documentos fabricado en polipropileno para mostrar y proteger informaci\u00f3n temporal en ferias y eventos, tiendas y oficinas. Estable a los rayos UV durante hasta 2 a\u00f1os, puede soportar calor hasta aproximadamente 50\u00b0 y fr\u00edo hasta aproximadamente -10\u00b0.<br \/>\nColoque la l\u00e1mina protectora no reflectante, con tres bandas magn\u00e9ticas en la parte posterior, sobre el documento y m\u00f3ntela en una superficie met\u00e1lica. \u00a1Claro! M\u00e1s limpio y f\u00e1cil de manejar que, por ejemplo, la cinta adhesiva. Las tiras magn\u00e9ticas se pueden separar de la l\u00e1mina de pl\u00e1stico para que el material se pueda clasificar para reciclar en 50% cuando se deba desechar la bolsa.<br \/>\nPara documentos en formato A4, dimensiones interiores 298\u00d7211 mm. Dimensiones externas 323\u00d7236 mm.<br \/>\nColor: borde punteado gris<br \/>\nPaquete de 5 uds.<\/p>","protected":false},"excerpt":{"rendered":"<p>Marco insertable adhesivo magn\u00e9tico que enmarca y protege el inserto de la suciedad. Para informaci\u00f3n en formato A4, para ser expuesta en superficies lisas de interior.<\/p>","protected":false},"featured_media":137152,"template":"","meta":{"_acf_changed":false},"product_brand":[],"product_cat":[4296],"product_tag":[4394],"class_list":{"0":"post-118223","1":"product","2":"type-product","3":"status-publish","4":"has-post-thumbnail","6":"product_cat-inforamar-for-slata-ytor","7":"product_tag-antracitgra","8":"product_shipping_class-tunga-paket","9":"pa_brands-durable","10":"pa_farg-antracitgra","11":"tm-no-options","13":"first","14":"instock","15":"sale","16":"taxable","17":"shipping-taxable","18":"purchasable","19":"product-type-simple"},"acf":[],"_links":{"self":[{"href":"https:\/\/secureus.se\/es\/wp-json\/wp\/v2\/product\/118223","targetHints":{"allow":["GET"]}}],"collection":[{"href":"https:\/\/secureus.se\/es\/wp-json\/wp\/v2\/product"}],"about":[{"href":"https:\/\/secureus.se\/es\/wp-json\/wp\/v2\/types\/product"}],"wp:featuredmedia":[{"embeddable":true,"href":"https:\/\/secureus.se\/es\/wp-json\/wp\/v2\/media\/137152"}],"wp:attachment":[{"href":"https:\/\/secureus.se\/es\/wp-json\/wp\/v2\/media?parent=118223"}],"wp:term":[{"taxonomy":"product_brand","embeddable":true,"href":"https:\/\/secureus.se\/es\/wp-json\/wp\/v2\/product_brand?post=118223"},{"taxonomy":"product_cat","embeddable":true,"href":"https:\/\/secureus.se\/es\/wp-json\/wp\/v2\/product_cat?post=118223"},{"taxonomy":"product_tag","embeddable":true,"href":"https:\/\/secureus.se\/es\/wp-json\/wp\/v2\/product_tag?post=118223"}],"curies":[{"name":"wp","href":"https:\/\/api.w.org\/{rel}","templated":true}]}}