{"id":118231,"date":"2024-11-05T16:51:24","date_gmt":"2024-11-05T15:51:24","guid":{"rendered":"https:\/\/secureus.se\/?post_type=product&#038;p=118231"},"modified":"2026-01-12T12:55:59","modified_gmt":"2026-01-12T11:55:59","slug":"surfplattehallare-twist-table","status":"publish","type":"product","link":"https:\/\/secureus.se\/es\/surfplattehallare-twist-table\/","title":{"rendered":"Soporte para tableta TWIST TABLE"},"content":{"rendered":"<p>Un soporte para tableta hace que el uso de una tableta o un tel\u00e9fono m\u00f3vil sea m\u00e1s c\u00f3modo y ergon\u00f3mico, por ejemplo, como pantalla adicional en la oficina o al estudiar, en residencias de ancianos para mantenerse en contacto con los seres queridos, en casa para recetas, peri\u00f3dicos digitales y redes sociales. La serie TWIST tiene un soporte con almohadillas antideslizantes que mantienen el dispositivo en su lugar y lo protegen contra rayones. El soporte se adapta a tablets o tel\u00e9fonos m\u00f3viles como iPhone, iPad y Samsung desde 4,7\u2033 hasta 13\u2033 con un peso m\u00e1ximo de 1 kg y est\u00e1 fijado a una r\u00f3tula que puede girar 360\u00b0. Tambi\u00e9n hay una abertura para el cable de carga. La mesa TWIST tiene una altura de 37 cm y, gracias a una placa base redonda de 19 cm, se mantiene muy estable. Cuello de cisne resistente con ajuste continuo de altura y \u00e1ngulo de lectura que se detiene en la posici\u00f3n deseada. Fabricado con material reciclado 40% y es 100% reciclable al final de la vida \u00fatil del producto.<\/p>","protected":false},"excerpt":{"rendered":"<p>Soporte para tablet o m\u00f3vil 4,7-13\u2033. Soporte de mesa con cuello de cisne flexible y articulaci\u00f3n inclinable.<\/p>","protected":false},"featured_media":137164,"template":"","meta":{"_acf_changed":false},"product_brand":[],"product_cat":[4236],"product_tag":[4381],"class_list":{"0":"post-118231","1":"product","2":"type-product","3":"status-publish","4":"has-post-thumbnail","6":"product_cat-surfplattehallare","7":"product_tag-svart","8":"product_shipping_class-tunga-paket","9":"pa_brands-durable","10":"pa_farg-svart","11":"tm-no-options","13":"first","14":"instock","15":"sale","16":"taxable","17":"shipping-taxable","18":"purchasable","19":"product-type-simple"},"acf":[],"_links":{"self":[{"href":"https:\/\/secureus.se\/es\/wp-json\/wp\/v2\/product\/118231","targetHints":{"allow":["GET"]}}],"collection":[{"href":"https:\/\/secureus.se\/es\/wp-json\/wp\/v2\/product"}],"about":[{"href":"https:\/\/secureus.se\/es\/wp-json\/wp\/v2\/types\/product"}],"wp:featuredmedia":[{"embeddable":true,"href":"https:\/\/secureus.se\/es\/wp-json\/wp\/v2\/media\/137164"}],"wp:attachment":[{"href":"https:\/\/secureus.se\/es\/wp-json\/wp\/v2\/media?parent=118231"}],"wp:term":[{"taxonomy":"product_brand","embeddable":true,"href":"https:\/\/secureus.se\/es\/wp-json\/wp\/v2\/product_brand?post=118231"},{"taxonomy":"product_cat","embeddable":true,"href":"https:\/\/secureus.se\/es\/wp-json\/wp\/v2\/product_cat?post=118231"},{"taxonomy":"product_tag","embeddable":true,"href":"https:\/\/secureus.se\/es\/wp-json\/wp\/v2\/product_tag?post=118231"}],"curies":[{"name":"wp","href":"https:\/\/api.w.org\/{rel}","templated":true}]}}