{"id":118243,"date":"2024-11-05T17:19:16","date_gmt":"2024-11-05T16:19:16","guid":{"rendered":"https:\/\/secureus.se\/?post_type=product&#038;p=118243"},"modified":"2026-01-12T12:30:56","modified_gmt":"2026-01-12T11:30:56","slug":"sjalvhaftande-kabelhallarecavoline-clip-pro-2","status":"publish","type":"product","link":"https:\/\/secureus.se\/es\/sjalvhaftande-kabelhallarecavoline-clip-pro-2\/","title":{"rendered":"Portacables autoadhesivo CAVOLINE\u00ae CLIP PRO 2"},"content":{"rendered":"<p>Mantenga sus cables organizados con CAVOLINE\u00ae tanto en la oficina como en casa. Re\u00fane los cables para que se vea m\u00e1s ordenado y sea m\u00e1s f\u00e1cil de limpiar.<\/p>\n<p>Una abrazadera de cable robusta y de alta calidad para 1 cable de alimentaci\u00f3n (m\u00e1ximo 8 mm de di\u00e1metro) y 1 cable USB (m\u00e1ximo 5 mm de di\u00e1metro). Fabricado en pl\u00e1stico suave y flexible con una gran superficie autoadhesiva de fuerte adherencia. Se adhiere a superficies lisas y limpias. Dimensiones: 25 x 25 x 20 mm (ancho x alto x profundidad)<\/p>","protected":false},"excerpt":{"rendered":"<p>Abrazadera de cable autoadhesiva con gran superficie adhesiva. Para 2 cables.<\/p>","protected":false},"featured_media":135590,"template":"","meta":{"_acf_changed":false},"product_brand":[],"product_cat":[4287,4252],"product_tag":[4404],"class_list":{"0":"post-118243","1":"product","2":"type-product","3":"status-publish","4":"has-post-thumbnail","6":"product_cat-kabelsamlare","7":"product_cat-sjalvhaftande-fickor","8":"product_tag-grafitgra","9":"product_shipping_class-tunga-paket","10":"pa_brands-durable","11":"pa_farg-grafitgra","12":"tm-no-options","14":"first","15":"instock","16":"sale","17":"taxable","18":"shipping-taxable","19":"purchasable","20":"product-type-simple"},"acf":[],"_links":{"self":[{"href":"https:\/\/secureus.se\/es\/wp-json\/wp\/v2\/product\/118243","targetHints":{"allow":["GET"]}}],"collection":[{"href":"https:\/\/secureus.se\/es\/wp-json\/wp\/v2\/product"}],"about":[{"href":"https:\/\/secureus.se\/es\/wp-json\/wp\/v2\/types\/product"}],"wp:featuredmedia":[{"embeddable":true,"href":"https:\/\/secureus.se\/es\/wp-json\/wp\/v2\/media\/135590"}],"wp:attachment":[{"href":"https:\/\/secureus.se\/es\/wp-json\/wp\/v2\/media?parent=118243"}],"wp:term":[{"taxonomy":"product_brand","embeddable":true,"href":"https:\/\/secureus.se\/es\/wp-json\/wp\/v2\/product_brand?post=118243"},{"taxonomy":"product_cat","embeddable":true,"href":"https:\/\/secureus.se\/es\/wp-json\/wp\/v2\/product_cat?post=118243"},{"taxonomy":"product_tag","embeddable":true,"href":"https:\/\/secureus.se\/es\/wp-json\/wp\/v2\/product_tag?post=118243"}],"curies":[{"name":"wp","href":"https:\/\/api.w.org\/{rel}","templated":true}]}}