{"id":118293,"date":"2024-11-05T16:49:56","date_gmt":"2024-11-05T15:49:56","guid":{"rendered":"https:\/\/secureus.se\/?post_type=product&#038;p=118293"},"modified":"2026-01-12T12:32:35","modified_gmt":"2026-01-12T11:32:35","slug":"skarmstall-effect","status":"publish","type":"product","link":"https:\/\/secureus.se\/es\/skarmstall-effect\/","title":{"rendered":"Soporte de pantalla EFECTO"},"content":{"rendered":"<p>Un soporte de monitor coloca la pantalla de la computadora a una buena altura ergon\u00f3mica: el borde superior de la pantalla debe estar al nivel de los ojos o justo debajo, lo que hace que la mirada caiga en diagonal hacia abajo y proporciona descanso a los ojos. El soporte libera espacio en la mesa, combinado con un caj\u00f3n para guardar bol\u00edgrafos, documentos, cables, etc., el escritorio se mantiene ordenado. La serie EFFECT, de la que forma parte este soporte, est\u00e1 fabricada en gran parte con un material de fieltro suave, duradero y que absorbe el sonido. La manta est\u00e1 hecha de pl\u00e1stico PET, del cual 60% est\u00e1 hecho de pl\u00e1stico PET recolectado y reciclado (rPET). Los productos de la serie son 100% reciclables y est\u00e1n empaquetados de forma sostenible con materiales que ahorran recursos y no utilizan pl\u00e1stico. El estante de metal se puede colocar a tres alturas diferentes, 9-12-15 cm, utilizando dos soportes, sin necesidad de atornillar ni pegar engorrosos. Apertura para cable de carga. El soporte es estable y tiene una carga m\u00e1xima de 10 kg. Dimensiones: 49,6 x 16,2 x 26 cm (ancho x alto x profundidad)<br \/>\nAccesorios: Caja EFFECT, art\u00edculo n.\u00ba 508201<\/p>","protected":false},"excerpt":{"rendered":"<p>Soporte de monitor ajustable en altura para una posici\u00f3n de trabajo m\u00e1s ergon\u00f3mica y un escritorio ordenado. <\/p>","protected":false},"featured_media":136184,"template":"","meta":{"_acf_changed":false},"product_brand":[],"product_cat":[4243],"product_tag":[4390],"class_list":{"0":"post-118293","1":"product","2":"type-product","3":"status-publish","4":"has-post-thumbnail","6":"product_cat-skarmhallare","7":"product_tag-morkgra","8":"product_shipping_class-tunga-paket","9":"pa_brands-durable","10":"pa_farg-morkgra","11":"tm-no-options","13":"first","14":"instock","15":"sale","16":"taxable","17":"shipping-taxable","18":"purchasable","19":"product-type-simple"},"acf":[],"_links":{"self":[{"href":"https:\/\/secureus.se\/es\/wp-json\/wp\/v2\/product\/118293","targetHints":{"allow":["GET"]}}],"collection":[{"href":"https:\/\/secureus.se\/es\/wp-json\/wp\/v2\/product"}],"about":[{"href":"https:\/\/secureus.se\/es\/wp-json\/wp\/v2\/types\/product"}],"wp:featuredmedia":[{"embeddable":true,"href":"https:\/\/secureus.se\/es\/wp-json\/wp\/v2\/media\/136184"}],"wp:attachment":[{"href":"https:\/\/secureus.se\/es\/wp-json\/wp\/v2\/media?parent=118293"}],"wp:term":[{"taxonomy":"product_brand","embeddable":true,"href":"https:\/\/secureus.se\/es\/wp-json\/wp\/v2\/product_brand?post=118293"},{"taxonomy":"product_cat","embeddable":true,"href":"https:\/\/secureus.se\/es\/wp-json\/wp\/v2\/product_cat?post=118293"},{"taxonomy":"product_tag","embeddable":true,"href":"https:\/\/secureus.se\/es\/wp-json\/wp\/v2\/product_tag?post=118293"}],"curies":[{"name":"wp","href":"https:\/\/api.w.org\/{rel}","templated":true}]}}