{"id":118295,"date":"2024-11-05T17:15:32","date_gmt":"2024-11-05T16:15:32","guid":{"rendered":"https:\/\/secureus.se\/?post_type=product&#038;p=118295"},"modified":"2026-01-12T12:30:07","modified_gmt":"2026-01-12T11:30:07","slug":"sladdgomma-cavoline-box-s-2","status":"publish","type":"product","link":"https:\/\/secureus.se\/es\/sladdgomma-cavoline-box-s-2\/","title":{"rendered":"Gesti\u00f3n de cables CAVOLINE\u00ae BOX S"},"content":{"rendered":"<p>Mantenga sus cables organizados con CAVOLINE\u00ae tanto en la oficina como en casa. Re\u00fane los cables para que se vea m\u00e1s ordenado y sea m\u00e1s f\u00e1cil de limpiar. <\/p>\n<p>Elegante caja de cables de pl\u00e1stico ign\u00edfugo para cables y regleta de 5 enchufes<br \/>\n. Aberturas cubiertas de goma para cables en ambos lados cortos. Las aberturas tambi\u00e9n funcionan como orificios de ventilaci\u00f3n. Tapa con pr\u00e1ctica entrada de cable para el cable de carga del tel\u00e9fono m\u00f3vil. Las grandes patas de goma garantizan que el ocultador de cables se mantenga firme.<br \/>\n. Dimensiones: 246 x 116 x 128 mm (ancho x alto x profundidad)<\/p>","protected":false},"excerpt":{"rendered":"<p>Caja de cables de alta calidad, fabricada en pl\u00e1stico ign\u00edfugo. <\/p>","protected":false},"featured_media":136028,"template":"","meta":{"_acf_changed":false},"product_brand":[],"product_cat":[4287],"product_tag":[4404],"class_list":{"0":"post-118295","1":"product","2":"type-product","3":"status-publish","4":"has-post-thumbnail","6":"product_cat-kabelsamlare","7":"product_tag-grafitgra","8":"product_shipping_class-tunga-paket","9":"pa_brands-durable","10":"pa_farg-grafitgra","11":"tm-no-options","13":"first","14":"instock","15":"sale","16":"taxable","17":"shipping-taxable","18":"purchasable","19":"product-type-simple"},"acf":[],"_links":{"self":[{"href":"https:\/\/secureus.se\/es\/wp-json\/wp\/v2\/product\/118295","targetHints":{"allow":["GET"]}}],"collection":[{"href":"https:\/\/secureus.se\/es\/wp-json\/wp\/v2\/product"}],"about":[{"href":"https:\/\/secureus.se\/es\/wp-json\/wp\/v2\/types\/product"}],"wp:featuredmedia":[{"embeddable":true,"href":"https:\/\/secureus.se\/es\/wp-json\/wp\/v2\/media\/136028"}],"wp:attachment":[{"href":"https:\/\/secureus.se\/es\/wp-json\/wp\/v2\/media?parent=118295"}],"wp:term":[{"taxonomy":"product_brand","embeddable":true,"href":"https:\/\/secureus.se\/es\/wp-json\/wp\/v2\/product_brand?post=118295"},{"taxonomy":"product_cat","embeddable":true,"href":"https:\/\/secureus.se\/es\/wp-json\/wp\/v2\/product_cat?post=118295"},{"taxonomy":"product_tag","embeddable":true,"href":"https:\/\/secureus.se\/es\/wp-json\/wp\/v2\/product_tag?post=118295"}],"curies":[{"name":"wp","href":"https:\/\/api.w.org\/{rel}","templated":true}]}}