{"id":118300,"date":"2024-11-05T16:49:23","date_gmt":"2024-11-05T15:49:23","guid":{"rendered":"https:\/\/secureus.se\/?post_type=product&#038;p=118300"},"modified":"2026-01-12T12:29:33","modified_gmt":"2026-01-12T11:29:33","slug":"snappram-aluminium-a1","status":"publish","type":"product","link":"https:\/\/secureus.se\/es\/snappram-aluminium-a1\/","title":{"rendered":"Marco a presi\u00f3n de aluminio A1"},"content":{"rendered":"<p>Los marcos a presi\u00f3n cl\u00e1sicos son \u00fatiles, por ejemplo, en gimnasios, oficinas, hoteles, ferias comerciales y tiendas para mostrar de forma ordenada informaci\u00f3n que necesita reemplazarse ocasionalmente. Cambie el inserto plegando los 4 perfiles laterales y quitando el frente de pl\u00e1stico antirreflejo y resistente a los rayos UV que protege el inserto. El marco est\u00e1 hecho de un perfil de aluminio anodizado de 25 mm de ancho, lo que hace que la superficie de aluminio sea m\u00e1s duradera. La parte posterior del marco de clic est\u00e1 hecha de poliestireno duradero. Orificios ocultos para los tornillos y tacos incluidos y 4 tiras autoadhesivas incluidas, para montaje en pared opcional en formato vertical u horizontal.<br \/>\nDimensiones externas: 660 x 900 x 12 mm, alto x ancho x profundidad<br \/>\nDimensiones internas: 630 x 870 mm, alto x ancho<\/p>","protected":false},"excerpt":{"rendered":"<p>Marco a presi\u00f3n con perfil de aluminio de 25 mm, para insertos en formato A1<\/p>","protected":false},"featured_media":136226,"template":"","meta":{"_acf_changed":false},"product_brand":[],"product_cat":[4336],"product_tag":[4382],"class_list":{"0":"post-118300","1":"product","2":"type-product","3":"status-publish","4":"has-post-thumbnail","6":"product_cat-snappram","7":"product_tag-silver","8":"product_shipping_class-tunga-paket","9":"pa_brands-durable","10":"pa_farg-silver","11":"tm-no-options","13":"first","14":"instock","15":"sale","16":"taxable","17":"shipping-taxable","18":"purchasable","19":"product-type-simple"},"acf":[],"_links":{"self":[{"href":"https:\/\/secureus.se\/es\/wp-json\/wp\/v2\/product\/118300","targetHints":{"allow":["GET"]}}],"collection":[{"href":"https:\/\/secureus.se\/es\/wp-json\/wp\/v2\/product"}],"about":[{"href":"https:\/\/secureus.se\/es\/wp-json\/wp\/v2\/types\/product"}],"wp:featuredmedia":[{"embeddable":true,"href":"https:\/\/secureus.se\/es\/wp-json\/wp\/v2\/media\/136226"}],"wp:attachment":[{"href":"https:\/\/secureus.se\/es\/wp-json\/wp\/v2\/media?parent=118300"}],"wp:term":[{"taxonomy":"product_brand","embeddable":true,"href":"https:\/\/secureus.se\/es\/wp-json\/wp\/v2\/product_brand?post=118300"},{"taxonomy":"product_cat","embeddable":true,"href":"https:\/\/secureus.se\/es\/wp-json\/wp\/v2\/product_cat?post=118300"},{"taxonomy":"product_tag","embeddable":true,"href":"https:\/\/secureus.se\/es\/wp-json\/wp\/v2\/product_tag?post=118300"}],"curies":[{"name":"wp","href":"https:\/\/api.w.org\/{rel}","templated":true}]}}