{"id":118350,"date":"2024-11-05T17:14:40","date_gmt":"2024-11-05T16:14:40","guid":{"rendered":"https:\/\/secureus.se\/?post_type=product&#038;p=118350"},"modified":"2026-01-12T12:27:49","modified_gmt":"2026-01-12T11:27:49","slug":"symbolskylt-wc-dam","status":"publish","type":"product","link":"https:\/\/secureus.se\/es\/symbolskylt-wc-dam\/","title":{"rendered":"S\u00edmbolo del ba\u00f1o de damas"},"content":{"rendered":"<p>Pictogramas: se\u00f1ales visuales con im\u00e1genes que ayudan a los visitantes a orientarse e informarse a distancia e incluso si no conocen el idioma. Elegante cartel fabricado en acero inoxidable cepillado y resistente a los ara\u00f1azos. Configuraci\u00f3n con almohadillas de montaje incluidas. Se\u00f1alizaci\u00f3n de ba\u00f1o de mujeres redonda con un di\u00e1metro de 83 mm.<\/p>","protected":false},"excerpt":{"rendered":"<p>Se\u00f1al con s\u00edmbolo redondo para ba\u00f1o de mujeres<\/p>","protected":false},"featured_media":136474,"template":"","meta":{"_acf_changed":false},"product_brand":[],"product_cat":[4262],"product_tag":[4382],"class_list":{"0":"post-118350","1":"product","2":"type-product","3":"status-publish","4":"has-post-thumbnail","6":"product_cat-dorrskyltar-symbolskyltar","7":"product_tag-silver","8":"product_shipping_class-tunga-paket","9":"pa_brands-durable","10":"pa_farg-silver","11":"tm-no-options","13":"first","14":"instock","15":"sale","16":"taxable","17":"shipping-taxable","18":"purchasable","19":"product-type-simple"},"acf":[],"_links":{"self":[{"href":"https:\/\/secureus.se\/es\/wp-json\/wp\/v2\/product\/118350","targetHints":{"allow":["GET"]}}],"collection":[{"href":"https:\/\/secureus.se\/es\/wp-json\/wp\/v2\/product"}],"about":[{"href":"https:\/\/secureus.se\/es\/wp-json\/wp\/v2\/types\/product"}],"wp:featuredmedia":[{"embeddable":true,"href":"https:\/\/secureus.se\/es\/wp-json\/wp\/v2\/media\/136474"}],"wp:attachment":[{"href":"https:\/\/secureus.se\/es\/wp-json\/wp\/v2\/media?parent=118350"}],"wp:term":[{"taxonomy":"product_brand","embeddable":true,"href":"https:\/\/secureus.se\/es\/wp-json\/wp\/v2\/product_brand?post=118350"},{"taxonomy":"product_cat","embeddable":true,"href":"https:\/\/secureus.se\/es\/wp-json\/wp\/v2\/product_cat?post=118350"},{"taxonomy":"product_tag","embeddable":true,"href":"https:\/\/secureus.se\/es\/wp-json\/wp\/v2\/product_tag?post=118350"}],"curies":[{"name":"wp","href":"https:\/\/api.w.org\/{rel}","templated":true}]}}