{"id":118415,"date":"2024-11-05T17:13:35","date_gmt":"2024-11-05T16:13:35","guid":{"rendered":"https:\/\/secureus.se\/?post_type=product&#038;p=118415"},"modified":"2026-01-12T12:53:51","modified_gmt":"2026-01-12T11:53:51","slug":"tablet-holder-table-clamp","status":"publish","type":"product","link":"https:\/\/secureus.se\/es\/tablet-holder-table-clamp\/","title":{"rendered":"ABRAZADERA DE MESA PARA SOPORTE DE TABLETA"},"content":{"rendered":"<p>Soporte para tablet de dise\u00f1o elegante y funcional para tablets de tama\u00f1os 7\u2033-13\u2033 (160-275 mm) con brazo articulado y soporte para fijaci\u00f3n a mesa o encimera, que libera espacio en el escritorio. El soporte vertical tiene una altura de 295 mm y se puede fijar a tableros de mesa de hasta 40 mm de espesor. El soporte, con superficies recubiertas de goma que protegen la tableta de ara\u00f1azos y da\u00f1os, se puede girar 360\u00b0 con cuatro posiciones de tope cada 90\u00b0, para su uso en formato vertical u horizontal. Adem\u00e1s, es muy f\u00e1cil de adaptar a tus necesidades gracias a que puede inclinarse continuamente hacia arriba y hacia abajo desde -6\u00b0 a + 46\u00b0 y girar 170\u00b0 a la derecha y a la izquierda. La tableta es f\u00e1cil de insertar y quitar del soporte, que est\u00e1 bloqueado con una llave especial para evitar robos. El cable de carga se conecta a trav\u00e9s de una abertura en el soporte. El brazo puede girar 180\u00b0 lateralmente y extenderse hasta 365 mm.<br \/>\nPeso m\u00e1ximo de la tableta 1 kg.<br \/>\nMaterial: chapa, aluminio, pl\u00e1stico ABS.<br \/>\nDimensiones: 100 x 440 x 210 mm (ancho x alto x profundidad)<\/p>","protected":false},"excerpt":{"rendered":"<p>Soporte para tableta. Con soporte de mesa y brazo articulado para montar en un escritorio, por ejemplo.<\/p>","protected":false},"featured_media":135743,"template":"","meta":{"_acf_changed":false},"product_brand":[],"product_cat":[4236],"product_tag":[4382],"class_list":{"0":"post-118415","1":"product","2":"type-product","3":"status-publish","4":"has-post-thumbnail","6":"product_cat-surfplattehallare","7":"product_tag-silver","8":"product_shipping_class-tunga-paket","9":"pa_brands-durable","10":"pa_farg-silver","11":"tm-no-options","13":"first","14":"instock","15":"sale","16":"taxable","17":"shipping-taxable","18":"purchasable","19":"product-type-simple"},"acf":[],"_links":{"self":[{"href":"https:\/\/secureus.se\/es\/wp-json\/wp\/v2\/product\/118415","targetHints":{"allow":["GET"]}}],"collection":[{"href":"https:\/\/secureus.se\/es\/wp-json\/wp\/v2\/product"}],"about":[{"href":"https:\/\/secureus.se\/es\/wp-json\/wp\/v2\/types\/product"}],"wp:featuredmedia":[{"embeddable":true,"href":"https:\/\/secureus.se\/es\/wp-json\/wp\/v2\/media\/135743"}],"wp:attachment":[{"href":"https:\/\/secureus.se\/es\/wp-json\/wp\/v2\/media?parent=118415"}],"wp:term":[{"taxonomy":"product_brand","embeddable":true,"href":"https:\/\/secureus.se\/es\/wp-json\/wp\/v2\/product_brand?post=118415"},{"taxonomy":"product_cat","embeddable":true,"href":"https:\/\/secureus.se\/es\/wp-json\/wp\/v2\/product_cat?post=118415"},{"taxonomy":"product_tag","embeddable":true,"href":"https:\/\/secureus.se\/es\/wp-json\/wp\/v2\/product_tag?post=118415"}],"curies":[{"name":"wp","href":"https:\/\/api.w.org\/{rel}","templated":true}]}}