{"id":118424,"date":"2024-11-05T17:13:01","date_gmt":"2024-11-05T16:13:01","guid":{"rendered":"https:\/\/secureus.se\/?post_type=product&#038;p=118424"},"modified":"2026-01-12T12:54:39","modified_gmt":"2026-01-12T11:54:39","slug":"tablet-holder-wall-pro","status":"publish","type":"product","link":"https:\/\/secureus.se\/es\/tablet-holder-wall-pro\/","title":{"rendered":"SOPORTE PARA TABLETA DE PARED PRO"},"content":{"rendered":"<p>Soporte de pared para tabletas con un dise\u00f1o elegante y funcional para tabletas de tama\u00f1os de 7\u2033 a 13\u2033 (160- 275 mm). Para uso interactivo, por ejemplo, en instalaciones de producci\u00f3n, pero tambi\u00e9n para uso dom\u00e9stico. El brazo tiene un ajuste de \u00e1ngulo continuo de 0\u00b0 a 88\u00b0. El soporte, con superficies recubiertas de goma que protegen la tableta de ara\u00f1azos y da\u00f1os, se puede girar 360\u00b0 con cuatro posiciones de tope cada 90\u00b0, para su uso en formato vertical u horizontal. La tableta es f\u00e1cil de insertar y quitar del soporte, que est\u00e1 bloqueado con una llave especial para evitar robos. El cable de carga se conecta a trav\u00e9s de una abertura en el soporte. Soporte de pared f\u00e1cil de montar, resistente y seguro, incluye tornillos y tacos.<br \/>\nPeso m\u00e1ximo de la tableta 1 kg.<br \/>\nMaterial: chapa, aluminio, pl\u00e1stico ABS.<br \/>\nDimensiones: 80 x 65 x 270 mm (ancho x alto x profundidad)<\/p>","protected":false},"excerpt":{"rendered":"<p>Soporte para tableta. Soporte de pared para uso interactivo de una tableta, por ejemplo, en instalaciones de producci\u00f3n.<\/p>","protected":false},"featured_media":135379,"template":"","meta":{"_acf_changed":false},"product_brand":[],"product_cat":[4236],"product_tag":[4382],"class_list":{"0":"post-118424","1":"product","2":"type-product","3":"status-publish","4":"has-post-thumbnail","6":"product_cat-surfplattehallare","7":"product_tag-silver","8":"product_shipping_class-tunga-paket","9":"pa_brands-durable","10":"pa_farg-silver","11":"tm-no-options","13":"first","14":"instock","15":"sale","16":"taxable","17":"shipping-taxable","18":"purchasable","19":"product-type-simple"},"acf":[],"_links":{"self":[{"href":"https:\/\/secureus.se\/es\/wp-json\/wp\/v2\/product\/118424","targetHints":{"allow":["GET"]}}],"collection":[{"href":"https:\/\/secureus.se\/es\/wp-json\/wp\/v2\/product"}],"about":[{"href":"https:\/\/secureus.se\/es\/wp-json\/wp\/v2\/types\/product"}],"wp:featuredmedia":[{"embeddable":true,"href":"https:\/\/secureus.se\/es\/wp-json\/wp\/v2\/media\/135379"}],"wp:attachment":[{"href":"https:\/\/secureus.se\/es\/wp-json\/wp\/v2\/media?parent=118424"}],"wp:term":[{"taxonomy":"product_brand","embeddable":true,"href":"https:\/\/secureus.se\/es\/wp-json\/wp\/v2\/product_brand?post=118424"},{"taxonomy":"product_cat","embeddable":true,"href":"https:\/\/secureus.se\/es\/wp-json\/wp\/v2\/product_cat?post=118424"},{"taxonomy":"product_tag","embeddable":true,"href":"https:\/\/secureus.se\/es\/wp-json\/wp\/v2\/product_tag?post=118424"}],"curies":[{"name":"wp","href":"https:\/\/api.w.org\/{rel}","templated":true}]}}