{"id":118755,"date":"2024-11-15T09:34:07","date_gmt":"2024-11-15T08:34:07","guid":{"rendered":"https:\/\/secureus.se\/rwc-set-u-trafo\/"},"modified":"2026-04-08T16:58:57","modified_gmt":"2026-04-08T14:58:57","slug":"rwc-set-u-trafo","status":"publish","type":"product","link":"https:\/\/secureus.se\/es\/rwc-set-u-trafo\/","title":{"rendered":"RWC-SET ABB \u2013 Sin transformador"},"content":{"rendered":"<p>Conjunto RWC SAGA para ba\u00f1os accesibles, contiene una unidad de control FEH2001, un pulsador de se\u00f1alizaci\u00f3n con cable FAP3002, un FAP2001 y un FAP1012 (donde un pulsador es para llamada y el otro para anular la alarma). Todas las unidades est\u00e1n equipadas con marcos de cubierta SAGA. El manual est\u00e1 incluido en el paquete. En los marcos se utiliza pl\u00e1stico biocircular.<\/p>\n<ul class=\"\">\n<li><a class=\"produkt-slide-bild produkt-bild-fil\" href=\"https:\/\/new.abb.com\/low-voltage\/sv\/produkter\/installationsprodukter\/stromstallare\/saga\" target=\"_blank\" rel=\"noopener\">\u00a0Enlace a la p\u00e1gina del producto<\/a><\/li>\n<li><a class=\"produkt-slide-bild produkt-bild-fil\" href=\"https:\/\/search.abb.com\/library\/Download.aspx?DocumentID=9AKK108468A7931&amp;LanguageCode=en&amp;DocumentPartId=&amp;Action=Launch\" target=\"_blank\" rel=\"noopener\"><i class=\"fa fa-file-o\"><\/i>\u00a0An\u00e1lisis del ciclo de vida (EPD\/PEP)<\/a><\/li>\n<li><a class=\"produkt-slide-bild produkt-bild-fil\" href=\"https:\/\/new.abb.com\/products\/2TKA00004979?printout\" target=\"_blank\" rel=\"noopener\"><i class=\"fa fa-file-o\"><\/i>\u00a0Ficha t\u00e9cnica del producto<\/a><\/li>\n<li><a class=\"produkt-slide-bild produkt-bild-fil\" href=\"https:\/\/search.abb.com\/library\/Download.aspx?DocumentID=9AKK107045A8158&amp;LanguageCode=en&amp;LanguageCode=sv&amp;DocumentPartId=&amp;Action=Launch\" target=\"_blank\" rel=\"noopener\"><i class=\"fa fa-file-o\"><\/i>\u00a0Instrucciones de montaje<\/a><\/li>\n<li><a class=\"produkt-slide-bild produkt-bild-fil\" href=\"https:\/\/search.abb.com\/library\/Download.aspx?DocumentID=9AKK106713A4633&amp;LanguageCode=en&amp;DocumentPartId=&amp;Action=Launch\" target=\"_blank\" rel=\"noopener\"><i class=\"fa fa-file-o\"><\/i>\u00a0Enlace REACH<\/a><\/li>\n<\/ul>","protected":false},"excerpt":{"rendered":"<p>Alarma RWC completa de ABB<\/p>","protected":false},"featured_media":134954,"template":"","meta":{"_acf_changed":false},"product_brand":[],"product_cat":[1606],"product_tag":[],"class_list":{"0":"post-118755","1":"product","2":"type-product","3":"status-publish","4":"has-post-thumbnail","6":"product_cat-rwc-larm","7":"pa_brands-abb","8":"pa_farg-vit","9":"tm-no-options","11":"first","12":"outofstock","13":"sale","14":"taxable","15":"shipping-taxable","16":"purchasable","17":"product-type-simple"},"acf":[],"_links":{"self":[{"href":"https:\/\/secureus.se\/es\/wp-json\/wp\/v2\/product\/118755","targetHints":{"allow":["GET"]}}],"collection":[{"href":"https:\/\/secureus.se\/es\/wp-json\/wp\/v2\/product"}],"about":[{"href":"https:\/\/secureus.se\/es\/wp-json\/wp\/v2\/types\/product"}],"wp:featuredmedia":[{"embeddable":true,"href":"https:\/\/secureus.se\/es\/wp-json\/wp\/v2\/media\/134954"}],"wp:attachment":[{"href":"https:\/\/secureus.se\/es\/wp-json\/wp\/v2\/media?parent=118755"}],"wp:term":[{"taxonomy":"product_brand","embeddable":true,"href":"https:\/\/secureus.se\/es\/wp-json\/wp\/v2\/product_brand?post=118755"},{"taxonomy":"product_cat","embeddable":true,"href":"https:\/\/secureus.se\/es\/wp-json\/wp\/v2\/product_cat?post=118755"},{"taxonomy":"product_tag","embeddable":true,"href":"https:\/\/secureus.se\/es\/wp-json\/wp\/v2\/product_tag?post=118755"}],"curies":[{"name":"wp","href":"https:\/\/api.w.org\/{rel}","templated":true}]}}