{"id":119772,"date":"2024-11-18T10:16:09","date_gmt":"2024-11-18T09:16:09","guid":{"rendered":"https:\/\/secureus.se\/nyckelband-10mm-rod-metallklamma-100-pack\/"},"modified":"2025-12-31T21:43:20","modified_gmt":"2025-12-31T20:43:20","slug":"nyckelband-10mm-rod-metallklamma-100-pack","status":"publish","type":"product","link":"https:\/\/secureus.se\/es\/nyckelband-10mm-rod-metallklamma-100-pack\/","title":{"rendered":"Cord\u00f3n rojo de 10 mm con cierre de mosquet\u00f3n met\u00e1lico y hebilla de seguridad (paquete de 100)"},"content":{"rendered":"<p>Estos cordones rojos de 10 mm de ancho son una combinaci\u00f3n ideal de durabilidad y uso pr\u00e1ctico. Fabricados con material PET reciclado duradero, son ecol\u00f3gicos y funcionales. Con una longitud est\u00e1ndar de 90 cm (longitud de ca\u00edda de 45 cm) y una hebilla de seguridad para una extracci\u00f3n f\u00e1cil y segura, son ideales para lugares de trabajo, eventos y escuelas.<\/p>\n<ul>\n<li><strong>Material sostenible:<\/strong> Material PET reciclado para un uso respetuoso con el medio ambiente.<\/li>\n<li><strong>Cierre de langosta de metal:<\/strong> Proporciona una fijaci\u00f3n segura para tarjetas de identificaci\u00f3n, llaveros o memorias USB.<\/li>\n<li><strong>Hebilla de seguridad:<\/strong> F\u00e1cil de desmontar si es necesario.<\/li>\n<li><strong>Versatilidad:<\/strong> Perfecto para tarjetas de identificaci\u00f3n, tarjetas de visita, llaveros, memorias USB y tel\u00e9fonos m\u00f3viles.<\/li>\n<li><strong>Opciones de color:<\/strong> Disponible en varios colores, incluidos negro, azul, verde, naranja, rosa, rojo, blanco y amarillo.<\/li>\n<\/ul>\n<p><strong>Presupuesto:<\/strong><\/p>\n<ul>\n<li><strong>Ancho:<\/strong> 10 mm<\/li>\n<li><strong>Longitud:<\/strong> 90 cm (45 cm de largo del dobladillo)<\/li>\n<li><strong>Material:<\/strong> Material PET reciclado<\/li>\n<li><strong>Embalaje:<\/strong> 100 piezas por paquete<\/li>\n<\/ul>\n<p>Estos cordones rojos son elegantes y pr\u00e1cticos, lo que los convierte en una excelente opci\u00f3n para cualquier ocasi\u00f3n en la que se necesiten credenciales de identificaci\u00f3n o de acceso. Perfecto para empresas y organizadores que quieran combinar la calidad con la conciencia medioambiental.<\/p>","protected":false},"excerpt":{"rendered":"<p>Cordones rojos duraderos en material PET reciclado de 10 mm con cierre de mosquet\u00f3n met\u00e1lico y hebilla de seguridad. Perfecto para tarjetas de identificaci\u00f3n, llaveros y memorias USB. Se vende en paquetes de 100.<\/p>","protected":false},"featured_media":134751,"template":"","meta":{"_acf_changed":false},"product_brand":[],"product_cat":[1875],"product_tag":[4348,4358],"class_list":{"0":"post-119772","1":"product","2":"type-product","3":"status-publish","4":"has-post-thumbnail","6":"product_cat-nyckelband","7":"product_tag-10mm","8":"product_tag-roda-nyckelband","9":"product_shipping_class-tunga-paket","10":"pa_brands-stonehouse-security","11":"pa_farg-svart","12":"pa_farg-nyckelband-svart","13":"pa_rfid-tillbehor-nyckelband-halsband","14":"tm-no-options","16":"first","17":"instock","18":"sale","19":"featured","20":"taxable","21":"shipping-taxable","22":"purchasable","23":"product-type-simple"},"acf":[],"_links":{"self":[{"href":"https:\/\/secureus.se\/es\/wp-json\/wp\/v2\/product\/119772","targetHints":{"allow":["GET"]}}],"collection":[{"href":"https:\/\/secureus.se\/es\/wp-json\/wp\/v2\/product"}],"about":[{"href":"https:\/\/secureus.se\/es\/wp-json\/wp\/v2\/types\/product"}],"wp:featuredmedia":[{"embeddable":true,"href":"https:\/\/secureus.se\/es\/wp-json\/wp\/v2\/media\/134751"}],"wp:attachment":[{"href":"https:\/\/secureus.se\/es\/wp-json\/wp\/v2\/media?parent=119772"}],"wp:term":[{"taxonomy":"product_brand","embeddable":true,"href":"https:\/\/secureus.se\/es\/wp-json\/wp\/v2\/product_brand?post=119772"},{"taxonomy":"product_cat","embeddable":true,"href":"https:\/\/secureus.se\/es\/wp-json\/wp\/v2\/product_cat?post=119772"},{"taxonomy":"product_tag","embeddable":true,"href":"https:\/\/secureus.se\/es\/wp-json\/wp\/v2\/product_tag?post=119772"}],"curies":[{"name":"wp","href":"https:\/\/api.w.org\/{rel}","templated":true}]}}