{"id":120155,"date":"2024-11-21T10:54:34","date_gmt":"2024-11-21T09:54:34","guid":{"rendered":"https:\/\/secureus.se\/?post_type=product&#038;p=120155"},"modified":"2026-04-02T18:38:14","modified_gmt":"2026-04-02T16:38:14","slug":"sim-kort-till-larm-100mb-manad-12-manader","status":"publish","type":"product","link":"https:\/\/secureus.se\/es\/sim-kort-till-larm-100mb-manad-12-manader\/","title":{"rendered":"Tarjeta SIM para Alarma \u2013 100 MB\/mes \u2013 12 meses"},"content":{"rendered":"<h1 data-start=\"804\" data-end=\"856\">Tarjeta SIM IoT para Alarmas - 100MB\/mes - 12 meses<\/h1>\n<p data-start=\"857\" data-end=\"922\"><strong data-start=\"857\" data-end=\"922\">Conexi\u00f3n profesional y segura para alarmas y transmisores de alarma.<\/strong><\/p>\n<hr data-start=\"924\" data-end=\"927\" \/>\n<h3 data-start=\"929\" data-end=\"987\"><strong data-start=\"933\" data-end=\"985\">Comunicaci\u00f3n fiable cuando m\u00e1s importa<\/strong><\/h3>\n<p data-start=\"988\" data-end=\"1226\">Esta tarjeta SIM IoT est\u00e1 dise\u00f1ada espec\u00edficamente para aplicaciones cr\u00edticas de seguridad, como alarmas y transmisores de alarma. Con tr\u00e1fico priorizado a trav\u00e9s de la red de Tele2 y un APN privado, obtendr\u00e1 una conexi\u00f3n estable, segura y r\u00e1pida, incluso con una carga de red elevada.<\/p>\n<p data-start=\"1228\" data-end=\"1369\">Ideal para <strong data-start=\"1247\" data-end=\"1255\">Ajax<\/strong> y otros sistemas de alarma avanzados, tanto como conexi\u00f3n principal como de reserva en caso de que se caiga su Internet fija.<\/p>\n<hr data-start=\"1371\" data-end=\"1374\" \/>\n<h3 data-start=\"1376\" data-end=\"1411\"><strong data-start=\"1380\" data-end=\"1409\">Ventajas de nuestra SIM IoT<\/strong><\/h3>\n<ul data-start=\"1412\" data-end=\"1816\">\n<li data-start=\"1412\" data-end=\"1473\">\n<p data-start=\"1414\" data-end=\"1473\"><strong data-start=\"1414\" data-end=\"1430\">100 MB\/mes<\/strong> - suficiente para la mayor\u00eda de los sistemas de alarma.<\/p>\n<\/li>\n<li data-start=\"1474\" data-end=\"1549\">\n<p data-start=\"1476\" data-end=\"1549\"><strong data-start=\"1476\" data-end=\"1502\">Tr\u00e1fico de datos prioritario<\/strong> - conexi\u00f3n estable incluso con mucha carga.<\/p>\n<\/li>\n<li data-start=\"1550\" data-end=\"1638\">\n<p data-start=\"1552\" data-end=\"1638\"><strong data-start=\"1552\" data-end=\"1566\">APN privado<\/strong> - seguridad adicional y conectividad dedicada a trav\u00e9s de <code data-start=\"1613\" data-end=\"1635\">stonehouse.tele2.com<\/code>.<\/p>\n<\/li>\n<li data-start=\"1639\" data-end=\"1740\">\n<p data-start=\"1641\" data-end=\"1740\"><strong data-start=\"1641\" data-end=\"1664\">Soluci\u00f3n de red flexible<\/strong> - est\u00e1ndar a trav\u00e9s de Tele2, pero se cambia autom\u00e1ticamente al mejor operador\/m\u00e1stil de su zona.<\/p>\n<\/li>\n<li data-start=\"1741\" data-end=\"1816\">\n<p data-start=\"1743\" data-end=\"1816\"><strong data-start=\"1743\" data-end=\"1760\">Control total<\/strong> - gestionar y renovar su suscripci\u00f3n a trav\u00e9s de su portal de cliente.<\/p>\n<\/li>\n<\/ul>\n<hr data-start=\"1818\" data-end=\"1821\" \/>\n<h3 data-start=\"1823\" data-end=\"1848\"><strong data-start=\"1827\" data-end=\"1846\">Presupuesto<\/strong><\/h3>\n<ul data-start=\"1849\" data-end=\"2086\">\n<li data-start=\"1849\" data-end=\"1919\">\n<p data-start=\"1851\" data-end=\"1919\"><strong data-start=\"1851\" data-end=\"1863\">Red:<\/strong> Tele2.<\/p>\n<\/li>\n<li data-start=\"1920\" data-end=\"1953\">\n<p data-start=\"1922\" data-end=\"1953\"><strong data-start=\"1922\" data-end=\"1937\">Tr\u00e1fico de datos:<\/strong> 100 MB\/mes.<\/p>\n<\/li>\n<li data-start=\"1954\" data-end=\"2006\">\n<p data-start=\"1956\" data-end=\"2006\"><strong data-start=\"1956\" data-end=\"1971\">Suscripciones:<\/strong> 12 meses (pago por adelantado).<\/p>\n<\/li>\n<li data-start=\"2007\" data-end=\"2041\">\n<p data-start=\"2009\" data-end=\"2041\"><strong data-start=\"2009\" data-end=\"2018\">Precio:<\/strong> 460 por 365 d\u00edas (IVA incluido).<\/p>\n<\/li>\n<li data-start=\"2042\" data-end=\"2086\">\n<p data-start=\"2044\" data-end=\"2086\"><strong data-start=\"2044\" data-end=\"2052\">Tipo:<\/strong> Tarjeta de datos - no SMS ni llamadas.<\/p>\n<\/li>\n<\/ul>\n<hr data-start=\"2088\" data-end=\"2091\" \/>\n<h3 data-start=\"2093\" data-end=\"2135\"><strong data-start=\"2097\" data-end=\"2133\">Instalaci\u00f3n r\u00e1pida y sencilla<\/strong><\/h3>\n<ol data-start=\"2136\" data-end=\"2277\">\n<li data-start=\"2136\" data-end=\"2172\">\n<p data-start=\"2139\" data-end=\"2172\">Inserta la tarjeta SIM en tu dispositivo y activa el roaming.<\/p>\n<\/li>\n<li data-start=\"2173\" data-end=\"2211\">\n<p data-start=\"2176\" data-end=\"2211\">Introduzca el APN: <code data-start=\"2186\" data-end=\"2208\">stonehouse.tele2.com<\/code>.<\/p>\n<\/li>\n<li data-start=\"2212\" data-end=\"2277\">\n<p data-start=\"2215\" data-end=\"2277\">Listo: su sistema de alarma ya est\u00e1 en l\u00ednea con tr\u00e1fico prioritario.<\/p>\n<\/li>\n<\/ol>\n<blockquote data-start=\"2279\" data-end=\"2430\">\n<p data-start=\"2281\" data-end=\"2430\"><strong data-start=\"2281\" data-end=\"2289\">\u00a1Atenci\u00f3n!<\/strong> La tarjeta no est\u00e1 adaptada para videoc\u00e1maras, ya que la transmisi\u00f3n de v\u00eddeo requiere mayores vol\u00famenes de datos. Para la vigilancia por c\u00e1mara ofrecemos tarjetas SIM especiales. La primera conexi\u00f3n puede tardar un poco, ya que la tarjeta SIM se activa en la primera conexi\u00f3n. Es posible que tenga que reiniciar su dispositivo si ha insertado la tarjeta SIM en un dispositivo encendido.<\/p>\n<\/blockquote>\n<hr data-start=\"2432\" data-end=\"2435\" \/>\n<h3 data-start=\"2437\" data-end=\"2481\"><strong data-start=\"2441\" data-end=\"2479\">Importante antes de hacer el pedido<\/strong><\/h3>\n<p data-start=\"2482\" data-end=\"2578\">Para pedir este producto tendr\u00e1 que crear una cuenta en la caja, esto se hace f\u00e1cilmente en el momento de la compra. Esto es necesario para:<\/p>\n<ul data-start=\"2579\" data-end=\"2713\">\n<li data-start=\"2579\" data-end=\"2615\">\n<p data-start=\"2581\" data-end=\"2615\">Gestiona y renueva tu suscripci\u00f3n.<\/p>\n<\/li>\n<li data-start=\"2616\" data-end=\"2651\">\n<p data-start=\"2618\" data-end=\"2651\">Terminar el servicio en cualquier momento.<\/p>\n<\/li>\n<li data-start=\"2652\" data-end=\"2713\">\n<p data-start=\"2654\" data-end=\"2713\">Aseg\u00farese de manipular correctamente y de forma segura su tarjeta SIM.<\/p>\n<\/li>\n<\/ul>\n<hr data-start=\"2715\" data-end=\"2718\" \/>\n<p data-start=\"2720\" data-end=\"2801\">\u2705 <strong data-start=\"2722\" data-end=\"2731\">Precio:<\/strong> 460 coronas suecas por 365 d\u00edas (IVA incluido)<br data-start=\"2751\" data-end=\"2754\" \/>\ud83d\udce6 <strong data-start=\"2757\" data-end=\"2770\">Entrega:<\/strong> Env\u00edo en 1-2 d\u00edas laborables<\/p>","protected":false},"excerpt":{"rendered":"<p data-start=\"280\" data-end=\"603\"><strong data-start=\"280\" data-end=\"332\">Tarjeta SIM IoT para Alarmas - 100MB\/mes - 12 meses<\/strong><br data-start=\"332\" data-end=\"335\" \/>Proteja su sistema de alarma con una SIM IoT profesional optimizada para comunicaciones cr\u00edticas de seguridad. Tr\u00e1fico de datos priorizado a trav\u00e9s de la red Tele2, APN privada (<code data-start=\"485\" data-end=\"507\">stonehouse.tele2.com<\/code>) y una alta fiabilidad garantizan una conectividad estable, ideal para Ajax y otros sistemas de alarma.<\/p>\n<p data-start=\"605\" data-end=\"770\"><strong data-start=\"605\" data-end=\"617\">Importante:<\/strong> Para comprar este producto, deber\u00e1 crear una cuenta en el momento de pagar si a\u00fan no tiene una. Esto puede hacerse f\u00e1cilmente en el momento del pedido. Es necesaria para gestionar, renovar o cancelar la suscripci\u00f3n a trav\u00e9s de nuestro portal de clientes.<\/p>","protected":false},"featured_media":146587,"template":"","meta":{"_acf_changed":false},"product_brand":[],"product_cat":[1551],"product_tag":[],"class_list":{"0":"post-120155","1":"product","2":"type-product","3":"status-publish","4":"has-post-thumbnail","6":"product_cat-larmoverforing","7":"product_shipping_class-postnord-varubrev","8":"pa_brands-secureus","9":"pa_brands-tele2","10":"tm-no-options","12":"first","13":"instock","14":"taxable","15":"shipping-taxable","16":"purchasable","17":"product-type-simple"},"acf":[],"_links":{"self":[{"href":"https:\/\/secureus.se\/es\/wp-json\/wp\/v2\/product\/120155","targetHints":{"allow":["GET"]}}],"collection":[{"href":"https:\/\/secureus.se\/es\/wp-json\/wp\/v2\/product"}],"about":[{"href":"https:\/\/secureus.se\/es\/wp-json\/wp\/v2\/types\/product"}],"wp:featuredmedia":[{"embeddable":true,"href":"https:\/\/secureus.se\/es\/wp-json\/wp\/v2\/media\/146587"}],"wp:attachment":[{"href":"https:\/\/secureus.se\/es\/wp-json\/wp\/v2\/media?parent=120155"}],"wp:term":[{"taxonomy":"product_brand","embeddable":true,"href":"https:\/\/secureus.se\/es\/wp-json\/wp\/v2\/product_brand?post=120155"},{"taxonomy":"product_cat","embeddable":true,"href":"https:\/\/secureus.se\/es\/wp-json\/wp\/v2\/product_cat?post=120155"},{"taxonomy":"product_tag","embeddable":true,"href":"https:\/\/secureus.se\/es\/wp-json\/wp\/v2\/product_tag?post=120155"}],"curies":[{"name":"wp","href":"https:\/\/api.w.org\/{rel}","templated":true}]}}