{"id":120195,"date":"2024-10-24T12:59:16","date_gmt":"2024-10-24T10:59:16","guid":{"rendered":"https:\/\/secureus.se\/passerkort-rfid-kort-kombi-4200-mifare1k-chip\/"},"modified":"2025-12-31T21:26:22","modified_gmt":"2025-12-31T20:26:22","slug":"passerkort-rfid-kort-kombi-em-mifare1k-chip","status":"publish","type":"product","link":"https:\/\/secureus.se\/es\/passerkort-rfid-kort-kombi-em-mifare1k-chip\/","title":{"rendered":"Tarjeta de acceso \/ Tarjeta RFID Chip compatible con EM\/MIFARE1k"},"content":{"rendered":"<h1>Tarjeta de acceso \/ Tarjeta RFID Chip compatible con EM\/MIFARE1k<\/h1>\n<p>Nuestra tarjeta combinada ofrece chips duales en una sola tarjeta, lo que le brinda la m\u00e1xima flexibilidad para diferentes sistemas y aplicaciones de control de acceso. La tarjeta est\u00e1 equipada con Fudan S50, que corresponde a MIFARE1k, as\u00ed como HT4168, que es compatible con la tecnolog\u00eda EM4200.<\/p>\n<p>Esta tarjeta es la soluci\u00f3n perfecta para entornos donde se utilizan varios sistemas simult\u00e1neamente, como en lugares de trabajo o edificios de apartamentos. El material pl\u00e1stico de alta calidad garantiza durabilidad y una larga vida \u00fatil. Adem\u00e1s, ofrecemos una garant\u00eda de 2 a\u00f1os para garantizar su tranquilidad.<\/p>\n<p>**Caracter\u00edsticas:**<br \/>\n\u2013 **Compatibilidad:**<br \/>\n\u2013 **Fudan S50:** MIFARE1k<br \/>\n\u2013 **HT4168:** EM4200<br \/>\n\u2013 **Caracter\u00edstica:** Tecnolog\u00eda de doble chip para uso en m\u00faltiples sistemas<br \/>\n\u2013 **Material:** Pl\u00e1stico de alta calidad<br \/>\n\u2013 **Garant\u00eda:** 2 a\u00f1os<\/p>\n<p>Con esta tarjeta combinada obtendr\u00e1 una soluci\u00f3n vers\u00e1til y confiable para el control de acceso e identificaci\u00f3n. \u00a1Elija calidad y funcionalidad en una misma tarjeta!<\/p>","protected":false},"excerpt":{"rendered":"<p>Este producto est\u00e1 dise\u00f1ado para cumplir los mismos requisitos y funciones que requiere el chip NXP pero con un chip compatible y a un precio menor.<\/p>\n<p>Ofrecemos una garant\u00eda de 2 a\u00f1os en el funcionamiento y el material de la tarjeta.<\/p>","protected":false},"featured_media":136040,"template":"","meta":{"_acf_changed":false},"product_brand":[],"product_cat":[4224],"product_tag":[4415,3074,2958],"class_list":{"0":"post-120195","1":"product","2":"type-product","3":"status-publish","4":"has-post-thumbnail","6":"product_cat-rfid-kort-mifare1k-em4200-kombinerade","7":"product_tag-kompatibelt-chip","8":"product_tag-rfid-kombination-em-mifare1k","9":"product_tag-stonehouse-produkt","10":"product_shipping_class-postnord-varubrev","11":"pa_brands-stonehouse-security","12":"pa_farg-vit","13":"pa_plastkort-teknik-kombi-em-mifare1k","14":"tm-has-options","16":"first","17":"instock","18":"sale","19":"featured","20":"taxable","21":"shipping-taxable","22":"purchasable","23":"product-type-simple"},"acf":[],"_links":{"self":[{"href":"https:\/\/secureus.se\/es\/wp-json\/wp\/v2\/product\/120195","targetHints":{"allow":["GET"]}}],"collection":[{"href":"https:\/\/secureus.se\/es\/wp-json\/wp\/v2\/product"}],"about":[{"href":"https:\/\/secureus.se\/es\/wp-json\/wp\/v2\/types\/product"}],"wp:featuredmedia":[{"embeddable":true,"href":"https:\/\/secureus.se\/es\/wp-json\/wp\/v2\/media\/136040"}],"wp:attachment":[{"href":"https:\/\/secureus.se\/es\/wp-json\/wp\/v2\/media?parent=120195"}],"wp:term":[{"taxonomy":"product_brand","embeddable":true,"href":"https:\/\/secureus.se\/es\/wp-json\/wp\/v2\/product_brand?post=120195"},{"taxonomy":"product_cat","embeddable":true,"href":"https:\/\/secureus.se\/es\/wp-json\/wp\/v2\/product_cat?post=120195"},{"taxonomy":"product_tag","embeddable":true,"href":"https:\/\/secureus.se\/es\/wp-json\/wp\/v2\/product_tag?post=120195"}],"curies":[{"name":"wp","href":"https:\/\/api.w.org\/{rel}","templated":true}]}}