{"id":120197,"date":"2024-10-24T12:35:10","date_gmt":"2024-10-24T10:35:10","guid":{"rendered":"https:\/\/secureus.se\/passerkort-rfid-kort-mifare1k-classic-kompatibelt-chip\/"},"modified":"2026-04-16T15:17:36","modified_gmt":"2026-04-16T13:17:36","slug":"passerkort-rfid-kort-mifare1k-classic-kompatibelt-chip","status":"publish","type":"product","link":"https:\/\/secureus.se\/es\/passerkort-rfid-kort-mifare1k-classic-kompatibelt-chip\/","title":{"rendered":"Tarjeta de acceso \/ Tarjeta RFID Chip compatible MIFARE1k"},"content":{"rendered":"<h1>Tarjeta de acceso \/ Tarjeta RFID Chip compatible con MIFARE1k<\/h1>\n<p>Nuestras tarjetas de acceso con chip Fudan son totalmente compatibles con la tecnolog\u00eda MIFARE Classic y ofrecen una soluci\u00f3n confiable y rentable para sus necesidades RFID. Fudan S50 es equivalente a MIFARE1k, mientras que Fudan S70 es equivalente a MIFARE4k.<\/p>\n<p>El material pl\u00e1stico de las tarjetas es de la misma alta calidad que el de todas nuestras otras tarjetas, lo que las hace duraderas y resistentes. Estamos tan seguros de la calidad que ofrecemos una garant\u00eda de 2 a\u00f1os en todas nuestras tarjetas RFID compatibles.<\/p>\n<p>Estas tarjetas son ideales para control de acceso, identificaci\u00f3n, gesti\u00f3n de acceso y otras aplicaciones donde se utiliza la tecnolog\u00eda MIFARE.<\/p>\n<p>**Caracter\u00edsticas:**<br \/>\n\u2013 **Compatibilidad:** MIFARE Classic (1k)<br \/>\n\u2013 **Tipo de chip:** Fudan S50 (MIFARE1k)<br \/>\n\u2013 **Material:** Pl\u00e1stico de alta calidad<br \/>\n\u2013 **Garant\u00eda:** 2 a\u00f1os<\/p>\n<p>\u00a1Elija una tarjeta confiable que cumpla con sus requisitos de seguridad y funcionalidad!<\/p>\n<p>&nbsp;<\/p>","protected":false},"excerpt":{"rendered":"<p>Este producto est\u00e1 dise\u00f1ado para cumplir los mismos requisitos y funciones que requiere el chip NXP pero con un chip compatible y a un precio menor.<\/p>\n<p>Ofrecemos una garant\u00eda de 2 a\u00f1os en el funcionamiento y el material de la tarjeta.<\/p>","protected":false},"featured_media":136040,"template":"","meta":{"_acf_changed":false},"product_brand":[],"product_cat":[4225,4822],"product_tag":[4415,2958],"class_list":{"0":"post-120197","1":"product","2":"type-product","3":"status-publish","4":"has-post-thumbnail","6":"product_cat-rfid-kort-mifare-classic-1k","7":"product_cat-mifare-kort","8":"product_tag-kompatibelt-chip","9":"product_tag-stonehouse-produkt","10":"product_shipping_class-postnord-varubrev","11":"pa_brands-stonehouse-security","12":"pa_farg-vit","13":"pa_plastkort-teknik-mifare1k","14":"tm-has-options","16":"first","17":"instock","18":"sale","19":"featured","20":"taxable","21":"shipping-taxable","22":"purchasable","23":"product-type-simple"},"acf":[],"_links":{"self":[{"href":"https:\/\/secureus.se\/es\/wp-json\/wp\/v2\/product\/120197","targetHints":{"allow":["GET"]}}],"collection":[{"href":"https:\/\/secureus.se\/es\/wp-json\/wp\/v2\/product"}],"about":[{"href":"https:\/\/secureus.se\/es\/wp-json\/wp\/v2\/types\/product"}],"wp:featuredmedia":[{"embeddable":true,"href":"https:\/\/secureus.se\/es\/wp-json\/wp\/v2\/media\/136040"}],"wp:attachment":[{"href":"https:\/\/secureus.se\/es\/wp-json\/wp\/v2\/media?parent=120197"}],"wp:term":[{"taxonomy":"product_brand","embeddable":true,"href":"https:\/\/secureus.se\/es\/wp-json\/wp\/v2\/product_brand?post=120197"},{"taxonomy":"product_cat","embeddable":true,"href":"https:\/\/secureus.se\/es\/wp-json\/wp\/v2\/product_cat?post=120197"},{"taxonomy":"product_tag","embeddable":true,"href":"https:\/\/secureus.se\/es\/wp-json\/wp\/v2\/product_tag?post=120197"}],"curies":[{"name":"wp","href":"https:\/\/api.w.org\/{rel}","templated":true}]}}