{"id":120490,"date":"2024-11-19T15:32:54","date_gmt":"2024-11-19T14:32:54","guid":{"rendered":"https:\/\/secureus.se\/batteri-100ah-12v-helios-8-10-ar\/"},"modified":"2026-04-02T11:19:23","modified_gmt":"2026-04-02T09:19:23","slug":"batteri-100ah-12v-helios","status":"publish","type":"product","link":"https:\/\/secureus.se\/es\/batteri-100ah-12v-helios\/","title":{"rendered":"Bater\u00eda 12V 100Ah HELIOS Versi\u00f3n Pro para ni\u00f1os de 8 a 10 a\u00f1os"},"content":{"rendered":"<h4><strong>Bater\u00eda HELIOS de 100 Ah y 12 V: para un suministro de energ\u00eda confiable<\/strong><\/h4>\n<p>HELIOS <strong>bater\u00eda de 100 Ah<\/strong> Est\u00e1 desarrollado para satisfacer las m\u00e1s altas demandas de confiabilidad y rendimiento. Con una larga vida \u00fatil de 8 a 10 a\u00f1os y una tasa de fallas extremadamente baja de 0,03 % de f\u00e1brica, este es <strong>Bater\u00eda de 100 Ah<\/strong> La elecci\u00f3n obvia para c\u00e9lulas solares, energ\u00eda de respaldo y aplicaciones marinas.<\/p>\n<hr \/>\n<h4><strong>\u00bfPor qu\u00e9 elegir la bater\u00eda HELIOS 100Ah?<\/strong><\/h4>\n<ul>\n<li><strong>Capacidad \u00f3ptima:<\/strong> 12 V y 100 Ah para un funcionamiento estable y eficiente.<\/li>\n<li><strong>Larga vida \u00fatil:<\/strong> Una vida \u00fatil de hasta 10 a\u00f1os lo convierte en una soluci\u00f3n rentable.<\/li>\n<li><strong>Alta calidad:<\/strong> Fabricado con tecnolog\u00eda AGM avanzada y estricto control de calidad.<\/li>\n<li><strong>Certificado:<\/strong> CE, UL, ROSH e ISO9000, ISO14000, ISO18000 para est\u00e1ndares de seguridad y medio ambiente.<\/li>\n<li><strong>Tasa m\u00ednima de error:<\/strong> Solo 0,03 tasa de fallas % de f\u00e1brica.<\/li>\n<\/ul>\n<hr \/>\n<h4><strong>Presupuesto:<\/strong><\/h4>\n<ul>\n<li><strong>Capacidad:<\/strong> 100 Ah<\/li>\n<li><strong>Voltaje:<\/strong> 12 V<\/li>\n<li><strong>Medida:<\/strong> 35 x 19 x 28 cent\u00edmetros<\/li>\n<li><strong>Peso:<\/strong> 30,8 kilogramos<\/li>\n<li><strong>Vida:<\/strong> 8\u201310 a\u00f1os<\/li>\n<\/ul>\n<hr \/>\n<h4><strong>\u00c1reas de uso:<\/strong><\/h4>\n<ul>\n<li><strong>C\u00e9lulas solares:<\/strong> Para una energ\u00eda \u00f3ptima en sistemas fuera de la red.<\/li>\n<li><strong>Respaldo:<\/strong> Perfecto como energ\u00eda de respaldo para hogares y empresas.<\/li>\n<li><strong>Sistema de seguridad:<\/strong> Energ\u00eda confiable para alarmas y monitoreo.<\/li>\n<li><strong>Aplicaciones marinas:<\/strong> Resiste entornos dif\u00edciles y garantiza un funcionamiento estable.<\/li>\n<\/ul>\n<hr \/>\n<h4><strong>Bater\u00eda Helios 100 Ah: una inversi\u00f3n en energ\u00eda sostenible<\/strong><\/h4>\n<p>HELIOS <strong>Bater\u00eda de 100 Ah<\/strong> Est\u00e1 dise\u00f1ado para ofrecer el mejor rendimiento posible al precio m\u00e1s bajo. Nuestra ambici\u00f3n es ofrecer soluciones potentes y asequibles que cumplan con los m\u00e1s altos est\u00e1ndares.<\/p>","protected":false},"excerpt":{"rendered":"<p><strong>Bater\u00eda 100Ah 12V HELIOS<\/strong> Es una bater\u00eda AGM duradera con una vida \u00fatil de 8 a 10 a\u00f1os. Perfecto para c\u00e9lulas solares, sistemas de seguridad y aplicaciones marinas. Certificado seg\u00fan las normas CE, UL e ISO.<\/p>","protected":false},"featured_media":134943,"template":"","meta":{"_acf_changed":false},"product_brand":[],"product_cat":[1596,1324],"product_tag":[4406,2419],"class_list":{"0":"post-120490","1":"product","2":"type-product","3":"status-publish","4":"has-post-thumbnail","6":"product_cat-ackumulatorer-12v-agm-batterier","7":"product_cat-outlet","8":"product_tag-batteri-13-45-ah","9":"product_tag-rel-batteri","10":"product_shipping_class-tunga-paket","11":"pa_brands-stonehouse-security","12":"tm-no-options","14":"first","15":"instock","16":"sale","17":"featured","18":"taxable","19":"shipping-taxable","20":"purchasable","21":"product-type-simple"},"acf":[],"_links":{"self":[{"href":"https:\/\/secureus.se\/es\/wp-json\/wp\/v2\/product\/120490","targetHints":{"allow":["GET"]}}],"collection":[{"href":"https:\/\/secureus.se\/es\/wp-json\/wp\/v2\/product"}],"about":[{"href":"https:\/\/secureus.se\/es\/wp-json\/wp\/v2\/types\/product"}],"wp:featuredmedia":[{"embeddable":true,"href":"https:\/\/secureus.se\/es\/wp-json\/wp\/v2\/media\/134943"}],"wp:attachment":[{"href":"https:\/\/secureus.se\/es\/wp-json\/wp\/v2\/media?parent=120490"}],"wp:term":[{"taxonomy":"product_brand","embeddable":true,"href":"https:\/\/secureus.se\/es\/wp-json\/wp\/v2\/product_brand?post=120490"},{"taxonomy":"product_cat","embeddable":true,"href":"https:\/\/secureus.se\/es\/wp-json\/wp\/v2\/product_cat?post=120490"},{"taxonomy":"product_tag","embeddable":true,"href":"https:\/\/secureus.se\/es\/wp-json\/wp\/v2\/product_tag?post=120490"}],"curies":[{"name":"wp","href":"https:\/\/api.w.org\/{rel}","templated":true}]}}