{"id":132552,"date":"2024-11-26T14:53:48","date_gmt":"2024-11-26T13:53:48","guid":{"rendered":"https:\/\/secureus.se\/dorrstangarsats-dc700-3-6-paket-silver\/"},"modified":"2026-04-23T11:57:33","modified_gmt":"2026-04-23T09:57:33","slug":"dorrstangarsats-dc700-3-6-paket-silver","status":"publish","type":"product","link":"https:\/\/secureus.se\/es\/dorrstangarsats-dc700-3-6-paket-silver\/","title":{"rendered":"Cierrapuertas ASSA ABLOY DC700 \u2013 Kit completo (paquete) \u2013 EN 3-6 \u2013 Corredera G195 \u2013 Plata"},"content":{"rendered":"<p><strong>ASSA ABLOY DC700<\/strong> es un cierrapuertas moderno y fiable para quienes desean un cierre seguro, controlado y suave de puertas interiores, puertas exteriores y puertas cortafuegos. Este modelo se entrega como <strong>kit completo<\/strong> en plata con <strong>riel deslizante G195<\/strong>, lo que la convierte en una buena opci\u00f3n tanto para instalaciones nuevas como para reemplazos.<\/p>\n<p>DC700 encaja <strong>puertas individuales de hasta 1400 mm<\/strong> y tiene <strong>Fuerza de cierre ajustable EN 3-6<\/strong>. Gracias a <strong>Tecnolog\u00eda Cam Motion<\/strong> Obtendr\u00e1s una menor resistencia a la apertura en comparaci\u00f3n con un cierrapuertas tradicional, manteniendo la misma fuerza de cierre. Esto hace que este modelo sea especialmente adecuado para entornos con puertas donde la funcionalidad, la comodidad y la accesibilidad son importantes.<\/p>\n<h3>Esto est\u00e1 incluido en el kit.<\/h3>\n<ul>\n<li>Carcasa del cierrapuertas DC700<\/li>\n<li>Placa de montaje A120<\/li>\n<li>Riel deslizante G195<\/li>\n<\/ul>\n<h3>Caracter\u00edsticas<\/h3>\n<ul>\n<li>Kit completo con carcasa para cierrapuertas, placa de montaje y riel deslizante.<\/li>\n<li>Sistema de brazos: <strong>Riel deslizante<\/strong><\/li>\n<li>Fuerza de cierre: <strong>EN 3-6<\/strong><\/li>\n<li>Par de cierre <strong>De 18 Nm a 54 Nm<\/strong><\/li>\n<li>Se adapta a una sola puerta.<\/li>\n<li>Ancho m\u00e1ximo de la hoja de la puerta: <strong>1400 mm<\/strong><\/li>\n<li>Tecnolog\u00eda Cam Motion para una menor resistencia a la apertura.<\/li>\n<li>Velocidad de cierre ajustable<\/li>\n<li>Fuerza de impacto ajustable<\/li>\n<li>Freno de apertura ajustable<\/li>\n<li>\u00c1ngulo de apertura lado de la bisagra hasta aprox. <strong>170\u00b0<\/strong><\/li>\n<li>\u00c1ngulo de apertura en el lado del tope hasta aprox. <strong>120\u00b0<\/strong><\/li>\n<li>Se adapta a puertas que se abren hacia la izquierda y hacia la derecha.<\/li>\n<li>Placa de montaje oculta<\/li>\n<li>Eje ajustable en altura hasta <strong>14 mil\u00edmetros<\/strong> para una instalaci\u00f3n m\u00e1s sencilla<\/li>\n<li>Aprobar la clase <strong>C5<\/strong><\/li>\n<li>Aprobado seg\u00fan <strong>EN1154<\/strong><\/li>\n<li>Homologado para puertas cortafuegos <strong>EI60<\/strong><\/li>\n<li>Producto de construcci\u00f3n calificado: S\u00ed<\/li>\n<li>Tratamiento de superficie: <strong>Plata<\/strong><\/li>\n<\/ul>\n<h3>Montaje<\/h3>\n<p>El DC700 se puede utilizar en varias configuraciones de montaje diferentes y es una soluci\u00f3n flexible para muchos tipos de entornos de puertas. Seg\u00fan los datos del producto, el modelo es adecuado para el montaje en <strong>lado de la bisagra de la puerta, lado de la bisagra del marco, lado del pestillo de la puerta y lado del pestillo del marco<\/strong>.<\/p>\n<h3>Funci\u00f3n<\/h3>\n<p>DC700 es un <strong>cierrapuertas de disco de leva<\/strong> donde se utiliza el riel deslizante manteniendo la fuerza de cierre. La tecnolog\u00eda de disco de leva implica que la resistencia de apertura en relaci\u00f3n con la fuerza de cierre es menor que con un cierrapuertas convencional, lo que proporciona una sensaci\u00f3n m\u00e1s suave al pasar.<\/p>\n<h3>Informaci\u00f3n importante<\/h3>\n<p>Al montar en <strong>p\u00e1gina de anuncios<\/strong> junto con <strong>riel deslizante G195<\/strong> recomendado <strong>Compuerta de apertura A153<\/strong> para un funcionamiento mejor y m\u00e1s controlado.<\/p>\n<h3>Medida<\/h3>\n<ul>\n<li>Altura: <strong>64 mm<\/strong><\/li>\n<li>Profundidad: <strong>57 mm<\/strong><\/li>\n<li>Longitud: <strong>270 mm<\/strong><\/li>\n<\/ul>\n<h3>Adecuado para<\/h3>\n<ul>\n<li>puertas interiores<\/li>\n<li>puertas de entrada<\/li>\n<li>puertas cortafuegos<\/li>\n<li>puertas de entrada<\/li>\n<li>propiedades, oficinas y entornos p\u00fablicos<\/li>\n<\/ul>\n<p>ASSA ABLOY DC700 es una buena opci\u00f3n para quienes buscan un <strong>Cierrapuertas con riel deslizante<\/strong> En un conjunto completo donde la funcionalidad, la comodidad y la durabilidad son importantes. Obtendr\u00e1 un cierrapuertas fiable con gran capacidad de ajuste, apertura suave y funcionamiento estable en diversos tipos de puertas.<\/p>\n<div style=\"background: #f6f8fa;padding: 14px;border-radius: 6px;margin: 18px 0\"><strong>\u00bfNecesitas ayuda para elegir el cierrapuertas adecuado?<\/strong><br \/>\nCompare el tipo de puerta, el tipo de brazo y el ancho de la puerta, o vea m\u00e1s modelos en nuestra gama.<br \/>\n<a style=\"font-weight: bold\" href=\"https:\/\/secureus.se\/es\/dorrstangare-kompletta\/\"><br \/>\nVea aqu\u00ed todos los cierrapuertas completos \u2192<br \/>\n<\/a><\/div>","protected":false},"excerpt":{"rendered":"<p><strong>Kit completo de cierrapuertas ASSA ABLOY DC700 en color plata.<\/strong> Con riel deslizante G195 para un cierre seguro y controlado de puertas interiores, exteriores y cortafuegos. Adecuado <strong>puertas individuales de hasta 1400 mm<\/strong> y tiene <strong>Tecnolog\u00eda Cam Motion<\/strong> para una menor resistencia a la apertura.<\/p>\n<p>El conjunto completo incluye: <strong>Carcasa del cierrapuertas DC700, placa de montaje A120 y riel deslizante G195<\/strong>. El modelo tiene <strong>Fuerza de cierre ajustable EN 3-6<\/strong>, freno de apertura y se adapta tanto a puertas que abren hacia la izquierda como hacia la derecha.<\/p>","protected":false},"featured_media":133280,"template":"","meta":{"_acf_changed":false},"product_brand":[],"product_cat":[3258,4864],"product_tag":[4863],"class_list":{"0":"post-132552","1":"product","2":"type-product","3":"status-publish","4":"has-post-thumbnail","6":"product_cat-dorrstangare","7":"product_cat-dorrstangare-kompletta","8":"product_tag-pf","9":"product_shipping_class-tunga-paket","10":"pa_brands-abloy","11":"tm-no-options","13":"first","14":"instock","15":"sale","16":"taxable","17":"shipping-taxable","18":"purchasable","19":"product-type-simple"},"acf":[],"_links":{"self":[{"href":"https:\/\/secureus.se\/es\/wp-json\/wp\/v2\/product\/132552","targetHints":{"allow":["GET"]}}],"collection":[{"href":"https:\/\/secureus.se\/es\/wp-json\/wp\/v2\/product"}],"about":[{"href":"https:\/\/secureus.se\/es\/wp-json\/wp\/v2\/types\/product"}],"wp:featuredmedia":[{"embeddable":true,"href":"https:\/\/secureus.se\/es\/wp-json\/wp\/v2\/media\/133280"}],"wp:attachment":[{"href":"https:\/\/secureus.se\/es\/wp-json\/wp\/v2\/media?parent=132552"}],"wp:term":[{"taxonomy":"product_brand","embeddable":true,"href":"https:\/\/secureus.se\/es\/wp-json\/wp\/v2\/product_brand?post=132552"},{"taxonomy":"product_cat","embeddable":true,"href":"https:\/\/secureus.se\/es\/wp-json\/wp\/v2\/product_cat?post=132552"},{"taxonomy":"product_tag","embeddable":true,"href":"https:\/\/secureus.se\/es\/wp-json\/wp\/v2\/product_tag?post=132552"}],"curies":[{"name":"wp","href":"https:\/\/api.w.org\/{rel}","templated":true}]}}