{"id":132640,"date":"2024-11-27T13:49:51","date_gmt":"2024-11-27T12:49:51","guid":{"rendered":"https:\/\/secureus.se\/ajax-manualcallpoint-rod-tradlos-brandlarmsknapp\/"},"modified":"2026-03-09T17:38:51","modified_gmt":"2026-03-09T16:38:51","slug":"ajax-manualcallpoint-rod-tradlos-brandlarmsknapp","status":"publish","type":"product","link":"https:\/\/secureus.se\/es\/ajax-manualcallpoint-rod-tradlos-brandlarmsknapp\/","title":{"rendered":"Ajax ManualCallPoint Red: bot\u00f3n de alarma de incendios inal\u00e1mbrico"},"content":{"rendered":"<h1><strong>Ajax ManualCallPoint Rojo<\/strong> Es un innovador bot\u00f3n de alarma contra incendios inal\u00e1mbrico que proporciona una activaci\u00f3n r\u00e1pida y confiable de las alarmas contra incendios en situaciones de emergencia.<\/h1>\n<p>Con su dise\u00f1o elegante y funciones avanzadas, este bot\u00f3n de disparo es una opci\u00f3n perfecta para hogares, empresas y espacios p\u00fablicos.<\/p>\n<h4>Caracter\u00edsticas y beneficios<\/h4>\n<ul>\n<li><strong>Activaci\u00f3n r\u00e1pida:<\/strong> Con solo presionar un bot\u00f3n, se activan las sirenas en todos los detectores de incendios y escenarios de automatizaci\u00f3n para apoyar la evacuaci\u00f3n.<\/li>\n<li><strong>Escenarios programables:<\/strong> Controlar la iluminaci\u00f3n de emergencia, los sistemas de ventilaci\u00f3n, las cerraduras y la gesti\u00f3n energ\u00e9tica para proteger la propiedad.<\/li>\n<li><strong>Compatibilidad<\/strong>:Hub Plus, Hub 2, Hub2Plus, Hub H\u00edbrido 2G y 4G y repetidores ReX y ReX 2<\/li>\n<li><strong>Verificaci\u00f3n visual:<\/strong> Utilice detectores de c\u00e1mara (PhOD) o NVR Ajax para identificar r\u00e1pidamente las causas del incendio.<\/li>\n<li><strong>F\u00e1cil reinicio:<\/strong> El bot\u00f3n se restablece manualmente con la llave incluida despu\u00e9s de la activaci\u00f3n.<\/li>\n<\/ul>\n<h4>Presupuesto<\/h4>\n<ul>\n<li><strong>Pintar:<\/strong> ROJO<\/li>\n<li><strong>Protocolo de comunicaci\u00f3n:<\/strong> Joyero, hasta 1.700 metros de alcance en terreno abierto<\/li>\n<li><strong>Proceso de dar un t\u00edtulo:<\/strong> EN 54-11:2001<\/li>\n<li><strong>Tipo de bater\u00eda:<\/strong> 2x CR2032, 3V (incluidas)<\/li>\n<li><strong>Duraci\u00f3n de la bater\u00eda:<\/strong> Hasta 7 a\u00f1os<\/li>\n<li><strong>Clasificaci\u00f3n IP:<\/strong> IP55 (a prueba de polvo y salpicaduras)<\/li>\n<li><strong>Rango de temperatura:<\/strong> 0\u00b0\u0421 a +50\u00b0\u0421<\/li>\n<li><strong>Medida:<\/strong> 102 \u00d7 104 \u00d7 39 mm<\/li>\n<li><strong>Peso:<\/strong> 214 gramos<\/li>\n<\/ul>\n<h4>\u00c1reas de uso<\/h4>\n<ul>\n<li>Casas y apartamentos<\/li>\n<li>Locales comerciales y oficinas<\/li>\n<li>Espacios p\u00fablicos como escuelas y hospitales<\/li>\n<li>Propiedades industriales y centros de negocios<\/li>\n<\/ul>\n<h4>Volumen de suministro<\/h4>\n<ul>\n<li>Ajax ManualCallPoint Rojo<\/li>\n<li>2 pilas de litio (CR2032 preinstaladas)<\/li>\n<li>Tapa protectora transparente<\/li>\n<li>Instrucciones de uso<\/li>\n<\/ul>\n<h4>F\u00e1cil instalaci\u00f3n y mantenimiento<\/h4>\n<p>El bot\u00f3n se entrega listo para usar y se conecta al sistema Ajax con unos pocos clics en la aplicaci\u00f3n.<\/p>\n<p>No requiere pruebas manuales peri\u00f3dicas gracias al autodiagn\u00f3stico autom\u00e1tico y al monitoreo en tiempo real a trav\u00e9s del concentrador.<\/p>","protected":false},"excerpt":{"rendered":"<p>Bot\u00f3n de alarma contra incendios inal\u00e1mbrico de Ajax en color rojo para activaci\u00f3n manual de la alarma contra incendios. Activa sirenas, escenarios de automatizaci\u00f3n y env\u00eda alarmas tanto a los usuarios como a la central de alarmas si se aprueba. Robusto, fiable y certificado seg\u00fan EN 54-11:2001. F\u00e1cil instalaci\u00f3n y bater\u00eda de larga duraci\u00f3n de hasta 7 a\u00f1os.<\/p>","protected":false},"featured_media":151922,"template":"","meta":{"_acf_changed":false},"product_brand":[],"product_cat":[3159,3165],"product_tag":[4863],"class_list":{"0":"post-132640","1":"product","2":"type-product","3":"status-publish","4":"has-post-thumbnail","6":"product_cat-brandvarnare","7":"product_cat-overfallslarm-knappar","8":"product_tag-pf","9":"pa_brands-ajax-systems","10":"pa_farg-rod","11":"tm-no-options","13":"first","14":"instock","15":"sale","16":"taxable","17":"shipping-taxable","18":"purchasable","19":"product-type-simple"},"acf":[],"_links":{"self":[{"href":"https:\/\/secureus.se\/es\/wp-json\/wp\/v2\/product\/132640","targetHints":{"allow":["GET"]}}],"collection":[{"href":"https:\/\/secureus.se\/es\/wp-json\/wp\/v2\/product"}],"about":[{"href":"https:\/\/secureus.se\/es\/wp-json\/wp\/v2\/types\/product"}],"wp:featuredmedia":[{"embeddable":true,"href":"https:\/\/secureus.se\/es\/wp-json\/wp\/v2\/media\/151922"}],"wp:attachment":[{"href":"https:\/\/secureus.se\/es\/wp-json\/wp\/v2\/media?parent=132640"}],"wp:term":[{"taxonomy":"product_brand","embeddable":true,"href":"https:\/\/secureus.se\/es\/wp-json\/wp\/v2\/product_brand?post=132640"},{"taxonomy":"product_cat","embeddable":true,"href":"https:\/\/secureus.se\/es\/wp-json\/wp\/v2\/product_cat?post=132640"},{"taxonomy":"product_tag","embeddable":true,"href":"https:\/\/secureus.se\/es\/wp-json\/wp\/v2\/product_tag?post=132640"}],"curies":[{"name":"wp","href":"https:\/\/api.w.org\/{rel}","templated":true}]}}