{"id":132831,"date":"2024-12-03T11:31:46","date_gmt":"2024-12-03T10:31:46","guid":{"rendered":"https:\/\/secureus.se\/?post_type=product&#038;p=132831"},"modified":"2026-04-08T16:59:41","modified_gmt":"2026-04-08T14:59:41","slug":"evolis-agilia-rtcl100naaa-retransfer-film-1200-utskrifter","status":"publish","type":"product","link":"https:\/\/secureus.se\/es\/evolis-agilia-rtcl100naaa-retransfer-film-1200-utskrifter\/","title":{"rendered":"Pel\u00edcula retransferida Evolis \u2013 Agilia"},"content":{"rendered":"<h1>Pel\u00edcula de retransferencia<br \/>\n  Evolis \u2013 Agilia<\/h1>\n<p>La pel\u00edcula de retransferencia Evolis \u2013 Agilia es una cinta de tinta para impresi\u00f3n.<br \/>\n  Tarjetas de pl\u00e1stico con colores vivos, texto claro y buena reproducci\u00f3n de detalles. Tipo cinta.<br \/>\n  YMC proporciona la combinaci\u00f3n adecuada de paneles de color para profesionales.<br \/>\n  impresi\u00f3n de tarjetas.<\/p>\n<p>Adecuado para tarjetas de identificaci\u00f3n, tarjetas de acceso, tarjetas de membres\u00eda y otras.<br \/>\n  tarjetas de pl\u00e1stico donde se requiere alta calidad de impresi\u00f3n y confiabilidad<br \/>\n  importante.<\/p>\n<ul>\n<li>Capacidad: hasta 1200 impresiones<\/li>\n<li>Tipo de cinta: YMC<\/li>\n<li>N\u00famero de art\u00edculo: RTCL100NAAA<\/li>\n<\/ul>\n<p><strong>Compatible con Tenga en cuenta que este<br \/>\n  La pel\u00edcula de retransferencia solo es compatible con Evolis Agilia Retransfer.<br \/>\n  Impresora de tarjetas y debe usarse siempre junto con un Agilia YMC.<br \/>\n  Variante de cinta para obtener resultados consistentes.<\/strong><\/p>\n<p><strong>Peso del producto:<\/strong> 0,20 kilogramos<\/p>","protected":false},"excerpt":{"rendered":"<p>Retransferfilm Evolis &#8211; Agilia Retransferfilm Evolis &#8211; Agilia \u00e4r ett f\u00e4rgband f\u00f6r utskrift av plastkort med skarpa f\u00e4rger, tydlig text och bra detalj\u00e5tergivning. Bandtypen YMC ger r\u00e4tt kombination av f\u00e4rgpaneler<\/p>","protected":false},"featured_media":132941,"template":"","meta":{"_acf_changed":false},"product_brand":[],"product_cat":[3213,4854],"product_tag":[4863,4364],"class_list":{"0":"post-132831","1":"product","2":"type-product","3":"status-publish","4":"has-post-thumbnail","6":"product_cat-evolis-fargband-retransfer","7":"product_cat-agilia","8":"product_tag-pf","9":"product_tag-sync","10":"product_shipping_class-postnord-varubrev","11":"pa_brands-evolis","12":"tm-has-options","14":"first","15":"instock","16":"sale","17":"taxable","18":"shipping-taxable","19":"purchasable","20":"product-type-simple"},"acf":[],"_links":{"self":[{"href":"https:\/\/secureus.se\/es\/wp-json\/wp\/v2\/product\/132831","targetHints":{"allow":["GET"]}}],"collection":[{"href":"https:\/\/secureus.se\/es\/wp-json\/wp\/v2\/product"}],"about":[{"href":"https:\/\/secureus.se\/es\/wp-json\/wp\/v2\/types\/product"}],"wp:featuredmedia":[{"embeddable":true,"href":"https:\/\/secureus.se\/es\/wp-json\/wp\/v2\/media\/132941"}],"wp:attachment":[{"href":"https:\/\/secureus.se\/es\/wp-json\/wp\/v2\/media?parent=132831"}],"wp:term":[{"taxonomy":"product_brand","embeddable":true,"href":"https:\/\/secureus.se\/es\/wp-json\/wp\/v2\/product_brand?post=132831"},{"taxonomy":"product_cat","embeddable":true,"href":"https:\/\/secureus.se\/es\/wp-json\/wp\/v2\/product_cat?post=132831"},{"taxonomy":"product_tag","embeddable":true,"href":"https:\/\/secureus.se\/es\/wp-json\/wp\/v2\/product_tag?post=132831"}],"curies":[{"name":"wp","href":"https:\/\/api.w.org\/{rel}","templated":true}]}}