{"id":133227,"date":"2024-12-05T11:34:01","date_gmt":"2024-12-05T10:34:01","guid":{"rendered":"https:\/\/secureus.se\/radiosandare-for-tradlos-koppling\/"},"modified":"2025-12-31T21:36:15","modified_gmt":"2025-12-31T20:36:15","slug":"radiosandare-for-tradlos-koppling","status":"publish","type":"product","link":"https:\/\/secureus.se\/es\/radiosandare-for-tradlos-koppling\/","title":{"rendered":"Transmisor de radio para conexi\u00f3n inal\u00e1mbrica"},"content":{"rendered":"<h1>Transmisor de radio para conexi\u00f3n inal\u00e1mbrica<\/h1>\n<p>A trav\u00e9s de una conexi\u00f3n inal\u00e1mbrica, el conector de codo se puede montar en lugares donde es dif\u00edcil o inadecuado extraer el cableado por diversos motivos.<\/p>\n<p>Ex. edificios catalogados, iglesias o similares.<\/p>\n<h4>Especificaciones t\u00e9cnicas<\/h4>\n<ul>\n<li>Cable de bater\u00eda: 200 mm<\/li>\n<li>Modulaciones: AM\/ASK<\/li>\n<li>Cifrado: c\u00f3digo rodante Keeloq<\/li>\n<li>Frecuencia: 433,92 MHz<\/li>\n<li>1 canal<\/li>\n<li>Alimentaci\u00f3n: 9 V (bater\u00eda 6LR61)<\/li>\n<li>Consumo de corriente: 17 mA<\/li>\n<\/ul>","protected":false},"excerpt":{"rendered":"<p>Transmisor de radio que permite la conexi\u00f3n inal\u00e1mbrica del conector de codo.<\/p>","protected":false},"featured_media":133224,"template":"","meta":{"_acf_changed":false},"product_brand":[],"product_cat":[1422,4707],"product_tag":[],"class_list":{"0":"post-133227","1":"product","2":"type-product","3":"status-publish","4":"has-post-thumbnail","6":"product_cat-armbagskontakter-dorrautomatik","7":"product_cat-tillval-och-tillbehor","8":"product_shipping_class-tunga-paket","9":"tm-no-options","11":"first","12":"instock","13":"sale","14":"taxable","15":"shipping-taxable","16":"purchasable","17":"product-type-simple"},"acf":[],"_links":{"self":[{"href":"https:\/\/secureus.se\/es\/wp-json\/wp\/v2\/product\/133227","targetHints":{"allow":["GET"]}}],"collection":[{"href":"https:\/\/secureus.se\/es\/wp-json\/wp\/v2\/product"}],"about":[{"href":"https:\/\/secureus.se\/es\/wp-json\/wp\/v2\/types\/product"}],"wp:featuredmedia":[{"embeddable":true,"href":"https:\/\/secureus.se\/es\/wp-json\/wp\/v2\/media\/133224"}],"wp:attachment":[{"href":"https:\/\/secureus.se\/es\/wp-json\/wp\/v2\/media?parent=133227"}],"wp:term":[{"taxonomy":"product_brand","embeddable":true,"href":"https:\/\/secureus.se\/es\/wp-json\/wp\/v2\/product_brand?post=133227"},{"taxonomy":"product_cat","embeddable":true,"href":"https:\/\/secureus.se\/es\/wp-json\/wp\/v2\/product_cat?post=133227"},{"taxonomy":"product_tag","embeddable":true,"href":"https:\/\/secureus.se\/es\/wp-json\/wp\/v2\/product_tag?post=133227"}],"curies":[{"name":"wp","href":"https:\/\/api.w.org\/{rel}","templated":true}]}}