{"id":133383,"date":"2024-12-02T15:56:41","date_gmt":"2024-12-02T14:56:41","guid":{"rendered":"https:\/\/secureus.se\/radionyckel-sanda-0895\/"},"modified":"2026-04-08T16:41:03","modified_gmt":"2026-04-08T14:41:03","slug":"radionyckel-sanda-0895","status":"publish","type":"product","link":"https:\/\/secureus.se\/es\/radionyckel-sanda-0895\/","title":{"rendered":"ENV\u00cdO DE TECLA DE RADIO 0895"},"content":{"rendered":"","protected":false},"excerpt":{"rendered":"<p>Dos c\u00f3digos \u00fanicos de nueve d\u00edgitos. Dise\u00f1o duradero que se adapta a tu llavero. Se utiliza en conjunto con el lector de radio \u00d6ppna 1805. Programaci\u00f3n en Manage o Multiaccess mediante los lectores de tabla Register 2905 y 1905.<\/p>","protected":false},"featured_media":133382,"template":"","meta":{"_acf_changed":false},"product_brand":[],"product_cat":[3841],"product_tag":[],"class_list":{"0":"post-133383","1":"product","2":"type-product","3":"status-publish","4":"has-post-thumbnail","6":"product_cat-aptus-taggar","7":"product_shipping_class-postnord-varubrev","8":"pa_brands-aptus","9":"tm-no-options","11":"first","12":"instock","13":"sale","14":"taxable","15":"shipping-taxable","16":"purchasable","17":"product-type-simple"},"acf":[],"_links":{"self":[{"href":"https:\/\/secureus.se\/es\/wp-json\/wp\/v2\/product\/133383","targetHints":{"allow":["GET"]}}],"collection":[{"href":"https:\/\/secureus.se\/es\/wp-json\/wp\/v2\/product"}],"about":[{"href":"https:\/\/secureus.se\/es\/wp-json\/wp\/v2\/types\/product"}],"wp:featuredmedia":[{"embeddable":true,"href":"https:\/\/secureus.se\/es\/wp-json\/wp\/v2\/media\/133382"}],"wp:attachment":[{"href":"https:\/\/secureus.se\/es\/wp-json\/wp\/v2\/media?parent=133383"}],"wp:term":[{"taxonomy":"product_brand","embeddable":true,"href":"https:\/\/secureus.se\/es\/wp-json\/wp\/v2\/product_brand?post=133383"},{"taxonomy":"product_cat","embeddable":true,"href":"https:\/\/secureus.se\/es\/wp-json\/wp\/v2\/product_cat?post=133383"},{"taxonomy":"product_tag","embeddable":true,"href":"https:\/\/secureus.se\/es\/wp-json\/wp\/v2\/product_tag?post=133383"}],"curies":[{"name":"wp","href":"https:\/\/api.w.org\/{rel}","templated":true}]}}