{"id":133527,"date":"2024-11-26T15:05:36","date_gmt":"2024-11-26T14:05:36","guid":{"rendered":"https:\/\/secureus.se\/?post_type=product&#038;p=133527"},"modified":"2026-03-24T11:03:34","modified_gmt":"2026-03-24T10:03:34","slug":"dorrstangarsats-dc500-paket-silver","status":"publish","type":"product","link":"https:\/\/secureus.se\/es\/dorrstangarsats-dc500-paket-silver\/","title":{"rendered":"Cierrapuertas ASSA ABLOY DC500 \u2013 Kit completo \u2013 EN 1-4 \u2013 Corredera G195 \u2013 Plata"},"content":{"rendered":"<p><strong>ASSA ABLOY DC500<\/strong> es un cierrapuertas moderno y fiable para quienes desean un cierre seguro, controlado y suave de puertas exteriores, puertas interiores y puertas cortafuegos. Este modelo se entrega como <strong>kit completo<\/strong> en plata con <strong>riel deslizante G195<\/strong>, lo que la convierte en una opci\u00f3n conveniente tanto para nuevas instalaciones como para reemplazos.<\/p>\n<p>DC500 se adapta a puertas de hasta <strong>1100 mm<\/strong> y tiene <strong>Fuerza de cierre ajustable EN 1-4<\/strong>. Gracias a <strong>Tecnolog\u00eda Cam Motion<\/strong> Obtendr\u00e1s una menor resistencia a la apertura en comparaci\u00f3n con un cierrapuertas tradicional, manteniendo la misma fuerza de cierre. Esto convierte a este modelo en una excelente opci\u00f3n para puertas donde la funcionalidad, la comodidad y la accesibilidad son importantes.<\/p>\n<h3>Esto est\u00e1 incluido en el kit.<\/h3>\n<ul>\n<li>Carcasa del cierrapuertas DC500<\/li>\n<li>Riel deslizante G195<\/li>\n<li>Placa de montaje A120<\/li>\n<\/ul>\n<h3>Caracter\u00edsticas<\/h3>\n<ul>\n<li>Kit completo con carcasa del cierrapuertas, riel deslizante y placa de montaje.<\/li>\n<li>Fuerza del resorte ajustable <strong>EN 1-4<\/strong><\/li>\n<li>Par de cierre <strong>De 9 Nm a 26 Nm<\/strong><\/li>\n<li>Ancho m\u00e1ximo de la puerta <strong>1100 mm<\/strong><\/li>\n<li>Aprobar la clase <strong>C5<\/strong><\/li>\n<li>Tecnolog\u00eda Cam Motion para una menor resistencia a la apertura.<\/li>\n<li>Eje ajustable en altura hasta <strong>14 mil\u00edmetros<\/strong> para una instalaci\u00f3n m\u00e1s sencilla<\/li>\n<li>Velocidad de cierre ajustable<\/li>\n<li>Fuerza de impacto ajustable<\/li>\n<li>Freno de apertura ajustable<\/li>\n<li>\u00c1ngulo de apertura lado de la bisagra hasta aprox. <strong>170\u00b0<\/strong><\/li>\n<li>\u00c1ngulo de apertura en el lado del tope hasta aprox. <strong>120\u00b0<\/strong><\/li>\n<li>Aprobado seg\u00fan <strong>EN1154<\/strong><\/li>\n<li>Homologado para puertas cortafuegos <strong>EI60<\/strong><\/li>\n<li>Se adapta a puertas que se abren hacia la izquierda y hacia la derecha.<\/li>\n<li>Placa de montaje oculta<\/li>\n<li>Tratamiento de superficie: <strong>Plata<\/strong><\/li>\n<\/ul>\n<h3>Funci\u00f3n<\/h3>\n<p>ASSA ABLOY DC500 es un <strong>cierrapuertas de disco de leva<\/strong> donde se utiliza el riel deslizante manteniendo la fuerza de cierre. La tecnolog\u00eda de disco de leva tambi\u00e9n ofrece la ventaja de que la resistencia a la apertura es menor en relaci\u00f3n con la fuerza de cierre que con un cierrapuertas convencional.<\/p>\n<h3>Informaci\u00f3n importante durante el montaje<\/h3>\n<p>Al montar en <strong>p\u00e1gina de anuncios<\/strong> junto con <strong>riel deslizante G195<\/strong> recomendado <strong>Compuerta de apertura A153<\/strong> para un funcionamiento mejor y m\u00e1s controlado.<\/p>\n<h3>Medida<\/h3>\n<ul>\n<li>Altura: <strong>64 mm<\/strong><\/li>\n<li>Profundidad: <strong>57 mm<\/strong><\/li>\n<li>Longitud: <strong>270 mm<\/strong><\/li>\n<\/ul>\n<h3>Adecuado para<\/h3>\n<ul>\n<li>puertas de entrada<\/li>\n<li>puertas interiores<\/li>\n<li>puertas cortafuegos<\/li>\n<li>puertas de entrada<\/li>\n<li>propiedades, oficinas y entornos p\u00fablicos<\/li>\n<\/ul>\n<p>ASSA ABLOY DC500 es una buena opci\u00f3n para quienes buscan un <strong>Cierrapuertas con riel deslizante<\/strong> En un kit completo para puertas de iluminaci\u00f3n tenue. Obtendr\u00e1 un cierrapuertas fiable con funcionamiento suave, gran capacidad de ajuste y un dise\u00f1o discreto que se adapta a diversos tipos de propiedades.<\/p>\n<div style=\"background: #f6f8fa;padding: 14px;border-radius: 6px;margin: 18px 0\"><strong>\u00bfNecesitas ayuda para elegir el cierrapuertas adecuado?<\/strong><br \/>\nCompare el tipo de puerta, el ancho de la puerta y el dise\u00f1o del brazo, o vea m\u00e1s modelos en nuestra gama.<br \/>\n<a style=\"font-weight: bold\" href=\"https:\/\/secureus.se\/es\/dorrstangare-kompletta\/\"><br \/>\nVea aqu\u00ed todos los cierrapuertas completos \u2192<br \/>\n<\/a><\/div>","protected":false},"excerpt":{"rendered":"<p><strong>Kit completo de cierrapuertas ASSA ABLOY DC500 en color plata.<\/strong> con riel deslizante G195 para un cierre seguro y controlado de puertas exteriores, puertas interiores y puertas cortafuegos. Se adapta a puertas de hasta <strong>1100 mm<\/strong> y tiene <strong>Tecnolog\u00eda Cam Motion<\/strong> para una menor resistencia a la apertura.<\/p>\n<p>El conjunto completo incluye: <strong>Carcasa del cierrapuertas DC500, riel deslizante G195 y placa de montaje A120<\/strong>. El modelo tiene <strong>Fuerza de cierre ajustable EN 1-4<\/strong>, freno de apertura y se adapta tanto a puertas que abren hacia la izquierda como hacia la derecha.<\/p>","protected":false},"featured_media":133525,"template":"","meta":{"_acf_changed":false},"product_brand":[],"product_cat":[3258,4864],"product_tag":[4863],"class_list":{"0":"post-133527","1":"product","2":"type-product","3":"status-publish","4":"has-post-thumbnail","6":"product_cat-dorrstangare","7":"product_cat-dorrstangare-kompletta","8":"product_tag-pf","9":"product_shipping_class-tunga-paket","10":"pa_brands-abloy","11":"tm-no-options","13":"first","14":"instock","15":"sale","16":"taxable","17":"shipping-taxable","18":"purchasable","19":"product-type-simple"},"acf":[],"_links":{"self":[{"href":"https:\/\/secureus.se\/es\/wp-json\/wp\/v2\/product\/133527","targetHints":{"allow":["GET"]}}],"collection":[{"href":"https:\/\/secureus.se\/es\/wp-json\/wp\/v2\/product"}],"about":[{"href":"https:\/\/secureus.se\/es\/wp-json\/wp\/v2\/types\/product"}],"wp:featuredmedia":[{"embeddable":true,"href":"https:\/\/secureus.se\/es\/wp-json\/wp\/v2\/media\/133525"}],"wp:attachment":[{"href":"https:\/\/secureus.se\/es\/wp-json\/wp\/v2\/media?parent=133527"}],"wp:term":[{"taxonomy":"product_brand","embeddable":true,"href":"https:\/\/secureus.se\/es\/wp-json\/wp\/v2\/product_brand?post=133527"},{"taxonomy":"product_cat","embeddable":true,"href":"https:\/\/secureus.se\/es\/wp-json\/wp\/v2\/product_cat?post=133527"},{"taxonomy":"product_tag","embeddable":true,"href":"https:\/\/secureus.se\/es\/wp-json\/wp\/v2\/product_tag?post=133527"}],"curies":[{"name":"wp","href":"https:\/\/api.w.org\/{rel}","templated":true}]}}