{"id":134611,"date":"2020-05-26T17:13:12","date_gmt":"2020-05-26T15:13:12","guid":{"rendered":"https:\/\/secureus.se\/kurvig-2\/"},"modified":"2025-12-31T19:34:17","modified_gmt":"2025-12-31T18:34:17","slug":"kurvig","status":"publish","type":"product","link":"https:\/\/secureus.se\/es\/kurvig\/","title":{"rendered":"Letrero de puerta con curvas"},"content":{"rendered":"<p>Dimensiones: 130 x 50 mm<br \/>\nMaterial: Lat\u00f3n<br \/>\nPeso: 140 gramos<br \/>\nTratamiento superficial: Lacado transparente<\/p>\n<p>\u00a1Bienvenido a nuestra tienda de letreros! Aqu\u00ed puede ver nuestra gama de carteles para puertas de lat\u00f3n.<\/p>\n<p><em><strong><a href=\"https:\/\/dinskylt.se\/shop-dorrskyltar-massing\/\" target=\"_blank\" rel=\"noopener\">Haga clic en el cartel que le guste e ingrese su nombre en el generador de productos en https:\/\/dinskylt.se<\/a>\/<\/strong><\/em><\/p>\n<p>En la tienda de r\u00f3tulos podr\u00e1s ver f\u00e1cilmente y de antemano c\u00f3mo lucir\u00e1 tu r\u00f3tulo de puerta de lat\u00f3n. Una vez que haya realizado su pedido, el cartel de puerta de lat\u00f3n se grabar\u00e1 y se lo enviaremos dentro de las 24 horas. Todos nuestros carteles se fabrican en Alings\u00e5s y se entregan en toda la regi\u00f3n n\u00f3rdica en un plazo de 5 d\u00edas. Si tiene alguna pregunta sobre nuestros carteles para puertas, \u00a1siempre puede contactarnos!<\/p>","protected":false},"excerpt":{"rendered":"<p>Tenga en cuenta que si compra el cartel en nuestra tienda de dise\u00f1o, el precio es el mismo y el env\u00edo es gratuito.<\/p>\n<p>Si Kim Kardashian fuera un cartel para puerta, ser\u00eda \u00e9ste. Curvil\u00ednea, \u00fanica y llamativa.<\/p>\n<p>Con formas redondeadas, este cartel de puerta de lat\u00f3n es la elecci\u00f3n obvia para quienes desean decorar su puerta de entrada con un objeto decorativo que sus vecinos nunca olvidar\u00e1n.<\/p>\n<h5><em><strong><a href=\"https:\/\/dinskylt.se\/shop-dorrskyltar-massing\/\" target=\"_blank\" rel=\"noopener\">Aqu\u00ed puedes comprar y personalizar con tus propios nombres en el generador de productos en https:\/\/dinskylt.se<\/a>\/<\/strong><\/em><\/h5>\n<p><img decoding=\"async\" class=\"alignnone wp-image-123502210 size-medium\" src=\"https:\/\/securityonline.se\/wp-content\/uploads\/2020\/07\/Skylt_499kr_dinskylt.se_-300x240.jpg\" alt=\"Letreros para puertas de lat\u00f3n de la m\u00e1s alta calidad (brf)\" width=\"300\" height=\"240\" \/><\/p>\n<p>Ps Este regalo encaja perfectamente con nuestro cartel de No Publicidad, \u00e9chale un vistazo.\u00a0<a href=\"http:\/\/dinskylt.se\/product\/ingen-reklam-tack\/\">aqu\u00ed<\/a>.<\/p>","protected":false},"featured_media":134609,"template":"","meta":{"_acf_changed":false},"product_brand":[],"product_cat":[2920],"product_tag":[],"class_list":{"0":"post-134611","1":"product","2":"type-product","3":"status-publish","4":"has-post-thumbnail","6":"product_cat-dorrskyltar-i-massing","7":"pa_available-n","8":"pa_available-y","9":"pa_brands-secureus","10":"pa_color-gold","11":"pa_color-silver","12":"pa_holes-y","13":"pa_holes-n","14":"tm-no-options","16":"first","17":"instock","18":"taxable","19":"shipping-taxable","20":"purchasable","21":"product-type-simple"},"acf":[],"_links":{"self":[{"href":"https:\/\/secureus.se\/es\/wp-json\/wp\/v2\/product\/134611","targetHints":{"allow":["GET"]}}],"collection":[{"href":"https:\/\/secureus.se\/es\/wp-json\/wp\/v2\/product"}],"about":[{"href":"https:\/\/secureus.se\/es\/wp-json\/wp\/v2\/types\/product"}],"wp:featuredmedia":[{"embeddable":true,"href":"https:\/\/secureus.se\/es\/wp-json\/wp\/v2\/media\/134609"}],"wp:attachment":[{"href":"https:\/\/secureus.se\/es\/wp-json\/wp\/v2\/media?parent=134611"}],"wp:term":[{"taxonomy":"product_brand","embeddable":true,"href":"https:\/\/secureus.se\/es\/wp-json\/wp\/v2\/product_brand?post=134611"},{"taxonomy":"product_cat","embeddable":true,"href":"https:\/\/secureus.se\/es\/wp-json\/wp\/v2\/product_cat?post=134611"},{"taxonomy":"product_tag","embeddable":true,"href":"https:\/\/secureus.se\/es\/wp-json\/wp\/v2\/product_tag?post=134611"}],"curies":[{"name":"wp","href":"https:\/\/api.w.org\/{rel}","templated":true}]}}