{"id":134615,"date":"2020-05-26T00:15:53","date_gmt":"2020-05-25T22:15:53","guid":{"rendered":"https:\/\/secureus.se\/klassiskdorrskylt-2\/"},"modified":"2025-12-31T19:34:13","modified_gmt":"2025-12-31T18:34:13","slug":"klassiskdorrskylt","status":"publish","type":"product","link":"https:\/\/secureus.se\/es\/klassiskdorrskylt\/","title":{"rendered":"Letrero de puerta cl\u00e1sico"},"content":{"rendered":"<p>Tenga en cuenta que si compra el cartel en nuestra tienda de dise\u00f1o, el precio es el mismo y el env\u00edo es gratuito.<\/p>\n<p><em><strong><a href=\"https:\/\/dinskylt.se\/shop-dorrskyltar-massing\/\" target=\"_blank\" rel=\"noopener\">Haga clic en el cartel que le guste e ingrese sus nombres en el generador de productos en https:\/\/dinskylt.se<\/a>\/<\/strong><\/em><\/p>\n<p><img decoding=\"async\" class=\"alignnone wp-image-123502210 size-medium\" src=\"https:\/\/securityonline.se\/wp-content\/uploads\/2020\/07\/Skylt_499kr_dinskylt.se_-300x240.jpg\" alt=\"\" width=\"300\" height=\"240\" \/><\/p>\n<p>Dimensiones: 155 x 60 mm<br \/>\nMaterial: Lat\u00f3n<br \/>\nPeso: 250 gramos<\/p>\n<p>Tratamiento superficial: Lacado transparente<\/p>","protected":false},"excerpt":{"rendered":"<p>Tenga en cuenta que si compra el cartel en nuestra tienda de dise\u00f1o, el precio es el mismo y el env\u00edo es gratuito.<\/p>\n<h5><em><strong><a href=\"https:\/\/dinskylt.se\/shop-dorrskyltar-massing\/\" target=\"_blank\" rel=\"noopener\">Aqu\u00ed puedes comprar y personalizar con tus propios nombres en el generador de productos en https:\/\/dinskylt.se<\/a>\/<\/strong><\/em><\/h5>\n<p><img decoding=\"async\" class=\"alignnone wp-image-123502210 size-medium\" src=\"https:\/\/securityonline.se\/wp-content\/uploads\/2020\/07\/Skylt_499kr_dinskylt.se_-300x240.jpg\" alt=\"Letreros para puertas de lat\u00f3n de la m\u00e1s alta calidad (brf)\" width=\"300\" height=\"240\" \/><\/p>\n<p>Si George Clooney tuviera que pedir un cartel para adornar su puerta, ser\u00eda \u00e9ste.<\/p>\n<p>Un cl\u00e1sico cartel de puerta de lat\u00f3n seg\u00fan todas las reglas del arte. L\u00edneas rectas con elegantes bordes biselados. Este cartel es la elecci\u00f3n obvia para aquellos que quieren un toque extra de elegancia para su vida cotidiana, su puerta y su cartel de puerta.<\/p>\n<p>Ps Este regalo encaja perfectamente con nuestro cartel de No Publicidad, \u00e9chale un vistazo. <a href=\"http:\/\/dinskylt.se\/product\/ingen-reklam-tack\/\">aqu\u00ed<\/a>.<\/p>","protected":false},"featured_media":134613,"template":"","meta":{"_acf_changed":false},"product_brand":[],"product_cat":[2920],"product_tag":[],"class_list":{"0":"post-134615","1":"product","2":"type-product","3":"status-publish","4":"has-post-thumbnail","6":"product_cat-dorrskyltar-i-massing","7":"pa_available-n","8":"pa_available-y","9":"pa_brands-secureus","10":"pa_color-gold","11":"pa_color-silver","12":"pa_holes-y","13":"pa_holes-n","14":"tm-no-options","16":"first","17":"instock","18":"taxable","19":"shipping-taxable","20":"purchasable","21":"product-type-simple"},"acf":[],"_links":{"self":[{"href":"https:\/\/secureus.se\/es\/wp-json\/wp\/v2\/product\/134615","targetHints":{"allow":["GET"]}}],"collection":[{"href":"https:\/\/secureus.se\/es\/wp-json\/wp\/v2\/product"}],"about":[{"href":"https:\/\/secureus.se\/es\/wp-json\/wp\/v2\/types\/product"}],"wp:featuredmedia":[{"embeddable":true,"href":"https:\/\/secureus.se\/es\/wp-json\/wp\/v2\/media\/134613"}],"wp:attachment":[{"href":"https:\/\/secureus.se\/es\/wp-json\/wp\/v2\/media?parent=134615"}],"wp:term":[{"taxonomy":"product_brand","embeddable":true,"href":"https:\/\/secureus.se\/es\/wp-json\/wp\/v2\/product_brand?post=134615"},{"taxonomy":"product_cat","embeddable":true,"href":"https:\/\/secureus.se\/es\/wp-json\/wp\/v2\/product_cat?post=134615"},{"taxonomy":"product_tag","embeddable":true,"href":"https:\/\/secureus.se\/es\/wp-json\/wp\/v2\/product_tag?post=134615"}],"curies":[{"name":"wp","href":"https:\/\/api.w.org\/{rel}","templated":true}]}}