{"id":134619,"date":"2020-10-03T21:51:00","date_gmt":"2020-10-03T19:51:00","guid":{"rendered":"https:\/\/secureus.se\/stilren-2\/"},"modified":"2025-12-31T19:34:10","modified_gmt":"2025-12-31T18:34:10","slug":"stilren","status":"publish","type":"product","link":"https:\/\/secureus.se\/es\/stilren\/","title":{"rendered":"Letrero de puerta elegante de tama\u00f1o grande"},"content":{"rendered":"<p>Tenga en cuenta que si compra el cartel en nuestra tienda de dise\u00f1o, el precio es el mismo y el env\u00edo es gratuito.<\/p>\n<p><em><strong><a href=\"https:\/\/dinskylt.se\/shop-dorrskyltar-massing\/\" target=\"_blank\" rel=\"noopener\">Haga clic en el cartel que le guste e ingrese sus nombres en el generador de productos en https:\/\/dinskylt.se<\/a>\/<\/strong><\/em><\/p>\n<p>Dimensiones: 170 x 70 mm<br \/>\nMaterial: Lat\u00f3n<br \/>\nPeso: 200 gramos<br \/>\nTratamiento superficial: Lacado transparente<\/p>","protected":false},"excerpt":{"rendered":"<p>Tenga en cuenta que si compra el cartel en nuestra tienda de dise\u00f1o, el precio es el mismo y el env\u00edo es gratuito.<\/p>\n<h5><em><strong><a href=\"https:\/\/dinskylt.se\/shop-dorrskyltar-massing\/\" target=\"_blank\" rel=\"noopener\">Aqu\u00ed puedes comprar y personalizar con tus propios nombres en el generador de productos en https:\/\/dinskylt.se<\/a>\/<\/strong><\/em><\/h5>\n<p><img decoding=\"async\" class=\"alignnone wp-image-123502210 size-medium\" src=\"https:\/\/securityonline.se\/wp-content\/uploads\/2020\/07\/Skylt_499kr_dinskylt.se_-300x240.jpg\" alt=\"Letreros para puertas de lat\u00f3n de la m\u00e1s alta calidad (brf)\" width=\"300\" height=\"240\" \/><\/p>\n<p>\u00a1Feliz y elegante, limpio y listo!<\/p>\n<p>\u00bfPensas lo mismo que nosotros?<br \/>\nGalleta de chocolate, pero un poco m\u00e1s fina, biselada en los bordes y con tu nombre grabado. Este cartel de lat\u00f3n es la elecci\u00f3n para quienes desean un cartel de puerta atemporal y elegante. Convenientemente, este cartel viene en dos tama\u00f1os diferentes. \u00a1NOTA! Come bajo tu propio riesgo.<\/p>\n<p>Ps Este regalo encaja perfectamente con nuestro cartel de No Publicidad, \u00e9chale un vistazo. <a href=\"http:\/\/dinskylt.se\/product\/ingen-reklam-tack\/\">aqu\u00ed<\/a>.<\/p>","protected":false},"featured_media":134617,"template":"","meta":{"_acf_changed":false},"product_brand":[],"product_cat":[2920],"product_tag":[],"class_list":{"0":"post-134619","1":"product","2":"type-product","3":"status-publish","4":"has-post-thumbnail","6":"product_cat-dorrskyltar-i-massing","7":"pa_available-n","8":"pa_available-y","9":"pa_brands-secureus","10":"pa_color-gold","11":"pa_color-silver","12":"pa_holes-y","13":"pa_holes-n","14":"tm-no-options","16":"first","17":"instock","18":"taxable","19":"shipping-taxable","20":"purchasable","21":"product-type-simple"},"acf":[],"_links":{"self":[{"href":"https:\/\/secureus.se\/es\/wp-json\/wp\/v2\/product\/134619","targetHints":{"allow":["GET"]}}],"collection":[{"href":"https:\/\/secureus.se\/es\/wp-json\/wp\/v2\/product"}],"about":[{"href":"https:\/\/secureus.se\/es\/wp-json\/wp\/v2\/types\/product"}],"wp:featuredmedia":[{"embeddable":true,"href":"https:\/\/secureus.se\/es\/wp-json\/wp\/v2\/media\/134617"}],"wp:attachment":[{"href":"https:\/\/secureus.se\/es\/wp-json\/wp\/v2\/media?parent=134619"}],"wp:term":[{"taxonomy":"product_brand","embeddable":true,"href":"https:\/\/secureus.se\/es\/wp-json\/wp\/v2\/product_brand?post=134619"},{"taxonomy":"product_cat","embeddable":true,"href":"https:\/\/secureus.se\/es\/wp-json\/wp\/v2\/product_cat?post=134619"},{"taxonomy":"product_tag","embeddable":true,"href":"https:\/\/secureus.se\/es\/wp-json\/wp\/v2\/product_tag?post=134619"}],"curies":[{"name":"wp","href":"https:\/\/api.w.org\/{rel}","templated":true}]}}