{"id":137044,"date":"2024-06-12T13:12:56","date_gmt":"2024-06-12T11:12:56","guid":{"rendered":"https:\/\/secureus.se\/?post_type=product&#038;p=137044"},"modified":"2026-04-08T16:02:35","modified_gmt":"2026-04-08T14:02:35","slug":"provkit-solo-20-93-m-rok-barvaskor","status":"publish","type":"product","link":"https:\/\/secureus.se\/es\/provkit-solo-20-93-m-rok-barvaskor\/","title":{"rendered":"Kit de muestra Solo 20 \u2013 9,3 m (humo) \u2013 Estuches de transporte"},"content":{"rendered":"<h1>Kit de muestra Solo 20 \u2013 9,3 m (humo) \u2013 Estuches de transporte<\/h1>\n<h3 data-start=\"299\" data-end=\"345\">Kit de prueba de detector de humo profesional<\/h3>\n<p data-start=\"346\" data-end=\"559\">Solo\u202f20 \u00e4r ett komplett provningskit utformat f\u00f6r enkel och s\u00e4ker funktionskontroll av r\u00f6kdetektorer p\u00e5 h\u00f6ga installationer, upp till cirka 9,3\u202fm.<\/p>\n<p data-start=\"346\" data-end=\"559\">El kit est\u00e1 optimizado tanto para la eficiencia como para la facilidad de transporte.<\/p>\n<h3 data-start=\"561\" data-end=\"585\">Inneh\u00e5ll i Solo\u202f20<\/h3>\n<ul data-start=\"586\" data-end=\"1129\">\n<li data-start=\"586\" data-end=\"674\">\n<p data-start=\"588\" data-end=\"674\"><strong data-start=\"588\" data-end=\"616\">Probador de detectores Solo 330<\/strong> \u2013 Prueba de detectores de humo con cilindros de gas de prueba Solo A5.<\/p>\n<\/li>\n<li data-start=\"675\" data-end=\"833\">\n<p data-start=\"677\" data-end=\"833\"><strong data-start=\"677\" data-end=\"703\">P\u00e9rtiga telesc\u00f3pica Solo 100<\/strong> \u2013 largo, 4,5 m con 4 segmentos de fibra de vidrio, se puede combinar con tres postes de extensi\u00f3n Solo 101 para un alcance total de hasta 9,3 m.<\/p>\n<\/li>\n<li data-start=\"834\" data-end=\"912\">\n<p data-start=\"836\" data-end=\"912\"><strong data-start=\"836\" data-end=\"872\">3 \u00d7 varillas de extensi\u00f3n Solo 101<\/strong> \u2013 aumenta la altura y la flexibilidad de la muestra.<\/p>\n<\/li>\n<li data-start=\"913\" data-end=\"1026\">\n<p data-start=\"915\" data-end=\"1026\"><strong data-start=\"915\" data-end=\"944\">Estuche de transporte + carcaj Solo 610<\/strong> \u2013 Pr\u00e1ctico sistema de almacenamiento con espacio para varillas, comprobadores y cilindros de gas de prueba.<\/p>\n<\/li>\n<li data-start=\"1027\" data-end=\"1129\">\n<p data-start=\"1029\" data-end=\"1129\"><strong data-start=\"1029\" data-end=\"1059\">3 cilindros de gas de prueba Solo A5<\/strong> \u2013 optimizado para detectores de humo, suficiente para aproximadamente 400 muestras por botella.<\/p>\n<\/li>\n<\/ul>\n<h3 data-start=\"1131\" data-end=\"1163\">Uso f\u00e1cil y seguro<\/h3>\n<ol data-start=\"1164\" data-end=\"1431\">\n<li data-start=\"1164\" data-end=\"1223\">\n<p data-start=\"1167\" data-end=\"1223\">Agite las botellas de gas de prueba Solo A5 e inst\u00e1lelas en el Solo 330.<\/p>\n<\/li>\n<li data-start=\"1224\" data-end=\"1268\">\n<p data-start=\"1227\" data-end=\"1268\">Enrosque el recipiente y gire \u00bc de vuelta.<\/p>\n<\/li>\n<li data-start=\"1269\" data-end=\"1351\">\n<p data-start=\"1272\" data-end=\"1351\">Coloque la taza alrededor del detector, presione ligeramente contra el techo y deje que el gas salga.<\/p>\n<\/li>\n<li data-start=\"1352\" data-end=\"1431\">\n<p data-start=\"1355\" data-end=\"1431\">Espere aproximadamente 10 segundos hasta que el detector suene la alarma. Si es necesario, repita la prueba corta.<\/p>\n<\/li>\n<\/ol>\n<h3 data-start=\"1433\" data-end=\"1459\">F\u00f6rdelar med Solo\u202f20<\/h3>\n<ul data-start=\"1460\" data-end=\"1722\">\n<li data-start=\"1460\" data-end=\"1494\">\n<p data-start=\"1462\" data-end=\"1494\">Komplett kit f\u00f6r r\u00f6kdetektorer<\/p>\n<\/li>\n<li data-start=\"1495\" data-end=\"1558\">\n<p data-start=\"1497\" data-end=\"1558\">Alcance hasta 9,3 m con poste telesc\u00f3pico y extensiones<\/p>\n<\/li>\n<li data-start=\"1559\" data-end=\"1615\">\n<p data-start=\"1561\" data-end=\"1615\">Estuche de transporte profesional y carcaj para un f\u00e1cil transporte.<\/p>\n<\/li>\n<li data-start=\"1616\" data-end=\"1675\">\n<p data-start=\"1618\" data-end=\"1675\">F\u00e1cil manejo con reinicio r\u00e1pido de los detectores.<\/p>\n<\/li>\n<li data-start=\"1676\" data-end=\"1722\">\n<p data-start=\"1678\" data-end=\"1722\">Se adapta a la mayor\u00eda de las marcas de detectores de humo.<\/p>\n<\/li>\n<\/ul>\n<h3 data-start=\"1724\" data-end=\"1754\">Especificaciones t\u00e9cnicas<\/h3>\n<ul data-start=\"1755\" data-end=\"2021\">\n<li data-start=\"1755\" data-end=\"1788\">\n<p data-start=\"1757\" data-end=\"1788\">Altura de prueba: hasta 9,3 m<\/p>\n<\/li>\n<li data-start=\"1789\" data-end=\"1858\">\n<p data-start=\"1791\" data-end=\"1858\">Inneh\u00e5ll: Solo\u202f330, Solo\u202f100, 3 \u00d7 Solo\u202f101, Solo\u202f610, 3 \u00d7 Solo\u202fA5<\/p>\n<\/li>\n<li data-start=\"1859\" data-end=\"1921\">\n<p data-start=\"1861\" data-end=\"1921\">Material del poste telesc\u00f3pico: fibra de vidrio, no conductor de electricidad<\/p>\n<\/li>\n<li data-start=\"1922\" data-end=\"1973\">\n<p data-start=\"1924\" data-end=\"1973\">Capacidad de la botella de gas de prueba: aprox. 400 muestras por botella<\/p>\n<\/li>\n<li data-start=\"1974\" data-end=\"2021\">\n<p data-start=\"1976\" data-end=\"2021\">\n<\/li>\n<\/ul>","protected":false},"excerpt":{"rendered":"<p>El kit de prueba Solo 20 es un kit completo para pruebas funcionales de detectores de humo de hasta aproximadamente 9,3 m.<\/p>\n<p>Contiene poste telesc\u00f3pico Solo 100 con 3 postes de extensi\u00f3n Solo 101, probador de detector Solo 330, 3 cilindros de gas de prueba Solo A5 y estuche de transporte y carcaj Solo 610.<\/p>","protected":false},"featured_media":137043,"template":"","meta":{"_acf_changed":false},"product_brand":[],"product_cat":[2945,3849],"product_tag":[],"class_list":{"0":"post-137044","1":"product","2":"type-product","3":"status-publish","4":"has-post-thumbnail","6":"product_cat-solo","7":"product_cat-solo-kit","8":"product_shipping_class-tunga-paket","9":"pa_brands-solo","10":"tm-no-options","12":"first","13":"instock","14":"taxable","15":"shipping-taxable","16":"purchasable","17":"product-type-simple"},"acf":[],"_links":{"self":[{"href":"https:\/\/secureus.se\/es\/wp-json\/wp\/v2\/product\/137044","targetHints":{"allow":["GET"]}}],"collection":[{"href":"https:\/\/secureus.se\/es\/wp-json\/wp\/v2\/product"}],"about":[{"href":"https:\/\/secureus.se\/es\/wp-json\/wp\/v2\/types\/product"}],"wp:featuredmedia":[{"embeddable":true,"href":"https:\/\/secureus.se\/es\/wp-json\/wp\/v2\/media\/137043"}],"wp:attachment":[{"href":"https:\/\/secureus.se\/es\/wp-json\/wp\/v2\/media?parent=137044"}],"wp:term":[{"taxonomy":"product_brand","embeddable":true,"href":"https:\/\/secureus.se\/es\/wp-json\/wp\/v2\/product_brand?post=137044"},{"taxonomy":"product_cat","embeddable":true,"href":"https:\/\/secureus.se\/es\/wp-json\/wp\/v2\/product_cat?post=137044"},{"taxonomy":"product_tag","embeddable":true,"href":"https:\/\/secureus.se\/es\/wp-json\/wp\/v2\/product_tag?post=137044"}],"curies":[{"name":"wp","href":"https:\/\/api.w.org\/{rel}","templated":true}]}}