{"id":137232,"date":"2024-06-12T13:12:53","date_gmt":"2024-06-12T11:12:53","guid":{"rendered":"https:\/\/secureus.se\/?post_type=product&#038;p=137232"},"modified":"2026-04-08T16:01:05","modified_gmt":"2026-04-08T14:01:05","slug":"provkit-solo-12-73-m-varme-rok-vaska-nedtagare","status":"publish","type":"product","link":"https:\/\/secureus.se\/es\/provkit-solo-12-73-m-varme-rok-vaska-nedtagare\/","title":{"rendered":"Kit de muestra Solo 12 \u2013 7,3 m (Calor\/Humo) \u2013 Bolsa y deflector"},"content":{"rendered":"<h1>Kit de muestra Solo 12 \u2013 7,3 m (Calor\/Humo) \u2013 Bolsa y deflector<\/h1>\n<h3 data-start=\"394\" data-end=\"445\">Kit completo de prueba para detectores de humo y calor.<\/h3>\n<p data-start=\"446\" data-end=\"711\">El Solo 12 est\u00e1 dise\u00f1ado para realizar pruebas eficientes y seguras de detectores de humo y calor hasta una distancia aproximada de 7,3 m.<\/p>\n<p data-start=\"446\" data-end=\"711\">El kit combina p\u00e9rtigas telesc\u00f3picas, extensiones y equipos de prueba con un malet\u00edn de transporte y una funda, lo que facilita su transporte y uso en la obra.<\/p>\n<h3 data-start=\"713\" data-end=\"737\">Contenido de Solo 12<\/h3>\n<ul data-start=\"738\" data-end=\"1373\">\n<li data-start=\"738\" data-end=\"854\">\n<p data-start=\"740\" data-end=\"854\"><strong data-start=\"740\" data-end=\"768\">Probador de detectores Solo 330<\/strong> \u2013 prueba detectores de humo y CO, compatible con cilindros de gas de prueba Solo A5 y Solo C3.<\/p>\n<\/li>\n<li data-start=\"855\" data-end=\"941\">\n<p data-start=\"857\" data-end=\"941\"><strong data-start=\"857\" data-end=\"890\">Probador de detectores de calor Solo 461<\/strong> \u2013 Funciona con pilas para probar detectores de calor.<\/p>\n<\/li>\n<li data-start=\"942\" data-end=\"1032\">\n<p data-start=\"944\" data-end=\"1032\"><strong data-start=\"944\" data-end=\"970\">P\u00e9rtiga telesc\u00f3pica Solo 108<\/strong> \u2013 2,5 m, fibra de vidrio, no conductor de electricidad, ligero y r\u00edgido.<\/p>\n<\/li>\n<li data-start=\"1033\" data-end=\"1124\">\n<p data-start=\"1035\" data-end=\"1124\"><strong data-start=\"1035\" data-end=\"1071\">3 \u00d7 Varillas de extensi\u00f3n Solo 101<\/strong> \u2013 1,13 m cada una, se pueden conectar entre s\u00ed para alcanzar mayor altura.<\/p>\n<\/li>\n<li data-start=\"1125\" data-end=\"1196\">\n<p data-start=\"1127\" data-end=\"1196\"><strong data-start=\"1127\" data-end=\"1160\">Dispositivo de desmontaje universal Solo 200<\/strong> \u2013 Retirada segura de los detectores.<\/p>\n<\/li>\n<li data-start=\"1197\" data-end=\"1286\">\n<p data-start=\"1199\" data-end=\"1286\"><strong data-start=\"1199\" data-end=\"1228\">Estuche de transporte + carcaj Solo 610<\/strong> \u2013 pr\u00e1ctico para el transporte y almacenamiento del equipo.<\/p>\n<\/li>\n<li data-start=\"1287\" data-end=\"1373\">\n<p data-start=\"1289\" data-end=\"1373\"><strong data-start=\"1289\" data-end=\"1319\">3 botellas de gas de prueba Solo A5<\/strong> \u2013 prueba de humo, suficiente para unas 400 pruebas por botella.<\/p>\n<\/li>\n<\/ul>\n<h3 data-start=\"1375\" data-end=\"1407\">Uso f\u00e1cil y seguro<\/h3>\n<ol data-start=\"1408\" data-end=\"1707\">\n<li data-start=\"1408\" data-end=\"1505\">\n<p data-start=\"1411\" data-end=\"1505\">Monte la l\u00e1mpara Solo 330 o Solo 461 en los postes Solo 108 y en cualquier poste Solo 101 para obtener la altura deseada.<\/p>\n<\/li>\n<li data-start=\"1506\" data-end=\"1567\">\n<p data-start=\"1509\" data-end=\"1567\">Agite la botella de gas de prueba Solo A5 e inst\u00e1lela en el probador.<\/p>\n<\/li>\n<li data-start=\"1568\" data-end=\"1638\">\n<p data-start=\"1571\" data-end=\"1638\">Coloque el recipiente alrededor del detector, presione ligeramente y deje que salga el gas.<\/p>\n<\/li>\n<li data-start=\"1639\" data-end=\"1707\">\n<p data-start=\"1642\" data-end=\"1707\">Espere aproximadamente 10 segundos hasta que el detector suene una alarma; repita si es necesario.<\/p>\n<\/li>\n<\/ol>\n<h3 data-start=\"1709\" data-end=\"1735\">Ventajas del Solo 12<\/h3>\n<ul data-start=\"1736\" data-end=\"1922\">\n<li data-start=\"1736\" data-end=\"1763\">\n<p data-start=\"1738\" data-end=\"1763\">Alcance hasta 7,3 m<\/p>\n<\/li>\n<li data-start=\"1764\" data-end=\"1805\">\n<p data-start=\"1766\" data-end=\"1805\">Compacto y port\u00e1til con estuche Solo 610<\/p>\n<\/li>\n<li data-start=\"1806\" data-end=\"1865\">\n<p data-start=\"1808\" data-end=\"1865\">Comprueba tanto los detectores de humo y calor como los detectores de mon\u00f3xido de carbono.<\/p>\n<\/li>\n<li data-start=\"1866\" data-end=\"1922\">\n<p data-start=\"1868\" data-end=\"1922\">F\u00e1cil montaje y manejo de varillas y comprobadores<\/p>\n<\/li>\n<\/ul>\n<h3 data-start=\"1924\" data-end=\"1954\">Especificaciones t\u00e9cnicas<\/h3>\n<ul data-start=\"1955\" data-end=\"2229\">\n<li data-start=\"1955\" data-end=\"1988\">\n<p data-start=\"1957\" data-end=\"1988\">Altura de prueba: hasta 7,3 m<\/p>\n<\/li>\n<li data-start=\"1989\" data-end=\"2078\">\n<p data-start=\"1991\" data-end=\"2078\">Contenido: Solo 330, Solo 461, Solo 108, 3 \u00d7 Solo 101, Solo 200, Solo 610, 3 \u00d7 Solo A5<\/p>\n<\/li>\n<li data-start=\"2079\" data-end=\"2133\">\n<p data-start=\"2081\" data-end=\"2133\">Material de la varilla: fibra de vidrio, no conductora<\/p>\n<\/li>\n<li data-start=\"2134\" data-end=\"2181\">\n<p data-start=\"2136\" data-end=\"2181\">Capacidad de la botella de gas de prueba: aprox. 400 muestras\/botella<\/p>\n<\/li>\n<li data-start=\"2182\" data-end=\"2229\">\n<p data-start=\"2184\" data-end=\"2229\">Compatible con: Probadores Solo y Testifire<\/p>\n<\/li>\n<\/ul>","protected":false},"excerpt":{"rendered":"<p>El kit de prueba Solo 12 es un kit completo para probar detectores de humo y calor hasta aproximadamente 7,3 m.<\/p>\n<p>Contiene poste telesc\u00f3pico Solo 108, 3 postes de extensi\u00f3n Solo 101, probador de detector Solo 330, probador de detector de calor Solo 461, dispositivo de desmontaje Solo 200, estuche de transporte Solo 610 y 3 cilindros de gas de prueba Solo A5.<\/p>\n<p>Perfecto para pruebas profesionales a grandes altitudes.<\/p>","protected":false},"featured_media":137230,"template":"","meta":{"_acf_changed":false},"product_brand":[],"product_cat":[2945,3849],"product_tag":[],"class_list":{"0":"post-137232","1":"product","2":"type-product","3":"status-publish","4":"has-post-thumbnail","6":"product_cat-solo","7":"product_cat-solo-kit","8":"product_shipping_class-tunga-paket","9":"pa_brands-solo","10":"tm-no-options","12":"first","13":"instock","14":"taxable","15":"shipping-taxable","16":"purchasable","17":"product-type-simple"},"acf":[],"_links":{"self":[{"href":"https:\/\/secureus.se\/es\/wp-json\/wp\/v2\/product\/137232","targetHints":{"allow":["GET"]}}],"collection":[{"href":"https:\/\/secureus.se\/es\/wp-json\/wp\/v2\/product"}],"about":[{"href":"https:\/\/secureus.se\/es\/wp-json\/wp\/v2\/types\/product"}],"wp:featuredmedia":[{"embeddable":true,"href":"https:\/\/secureus.se\/es\/wp-json\/wp\/v2\/media\/137230"}],"wp:attachment":[{"href":"https:\/\/secureus.se\/es\/wp-json\/wp\/v2\/media?parent=137232"}],"wp:term":[{"taxonomy":"product_brand","embeddable":true,"href":"https:\/\/secureus.se\/es\/wp-json\/wp\/v2\/product_brand?post=137232"},{"taxonomy":"product_cat","embeddable":true,"href":"https:\/\/secureus.se\/es\/wp-json\/wp\/v2\/product_cat?post=137232"},{"taxonomy":"product_tag","embeddable":true,"href":"https:\/\/secureus.se\/es\/wp-json\/wp\/v2\/product_tag?post=137232"}],"curies":[{"name":"wp","href":"https:\/\/api.w.org\/{rel}","templated":true}]}}