{"id":137436,"date":"2024-06-12T13:12:53","date_gmt":"2024-06-12T11:12:53","guid":{"rendered":"https:\/\/secureus.se\/?post_type=product&#038;p=137436"},"modified":"2026-03-26T12:28:16","modified_gmt":"2026-03-26T11:28:16","slug":"provkit-solo-11-73-m-varme-rok-barvaskor","status":"publish","type":"product","link":"https:\/\/secureus.se\/es\/provkit-solo-11-73-m-varme-rok-barvaskor\/","title":{"rendered":"Kit de prueba Solo 11 \u2013 7,3 m (calor\/humo) \u2013 Estuches de transporte"},"content":{"rendered":"<h1>Kit de prueba Solo 11 \u2013 7,3 m (calor\/humo) \u2013 Estuches de transporte<\/h1>\n<h3 data-start=\"370\" data-end=\"421\">Kit completo de prueba para detectores de humo y calor.<\/h3>\n<p data-start=\"422\" data-end=\"677\">El Solo 11 est\u00e1 dise\u00f1ado para realizar pruebas seguras y eficientes de detectores de humo y calor hasta aproximadamente 7,3 m.<\/p>\n<p data-start=\"422\" data-end=\"677\">El kit combina p\u00e9rtigas telesc\u00f3picas y extensiones con equipos de prueba y pr\u00e1cticos maletines de transporte, lo que facilita su transporte y uso en la obra.<\/p>\n<h3 data-start=\"679\" data-end=\"703\">Contenido de Solo 11<\/h3>\n<ul data-start=\"704\" data-end=\"1267\">\n<li data-start=\"704\" data-end=\"820\">\n<p data-start=\"706\" data-end=\"820\"><strong data-start=\"706\" data-end=\"734\">Probador de detectores Solo 330<\/strong> \u2013 prueba detectores de humo y CO, compatible con cilindros de gas de prueba Solo A5 y Solo C3.<\/p>\n<\/li>\n<li data-start=\"821\" data-end=\"907\">\n<p data-start=\"823\" data-end=\"907\"><strong data-start=\"823\" data-end=\"856\">Probador de detectores de calor Solo 461<\/strong> \u2013 Funciona con pilas para probar detectores de calor.<\/p>\n<\/li>\n<li data-start=\"908\" data-end=\"998\">\n<p data-start=\"910\" data-end=\"998\"><strong data-start=\"910\" data-end=\"936\">P\u00e9rtiga telesc\u00f3pica Solo 108<\/strong> \u2013 2,5 m, fibra de vidrio, no conductor de electricidad, ligero y r\u00edgido.<\/p>\n<\/li>\n<li data-start=\"999\" data-end=\"1090\">\n<p data-start=\"1001\" data-end=\"1090\"><strong data-start=\"1001\" data-end=\"1037\">3 \u00d7 Varillas de extensi\u00f3n Solo 101<\/strong> \u2013 1,13 m cada una, se pueden conectar entre s\u00ed para alcanzar mayor altura.<\/p>\n<\/li>\n<li data-start=\"1091\" data-end=\"1180\">\n<p data-start=\"1093\" data-end=\"1180\"><strong data-start=\"1093\" data-end=\"1122\">Estuche de transporte + carcaj Solo 610<\/strong> \u2013 pr\u00e1ctico para el transporte y almacenamiento del equipo.<\/p>\n<\/li>\n<li data-start=\"1181\" data-end=\"1267\">\n<p data-start=\"1183\" data-end=\"1267\"><strong data-start=\"1183\" data-end=\"1213\">3 botellas de gas de prueba Solo A5<\/strong> \u2013 prueba de humo, suficiente para unas 400 pruebas por botella.<\/p>\n<\/li>\n<\/ul>\n<h3 data-start=\"1269\" data-end=\"1301\">Uso f\u00e1cil y seguro<\/h3>\n<ol data-start=\"1302\" data-end=\"1601\">\n<li data-start=\"1302\" data-end=\"1399\">\n<p data-start=\"1305\" data-end=\"1399\">Monte la l\u00e1mpara Solo 330 o Solo 461 en los postes Solo 108 y en cualquier poste Solo 101 para obtener la altura deseada.<\/p>\n<\/li>\n<li data-start=\"1400\" data-end=\"1461\">\n<p data-start=\"1403\" data-end=\"1461\">Agite la botella de gas de prueba Solo A5 e inst\u00e1lela en el probador.<\/p>\n<\/li>\n<li data-start=\"1462\" data-end=\"1532\">\n<p data-start=\"1465\" data-end=\"1532\">Coloque el recipiente alrededor del detector, presione ligeramente y deje que salga el gas.<\/p>\n<\/li>\n<li data-start=\"1533\" data-end=\"1601\">\n<p data-start=\"1536\" data-end=\"1601\">Espere aproximadamente 10 segundos hasta que el detector suene una alarma; repita si es necesario.<\/p>\n<\/li>\n<\/ol>\n<h3 data-start=\"1603\" data-end=\"1629\">Ventajas de Solo 11<\/h3>\n<ul data-start=\"1630\" data-end=\"1816\">\n<li data-start=\"1630\" data-end=\"1657\">\n<p data-start=\"1632\" data-end=\"1657\">Alcance hasta 7,3 m<\/p>\n<\/li>\n<li data-start=\"1658\" data-end=\"1699\">\n<p data-start=\"1660\" data-end=\"1699\">Compacto y port\u00e1til con estuche Solo 610<\/p>\n<\/li>\n<li data-start=\"1700\" data-end=\"1759\">\n<p data-start=\"1702\" data-end=\"1759\">Comprueba tanto los detectores de humo y calor como los detectores de mon\u00f3xido de carbono.<\/p>\n<\/li>\n<li data-start=\"1760\" data-end=\"1816\">\n<p data-start=\"1762\" data-end=\"1816\">F\u00e1cil montaje y manejo de varillas y comprobadores<\/p>\n<\/li>\n<\/ul>\n<h3 data-start=\"1818\" data-end=\"1848\">Especificaciones t\u00e9cnicas<\/h3>\n<ul data-start=\"1849\" data-end=\"2113\">\n<li data-start=\"1849\" data-end=\"1882\">\n<p data-start=\"1851\" data-end=\"1882\">Altura de prueba: hasta 7,3 m<\/p>\n<\/li>\n<li data-start=\"1883\" data-end=\"1962\">\n<p data-start=\"1885\" data-end=\"1962\">Contenido: Solo 330, Solo 461, Solo 108, 3 \u00d7 Solo 101, Solo 610, 3 \u00d7 Solo A5<\/p>\n<\/li>\n<li data-start=\"1963\" data-end=\"2017\">\n<p data-start=\"1965\" data-end=\"2017\">Material de la varilla: fibra de vidrio, no conductora<\/p>\n<\/li>\n<li data-start=\"2018\" data-end=\"2065\">\n<p data-start=\"2020\" data-end=\"2065\">Capacidad de la botella de gas de prueba: aprox. 400 muestras\/botella<\/p>\n<\/li>\n<li data-start=\"2066\" data-end=\"2113\">\n<p data-start=\"2068\" data-end=\"2113\">Compatible con: Probadores Solo y Testifire<\/p>\n<\/li>\n<\/ul>","protected":false},"excerpt":{"rendered":"<p>El kit de prueba Solo 11 es un kit completo para probar detectores de humo y calor hasta aproximadamente 7,3 m.<\/p>\n<p>Contiene poste telesc\u00f3pico Solo 108, 3 postes de extensi\u00f3n Solo 101, probador de detector Solo 330, probador de detector de calor Solo 461, estuche de transporte Solo 610 y 3 cilindros de gas de prueba Solo A5.<\/p>\n<p>C\u00f3modo y port\u00e1til para pruebas profesionales.<\/p>","protected":false},"featured_media":137435,"template":"","meta":{"_acf_changed":false},"product_brand":[],"product_cat":[2945,3849],"product_tag":[],"class_list":{"0":"post-137436","1":"product","2":"type-product","3":"status-publish","4":"has-post-thumbnail","6":"product_cat-solo","7":"product_cat-solo-kit","8":"product_shipping_class-tunga-paket","9":"pa_brands-solo","10":"tm-no-options","12":"first","13":"onbackorder","14":"taxable","15":"shipping-taxable","16":"purchasable","17":"product-type-simple"},"acf":[],"_links":{"self":[{"href":"https:\/\/secureus.se\/es\/wp-json\/wp\/v2\/product\/137436","targetHints":{"allow":["GET"]}}],"collection":[{"href":"https:\/\/secureus.se\/es\/wp-json\/wp\/v2\/product"}],"about":[{"href":"https:\/\/secureus.se\/es\/wp-json\/wp\/v2\/types\/product"}],"wp:featuredmedia":[{"embeddable":true,"href":"https:\/\/secureus.se\/es\/wp-json\/wp\/v2\/media\/137435"}],"wp:attachment":[{"href":"https:\/\/secureus.se\/es\/wp-json\/wp\/v2\/media?parent=137436"}],"wp:term":[{"taxonomy":"product_brand","embeddable":true,"href":"https:\/\/secureus.se\/es\/wp-json\/wp\/v2\/product_brand?post=137436"},{"taxonomy":"product_cat","embeddable":true,"href":"https:\/\/secureus.se\/es\/wp-json\/wp\/v2\/product_cat?post=137436"},{"taxonomy":"product_tag","embeddable":true,"href":"https:\/\/secureus.se\/es\/wp-json\/wp\/v2\/product_tag?post=137436"}],"curies":[{"name":"wp","href":"https:\/\/api.w.org\/{rel}","templated":true}]}}