{"id":138067,"date":"2024-06-12T13:12:59","date_gmt":"2024-06-12T11:12:59","guid":{"rendered":"https:\/\/secureus.se\/?post_type=product&#038;p=138067"},"modified":"2026-03-26T12:27:28","modified_gmt":"2026-03-26T11:27:28","slug":"provkit-solo-22-93-m-varme-rok-vaskor-nedtagare","status":"publish","type":"product","link":"https:\/\/secureus.se\/es\/provkit-solo-22-93-m-varme-rok-vaskor-nedtagare\/","title":{"rendered":"Kit de prueba Solo 22 de 9,3 m (calor\/humo) con bolsas y kits de desmontaje"},"content":{"rendered":"<h1>Kit de prueba Solo 22 de 9,3 m (calor\/humo) con bolsas y kits de desmontaje<\/h1>\n<h3 data-start=\"361\" data-end=\"427\">Kit de prueba completo para detectores de humo y calor de hasta 9,3 m<\/h3>\n<p data-start=\"428\" data-end=\"646\">Solo 22 es un kit de prueba profesional que ofrece un alcance completo para probar y mantener detectores de humo y calor en instalaciones grandes o en techos altos.<\/p>\n<p data-start=\"428\" data-end=\"646\">El kit est\u00e1 dise\u00f1ado para brindar eficiencia, seguridad y f\u00e1cil transporte.<\/p>\n<h3 data-start=\"648\" data-end=\"672\">Contenido de Solo 22<\/h3>\n<ul data-start=\"673\" data-end=\"1417\">\n<li data-start=\"673\" data-end=\"782\">\n<p data-start=\"675\" data-end=\"782\"><strong data-start=\"675\" data-end=\"703\">Probador de detectores Solo 330<\/strong> \u2013 Prueba de detectores de humo y CO con cilindros de gas de prueba Solo A5 y Solo C3.<\/p>\n<\/li>\n<li data-start=\"783\" data-end=\"941\">\n<p data-start=\"785\" data-end=\"941\"><strong data-start=\"785\" data-end=\"811\">P\u00e9rtiga telesc\u00f3pica Solo 100<\/strong> \u2013 largo, 4,5 m con 4 segmentos de fibra de vidrio, se puede combinar con tres postes de extensi\u00f3n Solo 101 para un alcance total de hasta 9,3 m.<\/p>\n<\/li>\n<li data-start=\"942\" data-end=\"1019\">\n<p data-start=\"944\" data-end=\"1019\"><strong data-start=\"944\" data-end=\"980\">3 \u00d7 varillas de extensi\u00f3n Solo 101<\/strong> \u2013 proporciona m\u00e1xima altura y flexibilidad.<\/p>\n<\/li>\n<li data-start=\"1020\" data-end=\"1123\">\n<p data-start=\"1022\" data-end=\"1123\"><strong data-start=\"1022\" data-end=\"1055\">Dispositivo de desmontaje universal Solo 200<\/strong> \u2013 garras ajustables para manejar la mayor\u00eda de los detectores de alarma contra incendios.<\/p>\n<\/li>\n<li data-start=\"1124\" data-end=\"1189\">\n<p data-start=\"1126\" data-end=\"1189\"><strong data-start=\"1126\" data-end=\"1149\">Probador de CEO Solo 461<\/strong> \u2013 Probador de detector de calor alimentado por bater\u00eda.<\/p>\n<\/li>\n<li data-start=\"1190\" data-end=\"1292\">\n<p data-start=\"1192\" data-end=\"1292\"><strong data-start=\"1192\" data-end=\"1222\">3 cilindros de gas de prueba Solo A5<\/strong> \u2013 optimizado para detectores de humo, suficiente para aproximadamente 400 muestras por botella.<\/p>\n<\/li>\n<li data-start=\"1293\" data-end=\"1417\">\n<p data-start=\"1295\" data-end=\"1417\"><strong data-start=\"1295\" data-end=\"1324\">Estuche de transporte + carcaj Solo 610<\/strong> \u2013 pr\u00e1ctico sistema de almacenamiento con espacio para varillas, comprobadores, botellas de gas de prueba y dispositivos de desmontaje.<\/p>\n<\/li>\n<\/ul>\n<h3 data-start=\"1419\" data-end=\"1451\">Uso f\u00e1cil y seguro<\/h3>\n<ol data-start=\"1452\" data-end=\"1788\">\n<li data-start=\"1452\" data-end=\"1511\">\n<p data-start=\"1455\" data-end=\"1511\">Agite las botellas de gas de prueba Solo A5 e inst\u00e1lelas en el Solo 330.<\/p>\n<\/li>\n<li data-start=\"1512\" data-end=\"1556\">\n<p data-start=\"1515\" data-end=\"1556\">Enrosque el recipiente y gire \u00bc de vuelta.<\/p>\n<\/li>\n<li data-start=\"1557\" data-end=\"1639\">\n<p data-start=\"1560\" data-end=\"1639\">Coloque la taza alrededor del detector, presione ligeramente contra el techo y deje que el gas salga.<\/p>\n<\/li>\n<li data-start=\"1640\" data-end=\"1719\">\n<p data-start=\"1643\" data-end=\"1719\">Espere aproximadamente 10 segundos hasta que el detector suene la alarma. Si es necesario, repita la prueba corta.<\/p>\n<\/li>\n<li data-start=\"1720\" data-end=\"1788\">\n<p data-start=\"1723\" data-end=\"1788\">El comprobador de detectores de calor Solo 461 se utiliza para detectores de temperatura.<\/p>\n<\/li>\n<\/ol>\n<h3 data-start=\"1790\" data-end=\"1816\">Ventajas de Solo 22<\/h3>\n<ul data-start=\"1817\" data-end=\"2110\">\n<li data-start=\"1817\" data-end=\"1884\">\n<p data-start=\"1819\" data-end=\"1884\">Equipo completo para prueba de detectores de humo y calor.<\/p>\n<\/li>\n<li data-start=\"1885\" data-end=\"1948\">\n<p data-start=\"1887\" data-end=\"1948\">Alcance hasta 9,3 m con poste telesc\u00f3pico y extensiones<\/p>\n<\/li>\n<li data-start=\"1949\" data-end=\"2005\">\n<p data-start=\"1951\" data-end=\"2005\">Estuche de transporte profesional y carcaj para un f\u00e1cil transporte.<\/p>\n<\/li>\n<li data-start=\"2006\" data-end=\"2049\">\n<p data-start=\"2008\" data-end=\"2049\">Se adapta a la mayor\u00eda de marcas de detectores.<\/p>\n<\/li>\n<li data-start=\"2050\" data-end=\"2110\">\n<p data-start=\"2052\" data-end=\"2110\">F\u00e1cil operaci\u00f3n con reinicio r\u00e1pido de los detectores.<\/p>\n<\/li>\n<\/ul>\n<h3 data-start=\"2112\" data-end=\"2142\">Especificaciones t\u00e9cnicas<\/h3>\n<ul data-start=\"2143\" data-end=\"2440\">\n<li data-start=\"2143\" data-end=\"2176\">\n<p data-start=\"2145\" data-end=\"2176\">Altura de prueba: hasta 9,3 m<\/p>\n<\/li>\n<li data-start=\"2177\" data-end=\"2266\">\n<p data-start=\"2179\" data-end=\"2266\">Contenido: Solo 330, Solo 461, Solo 100, 3 \u00d7 Solo 101, Solo 200, Solo 610, 3 \u00d7 Solo A5<\/p>\n<\/li>\n<li data-start=\"2267\" data-end=\"2329\">\n<p data-start=\"2269\" data-end=\"2329\">Material del poste telesc\u00f3pico: fibra de vidrio, no conductor de electricidad<\/p>\n<\/li>\n<li data-start=\"2330\" data-end=\"2381\">\n<p data-start=\"2332\" data-end=\"2381\">Capacidad de la botella de gas de prueba: aprox. 400 muestras por botella<\/p>\n<\/li>\n<li data-start=\"2382\" data-end=\"2440\">\n<p data-start=\"2384\" data-end=\"2440\">Compatible con: probadores Solo y Testifire, probadores de derribo<\/p>\n<\/li>\n<\/ul>","protected":false},"excerpt":{"rendered":"<p>El kit de prueba Solo 22 es un kit completo para la comprobaci\u00f3n funcional de detectores de humo y calor de hasta aproximadamente 9,3 m. Incluye la p\u00e9rtiga telesc\u00f3pica Solo 100 con 3 p\u00e9rtigas de extensi\u00f3n Solo 101, el comprobador de detectores Solo 330, el comprobador de detectores de calor Solo 461, el dispositivo de desmontaje Solo 200, 3 cilindros de gas de prueba Solo A5 y el estuche de transporte Solo 610 con carcaj.<\/p>","protected":false},"featured_media":138066,"template":"","meta":{"_acf_changed":false},"product_brand":[],"product_cat":[3849,2945],"product_tag":[],"class_list":{"0":"post-138067","1":"product","2":"type-product","3":"status-publish","4":"has-post-thumbnail","6":"product_cat-solo-kit","7":"product_cat-solo","8":"product_shipping_class-tunga-paket","9":"tm-no-options","11":"first","12":"onbackorder","13":"taxable","14":"shipping-taxable","15":"purchasable","16":"product-type-simple"},"acf":[],"_links":{"self":[{"href":"https:\/\/secureus.se\/es\/wp-json\/wp\/v2\/product\/138067","targetHints":{"allow":["GET"]}}],"collection":[{"href":"https:\/\/secureus.se\/es\/wp-json\/wp\/v2\/product"}],"about":[{"href":"https:\/\/secureus.se\/es\/wp-json\/wp\/v2\/types\/product"}],"wp:featuredmedia":[{"embeddable":true,"href":"https:\/\/secureus.se\/es\/wp-json\/wp\/v2\/media\/138066"}],"wp:attachment":[{"href":"https:\/\/secureus.se\/es\/wp-json\/wp\/v2\/media?parent=138067"}],"wp:term":[{"taxonomy":"product_brand","embeddable":true,"href":"https:\/\/secureus.se\/es\/wp-json\/wp\/v2\/product_brand?post=138067"},{"taxonomy":"product_cat","embeddable":true,"href":"https:\/\/secureus.se\/es\/wp-json\/wp\/v2\/product_cat?post=138067"},{"taxonomy":"product_tag","embeddable":true,"href":"https:\/\/secureus.se\/es\/wp-json\/wp\/v2\/product_tag?post=138067"}],"curies":[{"name":"wp","href":"https:\/\/api.w.org\/{rel}","templated":true}]}}