{"id":138436,"date":"2024-01-31T11:58:41","date_gmt":"2024-01-31T10:58:41","guid":{"rendered":"https:\/\/secureus.se\/magicard-3633-0053-printer-cleaning-kit-pack-of-10\/"},"modified":"2026-05-06T09:50:47","modified_gmt":"2026-05-06T07:50:47","slug":"magicard-3633-0053-printer-cleaning-kit-pack-of-10","status":"publish","type":"product","link":"https:\/\/secureus.se\/es\/magicard-3633-0053-printer-cleaning-kit-pack-of-10\/","title":{"rendered":"Kit de limpieza para impresoras Magicard 3633-0053 (paquete de 10)"},"content":{"rendered":"<p>El kit de limpieza de impresora Magicard 3633-0053 est\u00e1 fabricado especialmente para mantener el rendimiento \u00f3ptimo y prolongar la vida \u00fatil de las impresoras de tarjetas Magicard Enduro y Rio Pro de sus clientes.<\/p>\n<ul>\n<li>10x Tarjetas de limpieza<\/li>\n<li>1x bol\u00edgrafo de limpieza<\/li>\n<li>Compatible con las impresoras de tarjetas Magicard 300, 600, Enduro y Rio Pro<\/li>\n<li>C\u00f3digo del fabricante: 3633-0053<\/li>\n<\/ul>\n<p><strong><br \/>\nPeso del producto:<br \/>\n0,26 kilogramos<br \/>\n<\/strong><\/p>","protected":false},"excerpt":{"rendered":"<p>The Magicard 3633-0053 Printer Cleaning Kit are specially manufactured to maintain the optimum performance and extend the lifespan of your customer\u2019s Magicard Enduro and Rio Pro card printers. 10x Cleaning<\/p>","protected":false},"featured_media":138433,"template":"","meta":{"_acf_changed":false},"product_brand":[],"product_cat":[4807],"product_tag":[],"class_list":{"0":"post-138436","1":"product","2":"type-product","3":"status-publish","4":"has-post-thumbnail","6":"product_cat-rengoringskit","7":"product_shipping_class-postnord-varubrev","8":"pa_brands-magicard","9":"tm-no-options","11":"first","12":"instock","13":"taxable","14":"shipping-taxable","15":"purchasable","16":"product-type-simple"},"acf":[],"_links":{"self":[{"href":"https:\/\/secureus.se\/es\/wp-json\/wp\/v2\/product\/138436","targetHints":{"allow":["GET"]}}],"collection":[{"href":"https:\/\/secureus.se\/es\/wp-json\/wp\/v2\/product"}],"about":[{"href":"https:\/\/secureus.se\/es\/wp-json\/wp\/v2\/types\/product"}],"wp:featuredmedia":[{"embeddable":true,"href":"https:\/\/secureus.se\/es\/wp-json\/wp\/v2\/media\/138433"}],"wp:attachment":[{"href":"https:\/\/secureus.se\/es\/wp-json\/wp\/v2\/media?parent=138436"}],"wp:term":[{"taxonomy":"product_brand","embeddable":true,"href":"https:\/\/secureus.se\/es\/wp-json\/wp\/v2\/product_brand?post=138436"},{"taxonomy":"product_cat","embeddable":true,"href":"https:\/\/secureus.se\/es\/wp-json\/wp\/v2\/product_cat?post=138436"},{"taxonomy":"product_tag","embeddable":true,"href":"https:\/\/secureus.se\/es\/wp-json\/wp\/v2\/product_tag?post=138436"}],"curies":[{"name":"wp","href":"https:\/\/api.w.org\/{rel}","templated":true}]}}