{"id":138484,"date":"2024-03-07T14:56:35","date_gmt":"2024-03-07T13:56:35","guid":{"rendered":"https:\/\/secureus.se\/optex-flx-p-dt-x5-flipx-professional-pir-detektor-med-dubbla-tekniker-for-inomhusbruk-med-mikrovagsugn-vit\/"},"modified":"2025-12-31T21:09:00","modified_gmt":"2025-12-31T20:09:00","slug":"optex-flx-p-dt-x5","status":"publish","type":"product","link":"https:\/\/secureus.se\/es\/optex-flx-p-dt-x5\/","title":{"rendered":"Optex FLX-P-DT-X5 FlipX Detectores combinados profesionales PIR + microondas de 15 metros de \u00e1ngulo o de largo alcance de 24 metros"},"content":{"rendered":"<h1><strong>Optex FLX-P-DT-X5 FlipX: tecnolog\u00eda avanzada de infrarrojos pasivos (PIR) y microondas para uso en interiores<\/strong><\/h1>\n<p>El Optex FLX-P-DT-X5 FlipX es un detector de movimiento profesional para uso en interiores que utiliza una combinaci\u00f3n de tecnolog\u00eda PIR (infrarrojo pasivo) y microondas para garantizar una detecci\u00f3n confiable y precisa del movimiento.<\/p>\n<p>El detector est\u00e1 dise\u00f1ado para brindar seguridad confiable y eficiencia en una variedad de entornos, desde instalaciones residenciales hasta comerciales.<\/p>\n<p><strong>Tecnolog\u00edas duales para una mayor precisi\u00f3n:<\/strong> FLX-P-DT-X5 FlipX utiliza tecnolog\u00eda PIR y microondas para optimizar la detecci\u00f3n.<\/p>\n<p>La tecnolog\u00eda PIR captura el movimiento a trav\u00e9s de cambios en la radiaci\u00f3n infrarroja, mientras que la tecnolog\u00eda de microondas utiliza ondas de radio para detectar movimiento incluso detr\u00e1s de objetos y paredes.<\/p>\n<p>Esta tecnolog\u00eda dual permite que el detector identifique con precisi\u00f3n el movimiento y minimice el riesgo de falsas alarmas.<\/p>\n<p><strong>Lente reversible para una cobertura m\u00e1s amplia:<\/strong> Una de las caracter\u00edsticas m\u00e1s notables del modelo FlipX es la lente reversible.<\/p>\n<p>Simplemente girando la lente, el usuario puede ajustar el \u00e1rea de cobertura del detector y adaptarlo a necesidades espec\u00edficas.<\/p>\n<p>Esto proporciona flexibilidad adicional durante la instalaci\u00f3n y facilita la optimizaci\u00f3n de la cobertura para un \u00e1rea m\u00e1s grande.<\/p>\n<p><strong>Tecnolog\u00eda de detecci\u00f3n mejorada:<\/strong> El detector est\u00e1 equipado con una lente esf\u00e9rica refinada que mejora la detecci\u00f3n de movimiento en todo el campo de visi\u00f3n del detector.<\/p>\n<p>La lente proporciona una zona de detecci\u00f3n m\u00e1s amplia y precisa, lo que facilita la captura de movimiento en todas las partes de la habitaci\u00f3n. Con un \u00e1ngulo de detecci\u00f3n de 180 grados, el FLX-P-DT-X5 FlipX puede monitorear eficazmente un \u00e1rea grande, lo que lo hace ideal para habitaciones m\u00e1s grandes o espacios abiertos.<\/p>\n<p><strong>Indicador LED y f\u00e1cil uso:<\/strong> Para proporcionar informaci\u00f3n r\u00e1pida sobre el estado del dispositivo, el FLX-P-DT-X5 FlipX est\u00e1 equipado con un indicador LED que muestra claramente cuando el detector est\u00e1 activo o no.<\/p>\n<p>El color del LED facilita identificar el estado del dispositivo, lo que facilita la instalaci\u00f3n y la gesti\u00f3n. Tambi\u00e9n es posible ajustar la sensibilidad y configurar el detector a trav\u00e9s de la interfaz f\u00e1cil de usar para una precisi\u00f3n a\u00fan mayor.<\/p>\n<p><strong>L\u00f3gica SMDA para inteligencia y flexibilidad:<\/strong> Otra caracter\u00edstica avanzada de FlipX es la l\u00f3gica patentada SMDA (Super Multi-Dimensional Analysis).<\/p>\n<p>Esta tecnolog\u00eda inteligente permite que el detector analice los movimientos con mayor precisi\u00f3n y exactitud. La l\u00f3gica SMDA filtra movimientos innecesarios, como peque\u00f1os animales o vibraciones, y permite que el detector se centre en amenazas e intrusiones reales.<\/p>\n<p><strong>Elemento de captura humana:<\/strong> El detector tiene un elemento de captura espec\u00edfico dise\u00f1ado para detectar el movimiento humano con alta precisi\u00f3n.<\/p>\n<p>Esto permite que el FLX-P-DT-X5 distinga entre personas y otros objetos que se mueven en el \u00e1rea, minimizando el riesgo de falsas alarmas causadas por peque\u00f1os animales u otros movimientos no deseados.<\/p>\n<p><strong>Instalaci\u00f3n flexible y cobertura personalizable:<\/strong> El modelo FlipX es f\u00e1cil de instalar y se puede montar en una variedad de entornos.<\/p>\n<p>La lente ajustable y reversible permite adaptar el \u00e1rea de detecci\u00f3n seg\u00fan sea necesario y garantiza que se cubran todas las \u00e1reas importantes. El detector tambi\u00e9n es compatible con otros sistemas de seguridad y se puede integrar f\u00e1cilmente en una soluci\u00f3n de seguridad m\u00e1s amplia.<\/p>\n<p><strong>Longevidad y confiabilidad:<\/strong> El Optex FLX-P-DT-X5 FlipX est\u00e1 dise\u00f1ado para un uso a largo plazo y tiene una construcci\u00f3n robusta para durar a\u00f1os.<\/p>\n<p>Est\u00e1 dise\u00f1ado para proporcionar un rendimiento estable y una larga vida \u00fatil, lo que lo convierte en una soluci\u00f3n de seguridad confiable para propiedades residenciales y comerciales.<\/p>\n<p><strong>Presupuesto:<\/strong><\/p>\n<ul>\n<li><strong>T\u00e9cnica:<\/strong> PIR + Microondas<\/li>\n<li><strong>\u00c1ngulo de detecci\u00f3n:<\/strong> 180 grados<\/li>\n<li><strong>Lente esf\u00e9rica refinada para una amplia cobertura.<\/strong><\/li>\n<li><strong>Indicador LED con color f\u00e1cilmente visible<\/strong><\/li>\n<li><strong>Elementos de captura del movimiento humano<\/strong><\/li>\n<li><strong>Lente reversible para una cobertura ajustable<\/strong><\/li>\n<li><strong>L\u00f3gica SMDA para an\u00e1lisis inteligente<\/strong><\/li>\n<li><strong>Temperatura de funcionamiento:<\/strong> -10\u00b0C a +50\u00b0C<\/li>\n<li><strong>Duraci\u00f3n de la bater\u00eda:<\/strong> Larga vida \u00fatil<\/li>\n<li><strong>Instalaci\u00f3n:<\/strong> Simple y flexible, se puede montar de varias maneras.<\/li>\n<\/ul>\n<p>&nbsp;<\/p>","protected":false},"excerpt":{"rendered":"<p>Optex FLX-P-DT-X5 FlipX es un detector PIR avanzado para uso en interiores con tecnolog\u00edas duales: PIR y tecnolog\u00eda de microondas.<\/p>\n<p>Dise\u00f1ado para proporcionar alta confiabilidad y detecci\u00f3n precisa con una lente reversible y una lente esf\u00e9rica mejorada para una amplia cobertura.<\/p>","protected":false},"featured_media":138481,"template":"","meta":{"_acf_changed":false},"product_brand":[],"product_cat":[1325],"product_tag":[2989,2145,2465],"class_list":{"0":"post-138484","1":"product","2":"type-product","3":"status-publish","4":"has-post-thumbnail","6":"product_cat-larmgivare-skalskydd","7":"product_tag-egen-logo-ej-taggar-kort","8":"product_tag-rorelsedetektor-ir-detektorer","9":"product_tag-sbsc-larmklass2","10":"product_shipping_class-postnord-varubrev","11":"pa_brands-optex","12":"tm-no-options","14":"first","15":"onbackorder","16":"featured","17":"taxable","18":"shipping-taxable","19":"purchasable","20":"product-type-simple"},"acf":[],"_links":{"self":[{"href":"https:\/\/secureus.se\/es\/wp-json\/wp\/v2\/product\/138484","targetHints":{"allow":["GET"]}}],"collection":[{"href":"https:\/\/secureus.se\/es\/wp-json\/wp\/v2\/product"}],"about":[{"href":"https:\/\/secureus.se\/es\/wp-json\/wp\/v2\/types\/product"}],"wp:featuredmedia":[{"embeddable":true,"href":"https:\/\/secureus.se\/es\/wp-json\/wp\/v2\/media\/138481"}],"wp:attachment":[{"href":"https:\/\/secureus.se\/es\/wp-json\/wp\/v2\/media?parent=138484"}],"wp:term":[{"taxonomy":"product_brand","embeddable":true,"href":"https:\/\/secureus.se\/es\/wp-json\/wp\/v2\/product_brand?post=138484"},{"taxonomy":"product_cat","embeddable":true,"href":"https:\/\/secureus.se\/es\/wp-json\/wp\/v2\/product_cat?post=138484"},{"taxonomy":"product_tag","embeddable":true,"href":"https:\/\/secureus.se\/es\/wp-json\/wp\/v2\/product_tag?post=138484"}],"curies":[{"name":"wp","href":"https:\/\/api.w.org\/{rel}","templated":true}]}}