{"id":138488,"date":"2024-03-07T14:44:15","date_gmt":"2024-03-07T13:44:15","guid":{"rendered":"https:\/\/secureus.se\/optex-flx-p-st-flipx-professional-indoor-pir-with-dual-technology\/"},"modified":"2025-12-31T21:05:19","modified_gmt":"2025-12-31T20:05:19","slug":"optex-flx-p-st-flipx-professional-indoor-pir-with-dual-technology","status":"publish","type":"product","link":"https:\/\/secureus.se\/es\/optex-flx-p-st-flipx-professional-indoor-pir-with-dual-technology\/","title":{"rendered":"Detector PIR Optex FLX-P-ST Professional FlipX de 15 metros de \u00e1ngulo o haz largo de 24 metros"},"content":{"rendered":"<h1><strong>Optex FLX-P-ST FlipX: detector PIR avanzado con lente ajustable \u00fanica<\/strong><\/h1>\n<p>Optex FLX-P-ST FlipX es un detector PIR profesional que ofrece una soluci\u00f3n innovadora para la detecci\u00f3n de movimiento en interiores.<\/p>\n<p>Con su caracter\u00edstica \u00fanica (una lente giratoria de 180\u00b0), este detector brinda a los usuarios total flexibilidad para adaptar el \u00e1rea de detecci\u00f3n a diferentes necesidades y entornos.<\/p>\n<p>La serie FlipX es una de las l\u00edneas de productos m\u00e1s avanzadas de Optex y es ideal para todo, desde aplicaciones residenciales hasta sistemas de seguridad avanzados en propiedades comerciales.<\/p>\n<p><strong>Lente giratoria \u00fanica de 180\u00b0 para una detecci\u00f3n personalizada:<\/strong> Una de las caracter\u00edsticas m\u00e1s notables del Optex FLX-P-ST es su lente giratoria de 180\u00b0.<\/p>\n<p>Este dise\u00f1o \u00fanico permite personalizar el patr\u00f3n de detecci\u00f3n de una manera que antes no era posible con los detectores PIR tradicionales.<\/p>\n<p>Con solo quitar la carcasa y girar la lente, el usuario puede ajustar el \u00e1ngulo de detecci\u00f3n desde un amplio \u00e1ngulo de 85\u00b0 para cubrir grandes \u00e1reas abiertas, hasta un \u00e1ngulo estrecho de 5\u00b0 que es perfecto para cubrir pasillos largos o ventanas.<\/p>\n<p>Esta caracter\u00edstica proporciona una flexibilidad excepcional para satisfacer las necesidades de seguridad espec\u00edficas de cada habitaci\u00f3n o \u00e1rea.<\/p>\n<p><strong>Tecnolog\u00eda de detecci\u00f3n mejorada con elementos piroel\u00e9ctricos:<\/strong> La serie FlipX est\u00e1 equipada con los \u00faltimos elementos piroel\u00e9ctricos, lo que le permite detectar movimiento con mayor precisi\u00f3n y confiabilidad que muchos otros detectores PIR tradicionales.<\/p>\n<p>Estos elementos reaccionan r\u00e1pidamente a los cambios en la radiaci\u00f3n infrarroja, lo que permite que el FLX-P-ST identifique eficazmente el movimiento de las personas, al tiempo que filtra interferencias no deseadas, como animales u objetos inm\u00f3viles.<\/p>\n<p><strong>Instalaci\u00f3n flexible para propiedades residenciales y comerciales:<\/strong> El Optex FLX-P-ST FlipX est\u00e1 dise\u00f1ado para ser igualmente eficaz en entornos peque\u00f1os y grandes.<\/p>\n<p>Ya sea que necesite monitorear un espacio de oficina abierto o un pasillo estrecho, puede ajustar el detector para garantizar una cobertura y seguridad \u00f3ptimas.<\/p>\n<p>El detector es f\u00e1cil de instalar y se puede montar en la pared o en el techo seg\u00fan la necesidad de detecci\u00f3n, y la lente ajustable hace que la instalaci\u00f3n sea a\u00fan m\u00e1s f\u00e1cil.<\/p>\n<p><strong>Luz LED para una indicaci\u00f3n clara:<\/strong> Para proporcionar a los usuarios una indicaci\u00f3n visual r\u00e1pida y clara del estado del dispositivo, el FLX-P-ST est\u00e1 equipado con una luz LED destacada.<\/p>\n<p>Esta luz proporciona una se\u00f1al visual inmediata de que el detector est\u00e1 activo o detecta movimiento, lo que facilita tanto la instalaci\u00f3n como la operaci\u00f3n. La luz LED tambi\u00e9n facilita la prueba y el ajuste de la unidad para garantizar que est\u00e9 configurada correctamente para un rendimiento \u00f3ptimo.<\/p>\n<p><strong>Compatibilidad e integraci\u00f3n:<\/strong> El FLX-P-ST es compatible con todos los sistemas de seguridad Optex y otras soluciones de seguridad, lo que facilita su integraci\u00f3n en su red de seguridad actual.<\/p>\n<p>Su flexibilidad en la detecci\u00f3n lo hace \u00fatil en muchas aplicaciones diferentes, desde hogares privados hasta sistemas de seguridad comerciales m\u00e1s grandes.<\/p>\n<p><strong>Larga durabilidad y confiabilidad:<\/strong> Optex es conocido por crear productos de la m\u00e1s alta calidad y el FLX-P-ST FlipX no es una excepci\u00f3n.<\/p>\n<p>Est\u00e1 construido para ser duradero y confiable, y con sus tecnolog\u00edas innovadoras proporciona un rendimiento duradero y una protecci\u00f3n constante. La instalaci\u00f3n es r\u00e1pida y sencilla, y la unidad tiene una larga vida \u00fatil, lo que la convierte en una opci\u00f3n rentable a largo plazo.<\/p>\n<p><strong>Especificaciones t\u00e9cnicas:<\/strong><\/p>\n<ul>\n<li><strong>Tecnolog\u00eda de detecci\u00f3n:<\/strong> PIR (infrarrojo pasivo) y elemento piroel\u00e9ctrico<\/li>\n<li><strong>Lente giratoria:<\/strong> 180\u00b0 para \u00e1ngulo de detecci\u00f3n ajustable<\/li>\n<li><strong>\u00c1ngulo de detecci\u00f3n:<\/strong> Ajustable de 5\u00b0 a 85\u00b0<\/li>\n<li><strong>Indicador LED:<\/strong> S\u00ed, para indicaci\u00f3n visual del estado<\/li>\n<li><strong>\u00c1rea de trabajo:<\/strong> Propiedades residenciales, comerciales, pasillos y pasadizos<\/li>\n<li><strong>Rango de temperatura:<\/strong> -10\u00b0C a +50\u00b0C<\/li>\n<li><strong>Instalaci\u00f3n:<\/strong> Montaje en pared o techo<\/li>\n<li><strong>Medida:<\/strong> 80 x 50 x 50 mm<\/li>\n<li><strong>Peso:<\/strong> 150 gramos<\/li>\n<\/ul>","protected":false},"excerpt":{"rendered":"<p>El Optex FLX-P-ST FlipX es un detector PIR profesional para uso en interiores, equipado con una exclusiva lente giratoria de 180\u00b0 para una detecci\u00f3n personalizada.<\/p>\n<p>Perfecto tanto para propiedades residenciales como comerciales, ofrece una cobertura flexible con \u00e1ngulo de detecci\u00f3n ajustable.<\/p>","protected":false},"featured_media":138481,"template":"","meta":{"_acf_changed":false},"product_brand":[],"product_cat":[1325],"product_tag":[2989,2145,2465],"class_list":{"0":"post-138488","1":"product","2":"type-product","3":"status-publish","4":"has-post-thumbnail","6":"product_cat-larmgivare-skalskydd","7":"product_tag-egen-logo-ej-taggar-kort","8":"product_tag-rorelsedetektor-ir-detektorer","9":"product_tag-sbsc-larmklass2","10":"product_shipping_class-postnord-varubrev","11":"pa_brands-optex","12":"tm-no-options","14":"first","15":"instock","16":"featured","17":"taxable","18":"shipping-taxable","19":"purchasable","20":"product-type-simple"},"acf":[],"_links":{"self":[{"href":"https:\/\/secureus.se\/es\/wp-json\/wp\/v2\/product\/138488","targetHints":{"allow":["GET"]}}],"collection":[{"href":"https:\/\/secureus.se\/es\/wp-json\/wp\/v2\/product"}],"about":[{"href":"https:\/\/secureus.se\/es\/wp-json\/wp\/v2\/types\/product"}],"wp:featuredmedia":[{"embeddable":true,"href":"https:\/\/secureus.se\/es\/wp-json\/wp\/v2\/media\/138481"}],"wp:attachment":[{"href":"https:\/\/secureus.se\/es\/wp-json\/wp\/v2\/media?parent=138488"}],"wp:term":[{"taxonomy":"product_brand","embeddable":true,"href":"https:\/\/secureus.se\/es\/wp-json\/wp\/v2\/product_brand?post=138488"},{"taxonomy":"product_cat","embeddable":true,"href":"https:\/\/secureus.se\/es\/wp-json\/wp\/v2\/product_cat?post=138488"},{"taxonomy":"product_tag","embeddable":true,"href":"https:\/\/secureus.se\/es\/wp-json\/wp\/v2\/product_tag?post=138488"}],"curies":[{"name":"wp","href":"https:\/\/api.w.org\/{rel}","templated":true}]}}