{"id":138629,"date":"2024-01-15T11:14:30","date_gmt":"2024-01-15T10:14:30","guid":{"rendered":"https:\/\/secureus.se\/airborne-dc-dual-e-medium\/"},"modified":"2025-09-15T13:07:38","modified_gmt":"2025-09-15T11:07:38","slug":"airborne-dc-dual-e-medium","status":"publish","type":"product","link":"https:\/\/secureus.se\/es\/airborne-dc-dual-e-medium\/","title":{"rendered":"MEDIOS ELECTR\u00d3NICOS DUAL DE DC A\u00c9REO"},"content":{"rendered":"<p>Transmisor de alarma homologado para la transmisi\u00f3n de alarmas antirrobo, clase de alarma 3-4 seg\u00fan SBF 110:8 y alarmas de incendio seg\u00fan SSF 114:2. Airborne DC Dual utiliza rutas de alarma duales con la red m\u00f3vil (2G\/4G) como canal de comunicaci\u00f3n principal y una conexi\u00f3n IP fija como respaldo. Se puede utilizar para marcadores telef\u00f3nicos tradicionales donde los protocolos anal\u00f3gicos como SIA, Robofon o CID se digitalizan y transmiten digitalmente. El transmisor de alarma dispone de 16 entradas y 4 salidas y posibilidad de comunicaci\u00f3n serie con la unidad central. Se entrega montado en un gabinete con antena incorporada, interruptor de manipulaci\u00f3n e interruptor de demolici\u00f3n, excluyendo bater\u00eda y adaptador de corriente.<\/p>","protected":false},"excerpt":{"rendered":"<p>Transmisor de alarma homologado para la transmisi\u00f3n de alarmas antirrobo, clase de alarma 3-4 seg\u00fan SBF 110:8 y alarmas de incendio seg\u00fan SSF 114:2. Airborne DC Dual utiliza rutas de alarma duales con la red m\u00f3vil (2G\/4G) como canal de comunicaci\u00f3n principal y la l\u00ednea fija<\/p>","protected":false},"featured_media":138628,"template":"","meta":{"_acf_changed":false},"product_brand":[],"product_cat":[1551],"product_tag":[],"class_list":{"0":"post-138629","1":"product","2":"type-product","3":"status-publish","4":"has-post-thumbnail","6":"product_cat-larmoverforing","7":"product_shipping_class-tunga-paket","8":"pa_brands-addsecure","9":"tm-no-options","11":"first","12":"instock","13":"taxable","14":"shipping-taxable","15":"purchasable","16":"product-type-simple"},"acf":[],"_links":{"self":[{"href":"https:\/\/secureus.se\/es\/wp-json\/wp\/v2\/product\/138629","targetHints":{"allow":["GET"]}}],"collection":[{"href":"https:\/\/secureus.se\/es\/wp-json\/wp\/v2\/product"}],"about":[{"href":"https:\/\/secureus.se\/es\/wp-json\/wp\/v2\/types\/product"}],"wp:featuredmedia":[{"embeddable":true,"href":"https:\/\/secureus.se\/es\/wp-json\/wp\/v2\/media\/138628"}],"wp:attachment":[{"href":"https:\/\/secureus.se\/es\/wp-json\/wp\/v2\/media?parent=138629"}],"wp:term":[{"taxonomy":"product_brand","embeddable":true,"href":"https:\/\/secureus.se\/es\/wp-json\/wp\/v2\/product_brand?post=138629"},{"taxonomy":"product_cat","embeddable":true,"href":"https:\/\/secureus.se\/es\/wp-json\/wp\/v2\/product_cat?post=138629"},{"taxonomy":"product_tag","embeddable":true,"href":"https:\/\/secureus.se\/es\/wp-json\/wp\/v2\/product_tag?post=138629"}],"curies":[{"name":"wp","href":"https:\/\/api.w.org\/{rel}","templated":true}]}}