{"id":139646,"date":"2023-09-26T13:07:35","date_gmt":"2023-09-26T11:07:35","guid":{"rendered":"https:\/\/secureus.se\/elslutbleck-step-18-hoger-omvand-12v-7mm-regel-connect\/"},"modified":"2026-03-26T09:49:59","modified_gmt":"2026-03-26T08:49:59","slug":"elslutbleck-step-18-hoger-omvand-12v-7mm-regel-connect","status":"publish","type":"product","link":"https:\/\/secureus.se\/es\/elslutbleck-step-18-hoger-omvand-12v-7mm-regel-connect\/","title":{"rendered":"Cerradura el\u00e9ctrica PASO 18 Derecha Inversa 12V 7mm Regla Conectar"},"content":{"rendered":"<h1>Cerradura el\u00e9ctrica PASO 18 Derecha Inversa 12V 7mm Regla Conectar<\/h1>\n<p>PASO 18 Cerradura el\u00e9ctrica de seguridad con funci\u00f3n inversa para puertas batientes a la derecha con perno de conexi\u00f3n de 7 mm. Homologado contra incendios E\/EI60, contacto de pist\u00f3n y alta seguridad.<\/p>\n<p class=\"\" data-start=\"231\" data-end=\"665\">La cerradura el\u00e9ctrica STEP 18 Secure es una alternativa robusta de alta seguridad para entornos de puertas con altas exigencias en fiabilidad operativa y protecci\u00f3n contra intrusiones.<\/p>\n<p class=\"\" data-start=\"231\" data-end=\"665\">Esta versi\u00f3n est\u00e1 especialmente adaptada para puertas batientes a la derecha y cerraduras de pestillo con pist\u00f3n de 7 mm de la serie Connect.<\/p>\n<p class=\"\" data-start=\"231\" data-end=\"665\">Gracias a la funci\u00f3n inversa, la chapa se desbloquea en caso de corte de corriente, por lo que es adecuada para v\u00edas de escape donde es necesario combinar la seguridad con la accesibilidad.<\/p>\n<p class=\"\" data-start=\"667\" data-end=\"1061\">STEP 18 es parte de la serie Secure de STEP, dise\u00f1ada para su instalaci\u00f3n en entornos de alto tr\u00e1fico como bancos, prisiones y otros objetos protegidos.<\/p>\n<p class=\"\" data-start=\"667\" data-end=\"1061\">Con una clasificaci\u00f3n de resistencia al fuego de hasta E\/EI60 y una resistencia a la rotura de unos impresionantes 15 kN, STEP 18 puede manejar las soluciones de puertas m\u00e1s exigentes.<\/p>\n<p class=\"\" data-start=\"667\" data-end=\"1061\">El producto est\u00e1 equipado con un pist\u00f3n y un contacto de pestillo para una f\u00e1cil integraci\u00f3n en los modernos sistemas de control de acceso y sistemas de alarma.<\/p>\n<p class=\"\" data-start=\"1063\" data-end=\"1281\">Gracias a la tecnolog\u00eda patentada de STEP, el funcionamiento est\u00e1 garantizado incluso con presiones de moldeo de hasta 500 kg.<\/p>\n<p class=\"\" data-start=\"1063\" data-end=\"1281\">La placa de cierre el\u00e9ctrica se suministra con un cable libre de hal\u00f3genos de 5 metros, diodo de protecci\u00f3n y protecci\u00f3n contra golpes para mayor seguridad y f\u00e1cil instalaci\u00f3n.<\/p>\n<p class=\"\" data-start=\"1283\" data-end=\"1311\"><strong data-start=\"1283\" data-end=\"1309\">Caracter\u00edsticas y beneficios:<\/strong><\/p>\n<ul data-start=\"1312\" data-end=\"1582\">\n<li class=\"\" data-start=\"1312\" data-end=\"1338\">\n<p class=\"\" data-start=\"1314\" data-end=\"1338\">Para perno de conexi\u00f3n de 7 mm<\/p>\n<\/li>\n<li class=\"\" data-start=\"1339\" data-end=\"1384\">\n<p class=\"\" data-start=\"1341\" data-end=\"1384\">Funci\u00f3n inversa: se desbloquea en caso de corte de energ\u00eda<\/p>\n<\/li>\n<li class=\"\" data-start=\"1385\" data-end=\"1411\">\n<p class=\"\" data-start=\"1387\" data-end=\"1411\">Para puertas batientes a la derecha<\/p>\n<\/li>\n<li class=\"\" data-start=\"1412\" data-end=\"1433\">\n<p class=\"\" data-start=\"1414\" data-end=\"1433\">Clase de fuego E\/EI60<\/p>\n<\/li>\n<li class=\"\" data-start=\"1434\" data-end=\"1460\">\n<p class=\"\" data-start=\"1436\" data-end=\"1460\">Contacto de pist\u00f3n y pestillo<\/p>\n<\/li>\n<li class=\"\" data-start=\"1461\" data-end=\"1494\">\n<p class=\"\" data-start=\"1463\" data-end=\"1494\">Soporta presi\u00f3n de moldeo de hasta 500 kg.<\/p>\n<\/li>\n<li class=\"\" data-start=\"1495\" data-end=\"1521\">\n<p class=\"\" data-start=\"1497\" data-end=\"1521\">Resistencia a la rotura: 15 kN<\/p>\n<\/li>\n<li class=\"\" data-start=\"1522\" data-end=\"1552\">\n<p class=\"\" data-start=\"1524\" data-end=\"1552\">Cable libre de hal\u00f3genos de 5 m incluido<\/p>\n<\/li>\n<li class=\"\" data-start=\"1553\" data-end=\"1582\">\n<p class=\"\" data-start=\"1555\" data-end=\"1582\">Diodo de protecci\u00f3n y protector contra sobretensiones<\/p>\n<\/li>\n<\/ul>","protected":false},"excerpt":{"rendered":"<p>Aqu\u00ed podr\u00e1s ver qu\u00e9 postes y modelos encajan entre s\u00ed de la gama de placas de cierre el\u00e9ctricas STEP.<\/p>\n<h5><strong><a href=\"https:\/\/steplock.com\/sv\/stolpguide\/#!?lang=sv&amp;blog_id=1&amp;paged=1&amp;number=50\" target=\"_blank\" rel=\"noopener\">Gu\u00eda de publicaciones STEP\u00a0<\/a><\/strong><\/h5>\n<h5><strong><a href=\"https:\/\/steplock.com\/sv\/projekteringsguide\/#!?lang=sv&amp;blog_id=1&amp;paged=1&amp;number=999\" target=\"_blank\" rel=\"noopener\">Gu\u00eda de dise\u00f1o STEP<\/a><\/strong><\/h5>","protected":false},"featured_media":139642,"template":"","meta":{"_acf_changed":false},"product_brand":[],"product_cat":[3355],"product_tag":[4198,4201],"class_list":{"0":"post-139646","1":"product","2":"type-product","3":"status-publish","4":"has-post-thumbnail","6":"product_cat-elslutbleck","7":"product_tag-12v","8":"product_tag-omvand","9":"product_shipping_class-tunga-paket","10":"pa_brands-step","11":"tm-no-options","13":"first","14":"instock","15":"sale","16":"taxable","17":"shipping-taxable","18":"purchasable","19":"product-type-simple"},"acf":[],"_links":{"self":[{"href":"https:\/\/secureus.se\/es\/wp-json\/wp\/v2\/product\/139646","targetHints":{"allow":["GET"]}}],"collection":[{"href":"https:\/\/secureus.se\/es\/wp-json\/wp\/v2\/product"}],"about":[{"href":"https:\/\/secureus.se\/es\/wp-json\/wp\/v2\/types\/product"}],"wp:featuredmedia":[{"embeddable":true,"href":"https:\/\/secureus.se\/es\/wp-json\/wp\/v2\/media\/139642"}],"wp:attachment":[{"href":"https:\/\/secureus.se\/es\/wp-json\/wp\/v2\/media?parent=139646"}],"wp:term":[{"taxonomy":"product_brand","embeddable":true,"href":"https:\/\/secureus.se\/es\/wp-json\/wp\/v2\/product_brand?post=139646"},{"taxonomy":"product_cat","embeddable":true,"href":"https:\/\/secureus.se\/es\/wp-json\/wp\/v2\/product_cat?post=139646"},{"taxonomy":"product_tag","embeddable":true,"href":"https:\/\/secureus.se\/es\/wp-json\/wp\/v2\/product_tag?post=139646"}],"curies":[{"name":"wp","href":"https:\/\/api.w.org\/{rel}","templated":true}]}}