{"id":139680,"date":"2023-09-26T13:07:07","date_gmt":"2023-09-26T11:07:07","guid":{"rendered":"https:\/\/secureus.se\/elslutbleck-step-98-omstallbar-24v-kolvkontakt\/"},"modified":"2026-04-08T16:37:52","modified_gmt":"2026-04-08T14:37:52","slug":"elslutbleck-step-98-omstallbar-24v-kolvkontakt","status":"publish","type":"product","link":"https:\/\/secureus.se\/es\/elslutbleck-step-98-omstallbar-24v-kolvkontakt\/","title":{"rendered":"Cerradero el\u00e9ctrico STEP 98 Contacto de pist\u00f3n ajustable 24V"},"content":{"rendered":"<p>Cerradero el\u00e9ctrico STEP 98 Contacto de pist\u00f3n ajustable 24V<\/p>\n<p>STEP 98 Preload es una cerradura el\u00e9ctrica homologada para incendios con funci\u00f3n regulable, perfecta para puertas que se cierran con pomo o llave.<\/p>\n<p>Equipado con contacto de pist\u00f3n y tecnolog\u00eda HPR\u00ae para alta seguridad y confiabilidad.<\/p>\n<p>Cerradero el\u00e9ctrico STEP 98 Preload es un cerradero el\u00e9ctrico de alta calidad dise\u00f1ado para puertas de seguridad y espacios que requieran cierre con pomo o llave.<\/p>\n<p>Es especialmente bueno para instalaciones donde tanto la resistencia al fuego como la seguridad son importantes, como en edificios con estrictos requisitos contra incendios.<\/p>\n<p>STEP 98 est\u00e1 homologado para resistir incendios hasta E\/EI 120 seg\u00fan SS-EN 14846:2008 y, por tanto, puede resistir el fuego hasta 120 minutos.<\/p>\n<p class=\"\" data-start=\"787\" data-end=\"1157\">Una de las caracter\u00edsticas \u00fanicas de STEP 98 es la capacidad de instalar un indicador de perno (ST4880) que permite bloquear el sistema de control de acceso de la puerta o la automatizaci\u00f3n de la puerta cuando el perno de gancho o el perno recto de la carcasa de la cerradura est\u00e1 bloqueado mec\u00e1nicamente.<\/p>\n<p class=\"\" data-start=\"787\" data-end=\"1157\">STEP 98 est\u00e1 equipado con la tecnolog\u00eda de presi\u00f3n de tira patentada de STEP, lo que significa que la puerta se puede abrir a pesar de una presi\u00f3n de tira de hasta 40 kg.<\/p>\n<p class=\"\" data-start=\"1159\" data-end=\"1406\">La funci\u00f3n conmutable (adelante o atr\u00e1s) proporciona flexibilidad y el interruptor de pist\u00f3n incorporado permite indicar el estado cerrado\/abierto de la puerta.<\/p>\n<p class=\"\" data-start=\"1159\" data-end=\"1406\">STEP 98 tiene una resistencia a la rotura de 9 kN (aprox. 900 kg) y es a prueba de golpes para mayor seguridad.<\/p>\n<p class=\"\" data-start=\"1408\" data-end=\"1423\"><strong data-start=\"1408\" data-end=\"1423\">Caracter\u00edsticas:<\/strong><\/p>\n<ul data-start=\"1424\" data-end=\"1957\">\n<li class=\"\" data-start=\"1424\" data-end=\"1503\">\n<p class=\"\" data-start=\"1426\" data-end=\"1503\">Funci\u00f3n de avance o retroceso conmutable (bloqueada o desbloqueada en posici\u00f3n desenergizada)<\/p>\n<\/li>\n<li class=\"\" data-start=\"1504\" data-end=\"1562\">\n<p class=\"\" data-start=\"1506\" data-end=\"1562\">Contacto de pist\u00f3n con indicaci\u00f3n del estado de la puerta (cerrada\/abierta)<\/p>\n<\/li>\n<li class=\"\" data-start=\"1563\" data-end=\"1619\">\n<p class=\"\" data-start=\"1565\" data-end=\"1619\">Aprobado para fuego hasta E\/EI 120 seg\u00fan SS-EN 14846:2008<\/p>\n<\/li>\n<li class=\"\" data-start=\"1620\" data-end=\"1668\">\n<p class=\"\" data-start=\"1622\" data-end=\"1668\">Diodo de protecci\u00f3n incorporado para mayor seguridad el\u00e9ctrica.<\/p>\n<\/li>\n<li class=\"\" data-start=\"1669\" data-end=\"1706\">\n<p class=\"\" data-start=\"1671\" data-end=\"1706\">Resistencia a la rotura de 9 kN (aprox. 900 kg)<\/p>\n<\/li>\n<li class=\"\" data-start=\"1707\" data-end=\"1806\">\n<p class=\"\" data-start=\"1709\" data-end=\"1806\">Garantiza la apertura a pesar de una presi\u00f3n de la banda de hasta 40 kg (0,4 kN) tanto en funci\u00f3n de avance como de retroceso.<\/p>\n<\/li>\n<li class=\"\" data-start=\"1807\" data-end=\"1866\">\n<p class=\"\" data-start=\"1809\" data-end=\"1866\">A prueba de golpes y reversible para puertas de apertura derecha e izquierda.<\/p>\n<\/li>\n<li class=\"\" data-start=\"1867\" data-end=\"1913\">\n<p class=\"\" data-start=\"1869\" data-end=\"1913\">Capaz de bloquear pernos de gancho o pernos rectos<\/p>\n<\/li>\n<li class=\"\" data-start=\"1914\" data-end=\"1957\">\n<p class=\"\" data-start=\"1916\" data-end=\"1957\">Cable de conexi\u00f3n libre de hal\u00f3genos de 5 metros incluido<\/p>\n<\/li>\n<\/ul>\n<p class=\"\" data-start=\"1959\" data-end=\"1988\"><strong data-start=\"1959\" data-end=\"1988\">Especificaciones t\u00e9cnicas:<\/strong><\/p>\n<ul data-start=\"1989\" data-end=\"2626\">\n<li class=\"\" data-start=\"1989\" data-end=\"2096\">\n<p class=\"\" data-start=\"1991\" data-end=\"2096\">Alimentaci\u00f3n: 12 V CC (+15% -10%) 220 mAh \/ m\u00e1x. 600 mA o 24 V CC (+15% -10%) 110 mAh \/ m\u00e1x. 300 mA<\/p>\n<\/li>\n<li class=\"\" data-start=\"2097\" data-end=\"2160\">\n<p class=\"\" data-start=\"2099\" data-end=\"2160\">Contacto de pist\u00f3n: Microinterruptor unipolar conmutador, m\u00e1x. 30 V CC, 1 A<\/p>\n<\/li>\n<li class=\"\" data-start=\"2161\" data-end=\"2201\">\n<p class=\"\" data-start=\"2163\" data-end=\"2201\">Durabilidad: Grado X seg\u00fan SS-EN 14846<\/p>\n<\/li>\n<li class=\"\" data-start=\"2202\" data-end=\"2241\">\n<p class=\"\" data-start=\"2204\" data-end=\"2241\">Corrosi\u00f3n: Grado M seg\u00fan SS-EN 14846<\/p>\n<\/li>\n<li class=\"\" data-start=\"2242\" data-end=\"2280\">\n<p class=\"\" data-start=\"2244\" data-end=\"2280\">Seguridad: Grado 3 seg\u00fan SS-EN 14846<\/p>\n<\/li>\n<li class=\"\" data-start=\"2281\" data-end=\"2343\">\n<p class=\"\" data-start=\"2283\" data-end=\"2343\">Manipulaci\u00f3n el\u00e9ctrica de seguridad: Grado 1 seg\u00fan SS-EN 14846<\/p>\n<\/li>\n<li class=\"\" data-start=\"2344\" data-end=\"2366\">\n<p class=\"\" data-start=\"2346\" data-end=\"2366\">Prueba de fuego: 120 min<\/p>\n<\/li>\n<li class=\"\" data-start=\"2367\" data-end=\"2392\">\n<p class=\"\" data-start=\"2369\" data-end=\"2392\">Resistencia a la rotura: 900 kg<\/p>\n<\/li>\n<li class=\"\" data-start=\"2393\" data-end=\"2423\">\n<p class=\"\" data-start=\"2395\" data-end=\"2423\">Bisagra de la puerta: derecha, izquierda<\/p>\n<\/li>\n<li class=\"\" data-start=\"2424\" data-end=\"2478\">\n<p class=\"\" data-start=\"2426\" data-end=\"2478\">Cable incluido: S\u00ed, cable de conexi\u00f3n libre de hal\u00f3genos de 5 metros<\/p>\n<\/li>\n<li class=\"\" data-start=\"2479\" data-end=\"2497\">\n<p class=\"\" data-start=\"2481\" data-end=\"2497\">Presi\u00f3n de la tira: 40 kg<\/p>\n<\/li>\n<li class=\"\" data-start=\"2498\" data-end=\"2533\">\n<p class=\"\" data-start=\"2500\" data-end=\"2533\">Tipo de cerradura: Cerradura de pestillo simple, Cerradura de pestillo doble<\/p>\n<\/li>\n<li class=\"\" data-start=\"2534\" data-end=\"2587\">\n<p class=\"\" data-start=\"2536\" data-end=\"2587\">Dimensiones del producto: Ancho: 25 mm, Profundidad: 35 mm, Altura: 90 mm<\/p>\n<\/li>\n<li class=\"\" data-start=\"2588\" data-end=\"2605\">\n<p class=\"\" data-start=\"2590\" data-end=\"2605\">Contacto del pist\u00f3n: S\u00ed<\/p>\n<\/li>\n<li class=\"\" data-start=\"2606\" data-end=\"2626\">\n<p class=\"\" data-start=\"2608\" data-end=\"2626\">Voltaje CA\/CC: CC<\/p>\n<\/li>\n<\/ul>","protected":false},"excerpt":{"rendered":"<p>Aqu\u00ed podr\u00e1s ver qu\u00e9 postes y modelos encajan entre s\u00ed de la gama de placas de cierre el\u00e9ctricas STEP.<\/p>\n<h5><strong><a href=\"https:\/\/steplock.com\/sv\/stolpguide\/#!?lang=sv&amp;blog_id=1&amp;paged=1&amp;number=50\" target=\"_blank\" rel=\"noopener\">Gu\u00eda de publicaciones STEP\u00a0<\/a><\/strong><\/h5>\n<h5><strong><a href=\"https:\/\/steplock.com\/sv\/projekteringsguide\/#!?lang=sv&amp;blog_id=1&amp;paged=1&amp;number=999\" target=\"_blank\" rel=\"noopener\">Gu\u00eda de dise\u00f1o STEP<\/a><\/strong><\/h5>","protected":false},"featured_media":139679,"template":"","meta":{"_acf_changed":false},"product_brand":[],"product_cat":[3355],"product_tag":[4197,4202],"class_list":{"0":"post-139680","1":"product","2":"type-product","3":"status-publish","4":"has-post-thumbnail","6":"product_cat-elslutbleck","7":"product_tag-24v","8":"product_tag-omstallbar-rattvand-omvand","9":"product_shipping_class-tunga-paket","10":"pa_brands-step","11":"tm-no-options","13":"first","14":"onbackorder","15":"sale","16":"taxable","17":"shipping-taxable","18":"purchasable","19":"product-type-simple"},"acf":[],"_links":{"self":[{"href":"https:\/\/secureus.se\/es\/wp-json\/wp\/v2\/product\/139680","targetHints":{"allow":["GET"]}}],"collection":[{"href":"https:\/\/secureus.se\/es\/wp-json\/wp\/v2\/product"}],"about":[{"href":"https:\/\/secureus.se\/es\/wp-json\/wp\/v2\/types\/product"}],"wp:featuredmedia":[{"embeddable":true,"href":"https:\/\/secureus.se\/es\/wp-json\/wp\/v2\/media\/139679"}],"wp:attachment":[{"href":"https:\/\/secureus.se\/es\/wp-json\/wp\/v2\/media?parent=139680"}],"wp:term":[{"taxonomy":"product_brand","embeddable":true,"href":"https:\/\/secureus.se\/es\/wp-json\/wp\/v2\/product_brand?post=139680"},{"taxonomy":"product_cat","embeddable":true,"href":"https:\/\/secureus.se\/es\/wp-json\/wp\/v2\/product_cat?post=139680"},{"taxonomy":"product_tag","embeddable":true,"href":"https:\/\/secureus.se\/es\/wp-json\/wp\/v2\/product_tag?post=139680"}],"curies":[{"name":"wp","href":"https:\/\/api.w.org\/{rel}","templated":true}]}}