{"id":139699,"date":"2023-09-26T13:06:55","date_gmt":"2023-09-26T11:06:55","guid":{"rendered":"https:\/\/secureus.se\/elslutbleck-step-30-rattvand-12v-kolvkontakt\/"},"modified":"2026-04-23T12:56:42","modified_gmt":"2026-04-23T10:56:42","slug":"elslutbleck-step-30-rattvand-12v-kolvkontakt","status":"publish","type":"product","link":"https:\/\/secureus.se\/es\/elslutbleck-step-30-rattvand-12v-kolvkontakt\/","title":{"rendered":"Cerradero el\u00e9ctrico PASO 30 Contacto de pist\u00f3n 12 V orientado a la derecha"},"content":{"rendered":"<h1>Cerradero el\u00e9ctrico PASO 30 Contacto de pist\u00f3n 12 V orientado a la derecha<\/h1>\n<p>STEP 30 Preload es una cerradura el\u00e9ctrica m\u00ednima con contacto de pist\u00f3n, dise\u00f1ada para reemplazar las cerraduras el\u00e9ctricas simples m\u00e1s antiguas y crear un entorno de puerta confiable.<\/p>\n<p>Equipado con tecnolog\u00eda HPR\u00ae y resistencia a la rotura de 500 kg.<\/p>\n<p class=\"\" data-start=\"397\" data-end=\"826\">La cerradura el\u00e9ctrica de precarga STEP 30 es una cerradura el\u00e9ctrica compacta y confiable que es perfecta para reemplazar cerraduras el\u00e9ctricas m\u00e1s antiguas o m\u00e1s simples y brindar un entorno de puerta seguro, incluso en secciones de puertas y huecos m\u00e1s antiguos.<\/p>\n<p class=\"\" data-start=\"397\" data-end=\"826\">STEP 30 Preload est\u00e1 equipado con la tecnolog\u00eda de presi\u00f3n de tira patentada de STEP, lo que significa que la puerta siempre puede abrirse, incluso si est\u00e1 expuesta a presi\u00f3n.<\/p>\n<p class=\"\" data-start=\"397\" data-end=\"826\">Esto lo convierte en una soluci\u00f3n confiable tanto para sistemas de puertas nuevos como antiguos.<\/p>\n<p class=\"\" data-start=\"828\" data-end=\"1290\">Con una resistencia a la rotura de 5 kN (aprox. 500 kg), STEP 30 garantiza tanto fiabilidad como durabilidad a largo plazo.<\/p>\n<p class=\"\" data-start=\"828\" data-end=\"1290\">Tiene funci\u00f3n reversible, donde la puerta se desbloquea en la posici\u00f3n desenergizada, lo que permite abrirla de forma r\u00e1pida y sencilla en caso de ser necesario.<\/p>\n<p class=\"\" data-start=\"828\" data-end=\"1290\">El interruptor de pist\u00f3n incorporado proporciona indicaci\u00f3n del estado cerrado\/abierto de la puerta, lo que facilita la integraci\u00f3n con sistemas de control de acceso y sistemas de alarma.<\/p>\n<p class=\"\" data-start=\"828\" data-end=\"1290\">STEP 30 tambi\u00e9n es a prueba de golpes y reversible para adaptarse tanto a puertas de apertura derecha como izquierda.<\/p>\n<p class=\"\" data-start=\"1292\" data-end=\"1307\"><strong data-start=\"1292\" data-end=\"1307\">Caracter\u00edsticas:<\/strong><\/p>\n<ul data-start=\"1308\" data-end=\"1735\">\n<li class=\"\" data-start=\"1308\" data-end=\"1352\">\n<p class=\"\" data-start=\"1310\" data-end=\"1352\">Funci\u00f3n orientada hacia la derecha (desbloqueada en posici\u00f3n desenergizada)<\/p>\n<\/li>\n<li class=\"\" data-start=\"1353\" data-end=\"1408\">\n<p class=\"\" data-start=\"1355\" data-end=\"1408\">Contacto del pist\u00f3n. Indicaci\u00f3n del estado de la puerta (cerrada\/abierta)<\/p>\n<\/li>\n<li class=\"\" data-start=\"1409\" data-end=\"1447\">\n<p class=\"\" data-start=\"1411\" data-end=\"1447\">Diodo de protecci\u00f3n incorporado para mayor seguridad.<\/p>\n<\/li>\n<li class=\"\" data-start=\"1448\" data-end=\"1485\">\n<p class=\"\" data-start=\"1450\" data-end=\"1485\">Resistencia a la rotura de 5 kN (aprox. 500 kg)<\/p>\n<\/li>\n<li class=\"\" data-start=\"1486\" data-end=\"1588\">\n<p class=\"\" data-start=\"1488\" data-end=\"1588\">Garantiza la apertura a pesar de una presi\u00f3n de la banda de hasta 0,4 kN (aprox. 40 kg) tanto en funci\u00f3n de avance como de retroceso.<\/p>\n<\/li>\n<li class=\"\" data-start=\"1589\" data-end=\"1648\">\n<p class=\"\" data-start=\"1591\" data-end=\"1648\">A prueba de golpes y reversible para puertas de apertura derecha e izquierda.<\/p>\n<\/li>\n<li class=\"\" data-start=\"1649\" data-end=\"1691\">\n<p class=\"\" data-start=\"1651\" data-end=\"1691\">Adecuado para cerraduras de una y dos hojas.<\/p>\n<\/li>\n<li class=\"\" data-start=\"1692\" data-end=\"1735\">\n<p class=\"\" data-start=\"1694\" data-end=\"1735\">Cable de conexi\u00f3n libre de hal\u00f3genos de 5 metros incluido<\/p>\n<\/li>\n<\/ul>\n<p class=\"\" data-start=\"1737\" data-end=\"1766\"><strong data-start=\"1737\" data-end=\"1766\">Especificaciones t\u00e9cnicas:<\/strong><\/p>\n<ul data-start=\"1767\" data-end=\"2436\">\n<li class=\"\" data-start=\"1767\" data-end=\"1874\">\n<p class=\"\" data-start=\"1769\" data-end=\"1874\">Alimentaci\u00f3n: 24 V CC (+15% -10%) 110 mAh \/ m\u00e1x. 300 mA o 12 V CC (+15% -10%) 220 mAh \/ m\u00e1x. 600 mA<\/p>\n<\/li>\n<li class=\"\" data-start=\"1875\" data-end=\"1938\">\n<p class=\"\" data-start=\"1877\" data-end=\"1938\">Contacto de pist\u00f3n: Microinterruptor unipolar conmutador, m\u00e1x. 30 V CC, 1 A<\/p>\n<\/li>\n<li class=\"\" data-start=\"1939\" data-end=\"1979\">\n<p class=\"\" data-start=\"1941\" data-end=\"1979\">Durabilidad: Grado X seg\u00fan SS-EN 14846<\/p>\n<\/li>\n<li class=\"\" data-start=\"1980\" data-end=\"2019\">\n<p class=\"\" data-start=\"1982\" data-end=\"2019\">Corrosi\u00f3n: Grado M seg\u00fan SS-EN 14846<\/p>\n<\/li>\n<li class=\"\" data-start=\"2020\" data-end=\"2058\">\n<p class=\"\" data-start=\"2022\" data-end=\"2058\">Seguridad: Grado 3 seg\u00fan SS-EN 14846<\/p>\n<\/li>\n<li class=\"\" data-start=\"2059\" data-end=\"2084\">\n<p class=\"\" data-start=\"2061\" data-end=\"2084\">Resistencia a la rotura: 500 kg<\/p>\n<\/li>\n<li class=\"\" data-start=\"2085\" data-end=\"2115\">\n<p class=\"\" data-start=\"2087\" data-end=\"2115\">Bisagra de la puerta: derecha, izquierda<\/p>\n<\/li>\n<li class=\"\" data-start=\"2116\" data-end=\"2134\">\n<p class=\"\" data-start=\"2118\" data-end=\"2134\">Cable incluido: No<\/p>\n<\/li>\n<li class=\"\" data-start=\"2135\" data-end=\"2153\">\n<p class=\"\" data-start=\"2137\" data-end=\"2153\">Presi\u00f3n de la tira: 40 kg<\/p>\n<\/li>\n<li class=\"\" data-start=\"2154\" data-end=\"2189\">\n<p class=\"\" data-start=\"2156\" data-end=\"2189\">Tipo de cerradura: Cerradura de pestillo simple, Cerradura de pestillo doble<\/p>\n<\/li>\n<li class=\"\" data-start=\"2190\" data-end=\"2245\">\n<p class=\"\" data-start=\"2192\" data-end=\"2245\">Dimensiones del producto: Ancho: 20,5 mm, Profundidad: 28 mm, Altura: 99 mm<\/p>\n<\/li>\n<li class=\"\" data-start=\"2246\" data-end=\"2263\">\n<p class=\"\" data-start=\"2248\" data-end=\"2263\">Contacto del pist\u00f3n: S\u00ed<\/p>\n<\/li>\n<li class=\"\" data-start=\"2264\" data-end=\"2284\">\n<p class=\"\" data-start=\"2266\" data-end=\"2284\">Voltaje CA\/CC: CC<\/p>\n<\/li>\n<li class=\"\" data-start=\"2285\" data-end=\"2307\">\n<p class=\"\" data-start=\"2287\" data-end=\"2307\">Voltaje m\u00e1ximo: 13,8 V<\/p>\n<\/li>\n<li class=\"\" data-start=\"2308\" data-end=\"2330\">\n<p class=\"\" data-start=\"2310\" data-end=\"2330\">Voltaje m\u00edn.: 10,8 V<\/p>\n<\/li>\n<li class=\"\" data-start=\"2331\" data-end=\"2359\">\n<p class=\"\" data-start=\"2333\" data-end=\"2359\">Color\/Acabado: Acero inoxidable<\/p>\n<\/li>\n<li class=\"\" data-start=\"2360\" data-end=\"2380\">\n<p class=\"\" data-start=\"2362\" data-end=\"2380\">Producto de construcci\u00f3n calificado: S\u00ed<\/p>\n<\/li>\n<li class=\"\" data-start=\"2381\" data-end=\"2402\">\n<p class=\"\" data-start=\"2383\" data-end=\"2402\">EPD verificado: No<\/p>\n<\/li>\n<li class=\"\" data-start=\"2403\" data-end=\"2415\">\n<p class=\"\" data-start=\"2405\" data-end=\"2415\">INFORMACI\u00d3N FINAL: No<\/p>\n<\/li>\n<li class=\"\" data-start=\"2416\" data-end=\"2436\">\n<p class=\"\" data-start=\"2418\" data-end=\"2436\">Calificaci\u00f3n de SundaHouse: S\u00ed<\/p>\n<\/li>\n<\/ul>","protected":false},"excerpt":{"rendered":"<p>Aqu\u00ed podr\u00e1s ver qu\u00e9 postes y modelos encajan entre s\u00ed de la gama de placas de cierre el\u00e9ctricas STEP.<\/p>\n<h5><strong><a href=\"https:\/\/steplock.com\/sv\/stolpguide\/#!?lang=sv&amp;blog_id=1&amp;paged=1&amp;number=50\" target=\"_blank\" rel=\"noopener\">Gu\u00eda de publicaciones STEP\u00a0<\/a><\/strong><\/h5>\n<h5><strong><a href=\"https:\/\/steplock.com\/sv\/projekteringsguide\/#!?lang=sv&amp;blog_id=1&amp;paged=1&amp;number=999\" target=\"_blank\" rel=\"noopener\">Gu\u00eda de dise\u00f1o STEP<\/a><\/strong><\/h5>","protected":false},"featured_media":139697,"template":"","meta":{"_acf_changed":false},"product_brand":[],"product_cat":[3355],"product_tag":[4198,4200],"class_list":{"0":"post-139699","1":"product","2":"type-product","3":"status-publish","4":"has-post-thumbnail","6":"product_cat-elslutbleck","7":"product_tag-12v","8":"product_tag-rattvand","9":"product_shipping_class-tunga-paket","10":"pa_brands-step","11":"tm-no-options","13":"first","14":"onbackorder","15":"sale","16":"taxable","17":"shipping-taxable","18":"purchasable","19":"product-type-simple"},"acf":[],"_links":{"self":[{"href":"https:\/\/secureus.se\/es\/wp-json\/wp\/v2\/product\/139699","targetHints":{"allow":["GET"]}}],"collection":[{"href":"https:\/\/secureus.se\/es\/wp-json\/wp\/v2\/product"}],"about":[{"href":"https:\/\/secureus.se\/es\/wp-json\/wp\/v2\/types\/product"}],"wp:featuredmedia":[{"embeddable":true,"href":"https:\/\/secureus.se\/es\/wp-json\/wp\/v2\/media\/139697"}],"wp:attachment":[{"href":"https:\/\/secureus.se\/es\/wp-json\/wp\/v2\/media?parent=139699"}],"wp:term":[{"taxonomy":"product_brand","embeddable":true,"href":"https:\/\/secureus.se\/es\/wp-json\/wp\/v2\/product_brand?post=139699"},{"taxonomy":"product_cat","embeddable":true,"href":"https:\/\/secureus.se\/es\/wp-json\/wp\/v2\/product_cat?post=139699"},{"taxonomy":"product_tag","embeddable":true,"href":"https:\/\/secureus.se\/es\/wp-json\/wp\/v2\/product_tag?post=139699"}],"curies":[{"name":"wp","href":"https:\/\/api.w.org\/{rel}","templated":true}]}}