{"id":139713,"date":"2023-09-26T13:06:42","date_gmt":"2023-09-26T11:06:42","guid":{"rendered":"https:\/\/secureus.se\/elslutbleck-step-30-omvand-12v\/"},"modified":"2026-03-26T09:55:55","modified_gmt":"2026-03-26T08:55:55","slug":"elslutbleck-step-30-omvand-12v","status":"publish","type":"product","link":"https:\/\/secureus.se\/es\/elslutbleck-step-30-omvand-12v\/","title":{"rendered":"Cerradura el\u00e9ctrica STEP 30 Reverse 12V"},"content":{"rendered":"<h1>Cerradura el\u00e9ctrica STEP 30 Reverse 12V<\/h1>\n<p>La cerradura el\u00e9ctrica de precarga STEP 30 es una cerradura el\u00e9ctrica compacta dise\u00f1ada para reemplazar modelos m\u00e1s antiguos y garantizar un entorno de puerta confiable.<\/p>\n<p>Equipado con funci\u00f3n inversa y resistencia a la rotura de 500 kg.<\/p>\n<p class=\"\" data-start=\"352\" data-end=\"780\">La cerradura el\u00e9ctrica de precarga STEP 30 es una soluci\u00f3n confiable para reemplazar cerraduras el\u00e9ctricas m\u00e1s antiguas o m\u00e1s simples y crear un entorno de puerta seguro, incluso en secciones de puertas y huecos m\u00e1s antiguos.<\/p>\n<p class=\"\" data-start=\"352\" data-end=\"780\">Parte de la serie Preload de STEP, el STEP 30 combina dimensiones m\u00ednimas con alta calidad y flexibilidad.<\/p>\n<p class=\"\" data-start=\"352\" data-end=\"780\">Equipado con la tecnolog\u00eda de presi\u00f3n de tira patentada de STEP, este cerradero el\u00e9ctrico garantiza que la puerta siempre se pueda abrir, incluso si est\u00e1 sometida a presi\u00f3n.<\/p>\n<p class=\"\" data-start=\"782\" data-end=\"1280\">La funci\u00f3n inversa significa que la puerta se desbloquea en la posici\u00f3n desenergizada, lo que hace posible abrir la puerta r\u00e1pidamente si es necesario.<\/p>\n<p class=\"\" data-start=\"782\" data-end=\"1280\">Sin contacto de pist\u00f3n, esta cerradura el\u00e9ctrica es ideal para instalaciones donde no se requiere contacto de pist\u00f3n.<\/p>\n<p class=\"\" data-start=\"782\" data-end=\"1280\">El diodo de protecci\u00f3n incorporado aumenta la seguridad y lo convierte en una soluci\u00f3n confiable tanto para sistemas de puertas nuevos como antiguos.<\/p>\n<p class=\"\" data-start=\"782\" data-end=\"1280\">Con una resistencia a la rotura de 5 kN (aprox. 500 kg) y la capacidad de abrirse a pesar de una presi\u00f3n de la tira de hasta 40 kg, STEP 30 Preload ofrece seguridad y fiabilidad.<\/p>\n<p class=\"\" data-start=\"1282\" data-end=\"1297\"><strong data-start=\"1282\" data-end=\"1297\">Caracter\u00edsticas:<\/strong><\/p>\n<ul data-start=\"1298\" data-end=\"1659\">\n<li class=\"\" data-start=\"1298\" data-end=\"1339\">\n<p class=\"\" data-start=\"1300\" data-end=\"1339\">Funci\u00f3n inversa (bloqueada en posici\u00f3n desenergizada)<\/p>\n<\/li>\n<li class=\"\" data-start=\"1340\" data-end=\"1359\">\n<p class=\"\" data-start=\"1342\" data-end=\"1359\">Sin contacto del pist\u00f3n<\/p>\n<\/li>\n<li class=\"\" data-start=\"1360\" data-end=\"1398\">\n<p class=\"\" data-start=\"1362\" data-end=\"1398\">Diodo de protecci\u00f3n incorporado para mayor seguridad.<\/p>\n<\/li>\n<li class=\"\" data-start=\"1399\" data-end=\"1436\">\n<p class=\"\" data-start=\"1401\" data-end=\"1436\">Resistencia a la rotura de 5 kN (aprox. 500 kg)<\/p>\n<\/li>\n<li class=\"\" data-start=\"1437\" data-end=\"1539\">\n<p class=\"\" data-start=\"1439\" data-end=\"1539\">Garantiza la apertura a pesar de una presi\u00f3n de la banda de hasta 0,4 kN (aprox. 40 kg) tanto en funci\u00f3n de avance como de retroceso.<\/p>\n<\/li>\n<li class=\"\" data-start=\"1540\" data-end=\"1599\">\n<p class=\"\" data-start=\"1542\" data-end=\"1599\">A prueba de golpes y reversible para puertas de apertura derecha e izquierda.<\/p>\n<\/li>\n<li class=\"\" data-start=\"1600\" data-end=\"1642\">\n<p class=\"\" data-start=\"1602\" data-end=\"1642\">Adecuado para cerraduras de una y dos hojas.<\/p>\n<\/li>\n<li class=\"\" data-start=\"1643\" data-end=\"1659\">\n<p class=\"\" data-start=\"1645\" data-end=\"1659\">Cable no incluido<\/p>\n<\/li>\n<\/ul>\n<p class=\"\" data-start=\"1661\" data-end=\"1690\"><strong data-start=\"1661\" data-end=\"1690\">Especificaciones t\u00e9cnicas:<\/strong><\/p>\n<ul data-start=\"1691\" data-end=\"2278\">\n<li class=\"\" data-start=\"1691\" data-end=\"1798\">\n<p class=\"\" data-start=\"1693\" data-end=\"1798\">Alimentaci\u00f3n: 24 V CC (+15% -10%) 110 mAh \/ m\u00e1x. 300 mA o 12 V CC (+15% -10%) 220 mAh \/ m\u00e1x. 600 mA<\/p>\n<\/li>\n<li class=\"\" data-start=\"1799\" data-end=\"1839\">\n<p class=\"\" data-start=\"1801\" data-end=\"1839\">Durabilidad: Grado X seg\u00fan SS-EN 14846<\/p>\n<\/li>\n<li class=\"\" data-start=\"1840\" data-end=\"1879\">\n<p class=\"\" data-start=\"1842\" data-end=\"1879\">Corrosi\u00f3n: Grado M seg\u00fan SS-EN 14846<\/p>\n<\/li>\n<li class=\"\" data-start=\"1880\" data-end=\"1918\">\n<p class=\"\" data-start=\"1882\" data-end=\"1918\">Seguridad: Grado 3 seg\u00fan SS-EN 14846<\/p>\n<\/li>\n<li class=\"\" data-start=\"1919\" data-end=\"1944\">\n<p class=\"\" data-start=\"1921\" data-end=\"1944\">Resistencia a la rotura: 500 kg<\/p>\n<\/li>\n<li class=\"\" data-start=\"1945\" data-end=\"1975\">\n<p class=\"\" data-start=\"1947\" data-end=\"1975\">Bisagra de la puerta: derecha, izquierda<\/p>\n<\/li>\n<li class=\"\" data-start=\"1976\" data-end=\"1994\">\n<p class=\"\" data-start=\"1978\" data-end=\"1994\">Presi\u00f3n de la tira: 40 kg<\/p>\n<\/li>\n<li class=\"\" data-start=\"1995\" data-end=\"2030\">\n<p class=\"\" data-start=\"1997\" data-end=\"2030\">Tipo de cerradura: Cerradura de pestillo simple, Cerradura de pestillo doble<\/p>\n<\/li>\n<li class=\"\" data-start=\"2031\" data-end=\"2086\">\n<p class=\"\" data-start=\"2033\" data-end=\"2086\">Dimensiones del producto: Ancho: 20,5 mm, Profundidad: 28 mm, Altura: 99 mm<\/p>\n<\/li>\n<li class=\"\" data-start=\"2087\" data-end=\"2105\">\n<p class=\"\" data-start=\"2089\" data-end=\"2105\">Contacto del pist\u00f3n: No<\/p>\n<\/li>\n<li class=\"\" data-start=\"2106\" data-end=\"2126\">\n<p class=\"\" data-start=\"2108\" data-end=\"2126\">Voltaje CA\/CC: CC<\/p>\n<\/li>\n<li class=\"\" data-start=\"2127\" data-end=\"2149\">\n<p class=\"\" data-start=\"2129\" data-end=\"2149\">Voltaje m\u00e1ximo: 13,8 V<\/p>\n<\/li>\n<li class=\"\" data-start=\"2150\" data-end=\"2172\">\n<p class=\"\" data-start=\"2152\" data-end=\"2172\">Voltaje m\u00edn.: 10,8 V<\/p>\n<\/li>\n<li class=\"\" data-start=\"2173\" data-end=\"2201\">\n<p class=\"\" data-start=\"2175\" data-end=\"2201\">Color\/Acabado: Acero inoxidable<\/p>\n<\/li>\n<li class=\"\" data-start=\"2202\" data-end=\"2222\">\n<p class=\"\" data-start=\"2204\" data-end=\"2222\">Producto de construcci\u00f3n calificado: S\u00ed<\/p>\n<\/li>\n<li class=\"\" data-start=\"2223\" data-end=\"2244\">\n<p class=\"\" data-start=\"2225\" data-end=\"2244\">EPD verificado: No<\/p>\n<\/li>\n<li class=\"\" data-start=\"2245\" data-end=\"2257\">\n<p class=\"\" data-start=\"2247\" data-end=\"2257\">INFORMACI\u00d3N FINAL: No<\/p>\n<\/li>\n<li class=\"\" data-start=\"2258\" data-end=\"2278\">\n<p class=\"\" data-start=\"2260\" data-end=\"2278\">Calificaci\u00f3n de SundaHouse: S\u00ed<\/p>\n<\/li>\n<\/ul>","protected":false},"excerpt":{"rendered":"<p>Aqu\u00ed podr\u00e1s ver qu\u00e9 postes y modelos encajan entre s\u00ed de la gama de placas de cierre el\u00e9ctricas STEP.<\/p>\n<h5><strong><a href=\"https:\/\/steplock.com\/sv\/stolpguide\/#!?lang=sv&amp;blog_id=1&amp;paged=1&amp;number=50\" target=\"_blank\" rel=\"noopener\">Gu\u00eda de publicaciones STEP\u00a0<\/a><\/strong><\/h5>\n<h5><strong><a href=\"https:\/\/steplock.com\/sv\/projekteringsguide\/#!?lang=sv&amp;blog_id=1&amp;paged=1&amp;number=999\" target=\"_blank\" rel=\"noopener\">Gu\u00eda de dise\u00f1o STEP<\/a><\/strong><\/h5>","protected":false},"featured_media":139712,"template":"","meta":{"_acf_changed":false},"product_brand":[],"product_cat":[3355],"product_tag":[4198,4201],"class_list":{"0":"post-139713","1":"product","2":"type-product","3":"status-publish","4":"has-post-thumbnail","6":"product_cat-elslutbleck","7":"product_tag-12v","8":"product_tag-omvand","9":"product_shipping_class-tunga-paket","10":"pa_brands-step","11":"tm-no-options","13":"first","14":"onbackorder","15":"sale","16":"taxable","17":"shipping-taxable","18":"purchasable","19":"product-type-simple"},"acf":[],"_links":{"self":[{"href":"https:\/\/secureus.se\/es\/wp-json\/wp\/v2\/product\/139713","targetHints":{"allow":["GET"]}}],"collection":[{"href":"https:\/\/secureus.se\/es\/wp-json\/wp\/v2\/product"}],"about":[{"href":"https:\/\/secureus.se\/es\/wp-json\/wp\/v2\/types\/product"}],"wp:featuredmedia":[{"embeddable":true,"href":"https:\/\/secureus.se\/es\/wp-json\/wp\/v2\/media\/139712"}],"wp:attachment":[{"href":"https:\/\/secureus.se\/es\/wp-json\/wp\/v2\/media?parent=139713"}],"wp:term":[{"taxonomy":"product_brand","embeddable":true,"href":"https:\/\/secureus.se\/es\/wp-json\/wp\/v2\/product_brand?post=139713"},{"taxonomy":"product_cat","embeddable":true,"href":"https:\/\/secureus.se\/es\/wp-json\/wp\/v2\/product_cat?post=139713"},{"taxonomy":"product_tag","embeddable":true,"href":"https:\/\/secureus.se\/es\/wp-json\/wp\/v2\/product_tag?post=139713"}],"curies":[{"name":"wp","href":"https:\/\/api.w.org\/{rel}","templated":true}]}}