{"id":139731,"date":"2023-09-26T13:07:58","date_gmt":"2023-09-26T11:07:58","guid":{"rendered":"https:\/\/secureus.se\/elslutbleck-step-90-rattvand-12v\/"},"modified":"2026-04-23T12:40:34","modified_gmt":"2026-04-23T10:40:34","slug":"elslutbleck-step-90-rattvand-12v","status":"publish","type":"product","link":"https:\/\/secureus.se\/es\/elslutbleck-step-90-rattvand-12v\/","title":{"rendered":"Cerradero el\u00e9ctrico STEP 90 Orientado a la derecha 12V"},"content":{"rendered":"<h1>Cerradero el\u00e9ctrico STEP 90 Orientado a la derecha 12V<\/h1>\n<p>STEP 90 Preload es una cerradura el\u00e9ctrica resistente al fuego en un formato compacto con funci\u00f3n orientada hacia adelante. Ideal para entornos de puertas con requisitos de alta seguridad y confiabilidad al bloquear durante el d\u00eda.<\/p>\n<p class=\"\" data-start=\"244\" data-end=\"625\">La cerradura el\u00e9ctrica de precarga STEP 90 con funci\u00f3n orientada a la derecha es una soluci\u00f3n confiable y segura para entornos de puertas donde el bloqueo seguro se combina con requisitos de clasificaci\u00f3n de fuego y alta frecuencia de apertura.<\/p>\n<p class=\"\" data-start=\"244\" data-end=\"625\">Con su dise\u00f1o compacto, la chapa met\u00e1lica es f\u00e1cil de instalar incluso en espacios reducidos, lo que la convierte en una excelente opci\u00f3n para actualizar puertas existentes.<\/p>\n<p class=\"\" data-start=\"627\" data-end=\"900\">El producto es parte de la serie Preload de STEP y est\u00e1 equipado con la tecnolog\u00eda de moldeo patentada HPR\u00ae.<\/p>\n<p class=\"\" data-start=\"627\" data-end=\"900\">Permite un desbloqueo seguro incluso con una presi\u00f3n de tira de hasta 250 kg, lo que es decisivo en entornos de puertas con tiras de sellado o presi\u00f3n de automatizaci\u00f3n de puertas autom\u00e1ticas.<\/p>\n<p class=\"\" data-start=\"902\" data-end=\"1268\">STEP 90 est\u00e1 homologado para resistir incendios hasta E\/EI 120 seg\u00fan SS-EN 14846:2008 y probado para soportar una resistencia a la rotura de 1200 kg.<\/p>\n<p class=\"\" data-start=\"902\" data-end=\"1268\">La funci\u00f3n orientada hacia la derecha significa que el panel est\u00e1 bloqueado en una posici\u00f3n desenergizada, lo cual es est\u00e1ndar en instalaciones cr\u00edticas para la seguridad.<\/p>\n<p class=\"\" data-start=\"902\" data-end=\"1268\">El producto es reversible y se adapta tanto a puertas de apertura derecha como izquierda, as\u00ed como a carcasas de cerradura de las series Connect, Modul y Narrow Profile.<\/p>\n<p class=\"\" data-start=\"1270\" data-end=\"1296\"><strong data-start=\"1270\" data-end=\"1296\">Caracter\u00edsticas y beneficios:<\/strong><\/p>\n<ul data-start=\"1297\" data-end=\"1529\">\n<li class=\"\" data-start=\"1297\" data-end=\"1340\">\n<p class=\"\" data-start=\"1299\" data-end=\"1340\">Funci\u00f3n correcta (bloqueado en posici\u00f3n desenergizada)<\/p>\n<\/li>\n<li class=\"\" data-start=\"1341\" data-end=\"1381\">\n<p class=\"\" data-start=\"1343\" data-end=\"1381\">Clase de fuego E\/EI 120 seg\u00fan SS-EN 14846<\/p>\n<\/li>\n<li class=\"\" data-start=\"1382\" data-end=\"1425\">\n<p class=\"\" data-start=\"1384\" data-end=\"1425\">Tecnolog\u00eda HPR\u00ae para impresi\u00f3n en tiras de hasta 250 kg<\/p>\n<\/li>\n<li class=\"\" data-start=\"1426\" data-end=\"1461\">\n<p class=\"\" data-start=\"1428\" data-end=\"1461\">Dimensiones compactas: f\u00e1cil instalaci\u00f3n<\/p>\n<\/li>\n<li class=\"\" data-start=\"1462\" data-end=\"1494\">\n<p class=\"\" data-start=\"1464\" data-end=\"1494\">Dise\u00f1o reversible y a prueba de golpes.<\/p>\n<\/li>\n<li class=\"\" data-start=\"1495\" data-end=\"1529\">\n<p class=\"\" data-start=\"1497\" data-end=\"1529\">Para cerraduras de una y dos hojas<\/p>\n<\/li>\n<\/ul>\n<p class=\"\" data-start=\"1531\" data-end=\"1857\"><strong data-start=\"1531\" data-end=\"1560\">Especificaciones t\u00e9cnicas:<\/strong><br data-start=\"1560\" data-end=\"1563\" \/>Voltaje de funcionamiento: 12 V CC (10,8-13,8 V)<br data-start=\"1599\" data-end=\"1602\" \/>Consumo de energ\u00eda: 220 mAh \/ m\u00e1x. 600 mA<br data-start=\"1640\" data-end=\"1643\" \/>Resistencia a la rotura: 1200 kg (12 kN)<br data-start=\"1675\" data-end=\"1678\" \/>Presi\u00f3n de la tira: 250 kg<br data-start=\"1695\" data-end=\"1698\" \/>Dimensiones (An. x Pr. x Al.): 25 x 28 x 90 mm<br data-start=\"1727\" data-end=\"1730\" \/>Tipo de cerradura: Cerradura de pestillo simple, Cerradura de pestillo doble<br data-start=\"1763\" data-end=\"1766\" \/>Contacto del pist\u00f3n: No<br data-start=\"1782\" data-end=\"1785\" \/>Cable: No<br data-start=\"1795\" data-end=\"1798\" \/>Tratamiento superficial: acero inoxidable<br data-start=\"1819\" data-end=\"1822\" \/>Materiales de construcci\u00f3n calificados y SundaHus calificados: S\u00ed<\/p>","protected":false},"excerpt":{"rendered":"<p>Aqu\u00ed podr\u00e1s ver qu\u00e9 postes y modelos encajan entre s\u00ed de la gama de placas de cierre el\u00e9ctricas STEP.<\/p>\n<h5><strong><a href=\"https:\/\/steplock.com\/sv\/stolpguide\/#!?lang=sv&amp;blog_id=1&amp;paged=1&amp;number=50\" target=\"_blank\" rel=\"noopener\">Gu\u00eda de publicaciones STEP\u00a0<\/a><\/strong><\/h5>\n<h5><strong><a href=\"https:\/\/steplock.com\/sv\/projekteringsguide\/#!?lang=sv&amp;blog_id=1&amp;paged=1&amp;number=999\" target=\"_blank\" rel=\"noopener\">Gu\u00eda de dise\u00f1o STEP<\/a><\/strong><\/h5>","protected":false},"featured_media":139727,"template":"","meta":{"_acf_changed":false},"product_brand":[],"product_cat":[3355],"product_tag":[4198,4200],"class_list":{"0":"post-139731","1":"product","2":"type-product","3":"status-publish","4":"has-post-thumbnail","6":"product_cat-elslutbleck","7":"product_tag-12v","8":"product_tag-rattvand","9":"product_shipping_class-tunga-paket","10":"pa_brands-step","11":"tm-no-options","13":"first","14":"instock","15":"sale","16":"taxable","17":"shipping-taxable","18":"purchasable","19":"product-type-simple"},"acf":[],"_links":{"self":[{"href":"https:\/\/secureus.se\/es\/wp-json\/wp\/v2\/product\/139731","targetHints":{"allow":["GET"]}}],"collection":[{"href":"https:\/\/secureus.se\/es\/wp-json\/wp\/v2\/product"}],"about":[{"href":"https:\/\/secureus.se\/es\/wp-json\/wp\/v2\/types\/product"}],"wp:featuredmedia":[{"embeddable":true,"href":"https:\/\/secureus.se\/es\/wp-json\/wp\/v2\/media\/139727"}],"wp:attachment":[{"href":"https:\/\/secureus.se\/es\/wp-json\/wp\/v2\/media?parent=139731"}],"wp:term":[{"taxonomy":"product_brand","embeddable":true,"href":"https:\/\/secureus.se\/es\/wp-json\/wp\/v2\/product_brand?post=139731"},{"taxonomy":"product_cat","embeddable":true,"href":"https:\/\/secureus.se\/es\/wp-json\/wp\/v2\/product_cat?post=139731"},{"taxonomy":"product_tag","embeddable":true,"href":"https:\/\/secureus.se\/es\/wp-json\/wp\/v2\/product_tag?post=139731"}],"curies":[{"name":"wp","href":"https:\/\/api.w.org\/{rel}","templated":true}]}}