{"id":139753,"date":"2023-09-26T13:07:49","date_gmt":"2023-09-26T11:07:49","guid":{"rendered":"https:\/\/secureus.se\/elslutbleck-step-40-omvand-12v-kolvkontakt\/"},"modified":"2026-04-23T12:40:25","modified_gmt":"2026-04-23T10:40:25","slug":"elslutbleck-step-40-omvand-12v-kolvkontakt","status":"publish","type":"product","link":"https:\/\/secureus.se\/es\/elslutbleck-step-40-omvand-12v-kolvkontakt\/","title":{"rendered":"Cerradura el\u00e9ctrica STEP 40 Contacto de pist\u00f3n 12V inverso"},"content":{"rendered":"<h1>Cerradura el\u00e9ctrica STEP 40 Contacto de pist\u00f3n 12V inverso<\/h1>\n<p>PASO 40 Cerradero el\u00e9ctrico de precarga HPR con funci\u00f3n inversa y contacto de pist\u00f3n. Adaptado para sistemas de 12V. Apertura silenciosa y fiable incluso con 250 kg de presi\u00f3n de banda. Dise\u00f1o reversible.<\/p>\n<p class=\"\" data-start=\"248\" data-end=\"580\">La cerradura el\u00e9ctrica STEP 40 Preload HPR combina un funcionamiento confiable, un dise\u00f1o compacto y alta seguridad: perfecta para el cierre diurno en entornos de puertas con altas exigencias.<\/p>\n<p class=\"\" data-start=\"248\" data-end=\"580\">La funci\u00f3n inversa (apertura en caso de corte de corriente) la hace especialmente adecuada para v\u00edas de escape o puertas donde se requiere paso libre en caso de corte de corriente.<\/p>\n<p class=\"\" data-start=\"582\" data-end=\"933\">Gracias a la tecnolog\u00eda de presi\u00f3n de banda HPR\u00ae patentada por STEP, la cerradura el\u00e9ctrica puede desbloquearse incluso cuando la puerta est\u00e1 sometida a una presi\u00f3n de hasta 250 kg.<\/p>\n<p class=\"\" data-start=\"582\" data-end=\"933\">Proporciona un funcionamiento confiable incluso en entornos con puertas pesadas y con un alto flujo de uso. STEP 40 est\u00e1 probado durante m\u00e1s de 1,5 millones de ciclos y tiene una resistencia a la rotura de 1200 kg, lo que garantiza una larga vida \u00fatil y un bloqueo seguro.<\/p>\n<p class=\"\" data-start=\"935\" data-end=\"1220\">Con un contacto de pist\u00f3n incorporado, obtiene una indicaci\u00f3n de estado de si la puerta est\u00e1 cerrada o abierta, lo que simplifica la integraci\u00f3n con sistemas de control de acceso o sistemas de alarma.<\/p>\n<p class=\"\" data-start=\"935\" data-end=\"1220\">La placa es reversible y se adapta tanto a puertas de apertura derecha como izquierda, y se puede montar en carcasas de cerradura de las series Connect, Modul y Narrow Profile.<\/p>\n<p class=\"\" data-start=\"1222\" data-end=\"1248\"><strong data-start=\"1222\" data-end=\"1248\">Caracter\u00edsticas y beneficios:<\/strong><\/p>\n<ul data-start=\"1249\" data-end=\"1555\">\n<li class=\"\" data-start=\"1249\" data-end=\"1294\">\n<p class=\"\" data-start=\"1251\" data-end=\"1294\">Funci\u00f3n inversa: se abre en caso de corte de energ\u00eda<\/p>\n<\/li>\n<li class=\"\" data-start=\"1295\" data-end=\"1325\">\n<p class=\"\" data-start=\"1297\" data-end=\"1325\">Interruptor de \u00e9mbolo para el estado de la puerta<\/p>\n<\/li>\n<li class=\"\" data-start=\"1326\" data-end=\"1355\">\n<p class=\"\" data-start=\"1328\" data-end=\"1355\">Resistencia a la rotura: 1.200 kg<\/p>\n<\/li>\n<li class=\"\" data-start=\"1356\" data-end=\"1389\">\n<p class=\"\" data-start=\"1358\" data-end=\"1389\">Soporta una presi\u00f3n de moldeo de hasta 250 kg.<\/p>\n<\/li>\n<li class=\"\" data-start=\"1390\" data-end=\"1416\">\n<p class=\"\" data-start=\"1392\" data-end=\"1416\">Tecnolog\u00eda patentada HPR\u00ae<\/p>\n<\/li>\n<li class=\"\" data-start=\"1417\" data-end=\"1451\">\n<p class=\"\" data-start=\"1419\" data-end=\"1451\">Dise\u00f1o compacto y reversible<\/p>\n<\/li>\n<li class=\"\" data-start=\"1452\" data-end=\"1483\">\n<p class=\"\" data-start=\"1454\" data-end=\"1483\">Diodo de protecci\u00f3n y protector contra sobretensiones<\/p>\n<\/li>\n<li class=\"\" data-start=\"1484\" data-end=\"1517\">\n<p class=\"\" data-start=\"1486\" data-end=\"1517\">Para cerraduras de una o dos hojas<\/p>\n<\/li>\n<li class=\"\" data-start=\"1518\" data-end=\"1555\">\n<p class=\"\" data-start=\"1520\" data-end=\"1555\">Materiales de construcci\u00f3n evaluados y SundaHus evaluado<\/p>\n<\/li>\n<\/ul>","protected":false},"excerpt":{"rendered":"<p>Aqu\u00ed podr\u00e1s ver qu\u00e9 postes y modelos encajan entre s\u00ed de la gama de placas de cierre el\u00e9ctricas STEP.<\/p>\n<h5><strong><a href=\"https:\/\/steplock.com\/sv\/stolpguide\/#!?lang=sv&amp;blog_id=1&amp;paged=1&amp;number=50\" target=\"_blank\" rel=\"noopener\">Gu\u00eda de publicaciones STEP\u00a0<\/a><\/strong><\/h5>\n<h5><strong><a href=\"https:\/\/steplock.com\/sv\/projekteringsguide\/#!?lang=sv&amp;blog_id=1&amp;paged=1&amp;number=999\" target=\"_blank\" rel=\"noopener\">Gu\u00eda de dise\u00f1o STEP<\/a><\/strong><\/h5>","protected":false},"featured_media":139746,"template":"","meta":{"_acf_changed":false},"product_brand":[],"product_cat":[3355],"product_tag":[4198,4201],"class_list":{"0":"post-139753","1":"product","2":"type-product","3":"status-publish","4":"has-post-thumbnail","6":"product_cat-elslutbleck","7":"product_tag-12v","8":"product_tag-omvand","9":"product_shipping_class-tunga-paket","10":"pa_brands-step","11":"tm-no-options","13":"first","14":"onbackorder","15":"sale","16":"taxable","17":"shipping-taxable","18":"purchasable","19":"product-type-simple"},"acf":[],"_links":{"self":[{"href":"https:\/\/secureus.se\/es\/wp-json\/wp\/v2\/product\/139753","targetHints":{"allow":["GET"]}}],"collection":[{"href":"https:\/\/secureus.se\/es\/wp-json\/wp\/v2\/product"}],"about":[{"href":"https:\/\/secureus.se\/es\/wp-json\/wp\/v2\/types\/product"}],"wp:featuredmedia":[{"embeddable":true,"href":"https:\/\/secureus.se\/es\/wp-json\/wp\/v2\/media\/139746"}],"wp:attachment":[{"href":"https:\/\/secureus.se\/es\/wp-json\/wp\/v2\/media?parent=139753"}],"wp:term":[{"taxonomy":"product_brand","embeddable":true,"href":"https:\/\/secureus.se\/es\/wp-json\/wp\/v2\/product_brand?post=139753"},{"taxonomy":"product_cat","embeddable":true,"href":"https:\/\/secureus.se\/es\/wp-json\/wp\/v2\/product_cat?post=139753"},{"taxonomy":"product_tag","embeddable":true,"href":"https:\/\/secureus.se\/es\/wp-json\/wp\/v2\/product_tag?post=139753"}],"curies":[{"name":"wp","href":"https:\/\/api.w.org\/{rel}","templated":true}]}}