{"id":139754,"date":"2023-09-26T13:06:24","date_gmt":"2023-09-26T11:06:24","guid":{"rendered":"https:\/\/secureus.se\/elslutbleck-step-90-omvand-12v\/"},"modified":"2026-04-08T16:27:13","modified_gmt":"2026-04-08T14:27:13","slug":"elslutbleck-step-90-omvand-12v","status":"publish","type":"product","link":"https:\/\/secureus.se\/es\/elslutbleck-step-90-omvand-12v\/","title":{"rendered":"Cerradura el\u00e9ctrica STEP 90 Reverse 12V"},"content":{"rendered":"<h1>Cerradura el\u00e9ctrica STEP 90 Reverse 12V<\/h1>\n<p class=\"\" data-start=\"120\" data-end=\"310\">Cerradero el\u00e9ctrico STEP 90 Preload HPR es un cerradero el\u00e9ctrico homologado para fuego, de dise\u00f1o compacto y alta seguridad, ideal para su uso en puertas con altas exigencias de fiabilidad operativa.<\/p>\n<p class=\"\" data-start=\"312\" data-end=\"801\"><strong data-start=\"312\" data-end=\"332\">Descripci\u00f3n larga<\/strong>:<br data-start=\"333\" data-end=\"336\" \/>STEP 90 Preload HPR es una cerradura el\u00e9ctrica homologada para incendios con una construcci\u00f3n compacta y duradera, dise\u00f1ada para proporcionar una alta confiabilidad operativa y una larga vida \u00fatil.<\/p>\n<p class=\"\" data-start=\"312\" data-end=\"801\">Gracias a la tecnolog\u00eda patentada de presi\u00f3n de tira, la puerta se puede abrir incluso con una presi\u00f3n de hasta 250 kg, lo que convierte a STEP 90 Preload en una opci\u00f3n flexible y confiable.<\/p>\n<p class=\"\" data-start=\"312\" data-end=\"801\">El producto est\u00e1 certificado para resistencia al fuego hasta E\/EI120 seg\u00fan SS-EN 14846:2008 y est\u00e1 especialmente adaptado para puertas con altas frecuencias de apertura.<\/p>\n<p class=\"\" data-start=\"803\" data-end=\"1036\">La cerradura el\u00e9ctrica es reversible y se adapta tanto a puertas con bisagras a la derecha como a la izquierda, lo que facilita la instalaci\u00f3n.<\/p>\n<p class=\"\" data-start=\"803\" data-end=\"1036\">Con un contacto de pist\u00f3n, el sistema se puede integrar con sistemas de control de acceso y sistemas de alarma para indicar si la puerta est\u00e1 cerrada\/abierta.<\/p>\n<p class=\"\" data-start=\"1038\" data-end=\"1055\"><strong data-start=\"1038\" data-end=\"1052\">Caracter\u00edsticas<\/strong>:<\/p>\n<ul data-start=\"1056\" data-end=\"1478\">\n<li class=\"\" data-start=\"1056\" data-end=\"1099\">\n<p class=\"\" data-start=\"1058\" data-end=\"1099\">Funci\u00f3n inversa (bloqueada en posici\u00f3n desenergizada)<\/p>\n<\/li>\n<li class=\"\" data-start=\"1100\" data-end=\"1162\">\n<p class=\"\" data-start=\"1102\" data-end=\"1162\">Aprobado para fuego hasta F (E\/EI 120) seg\u00fan SS-EN 14846:2008<\/p>\n<\/li>\n<li class=\"\" data-start=\"1163\" data-end=\"1220\">\n<p class=\"\" data-start=\"1165\" data-end=\"1220\">Indicaci\u00f3n de detecci\u00f3n del estado de la puerta (cerrada\/abierta)<\/p>\n<\/li>\n<li class=\"\" data-start=\"1221\" data-end=\"1259\">\n<p class=\"\" data-start=\"1223\" data-end=\"1259\">Resistencia a la rotura 1200 kg (aprox. 12 kN)<\/p>\n<\/li>\n<li class=\"\" data-start=\"1260\" data-end=\"1336\">\n<p class=\"\" data-start=\"1262\" data-end=\"1336\">Tecnolog\u00eda HPR\u00ae que garantiza la apertura a pesar de una presi\u00f3n de fleje de 250 kg (aprox. 2,5 kN)<\/p>\n<\/li>\n<li class=\"\" data-start=\"1337\" data-end=\"1352\">\n<p class=\"\" data-start=\"1339\" data-end=\"1352\">Antidetonante<\/p>\n<\/li>\n<li class=\"\" data-start=\"1353\" data-end=\"1393\">\n<p class=\"\" data-start=\"1355\" data-end=\"1393\">Reversible para puertas derechas e izquierdas<\/p>\n<\/li>\n<li class=\"\" data-start=\"1394\" data-end=\"1478\">\n<p class=\"\" data-start=\"1396\" data-end=\"1478\">Se adapta a cajas de cerradura con cerraduras de pestillo simple y doble de las series Connect, Modul y Narrow Profile<\/p>\n<\/li>\n<\/ul>\n<p class=\"\" data-start=\"1480\" data-end=\"1511\"><strong data-start=\"1480\" data-end=\"1508\">Especificaciones t\u00e9cnicas<\/strong>:<\/p>\n<ul data-start=\"1512\" data-end=\"2105\">\n<li class=\"\" data-start=\"1512\" data-end=\"1548\">\n<p class=\"\" data-start=\"1514\" data-end=\"1548\"><strong data-start=\"1514\" data-end=\"1537\">Resistencia a la rotura m\u00e1xima.<\/strong>:1200 kilos<\/p>\n<\/li>\n<li class=\"\" data-start=\"1549\" data-end=\"1585\">\n<p class=\"\" data-start=\"1551\" data-end=\"1585\"><strong data-start=\"1551\" data-end=\"1567\">Puerta colgante<\/strong>:Derecha, Izquierda<\/p>\n<\/li>\n<li class=\"\" data-start=\"1586\" data-end=\"1610\">\n<p class=\"\" data-start=\"1588\" data-end=\"1610\"><strong data-start=\"1588\" data-end=\"1603\">Cable incluido<\/strong>: No<\/p>\n<\/li>\n<li class=\"\" data-start=\"1611\" data-end=\"1636\">\n<p class=\"\" data-start=\"1613\" data-end=\"1636\"><strong data-start=\"1613\" data-end=\"1626\">Impresi\u00f3n de listas<\/strong>:250 kilos<\/p>\n<\/li>\n<li class=\"\" data-start=\"1637\" data-end=\"1678\">\n<p class=\"\" data-start=\"1639\" data-end=\"1678\"><strong data-start=\"1639\" data-end=\"1649\">Tipo de bloqueo<\/strong>: Cerradura de pestillo simple, Cerradura de pestillo doble<\/p>\n<\/li>\n<li class=\"\" data-start=\"1679\" data-end=\"1707\">\n<p class=\"\" data-start=\"1681\" data-end=\"1707\"><strong data-start=\"1681\" data-end=\"1698\">Ancho del producto<\/strong>:25 mm<\/p>\n<\/li>\n<li class=\"\" data-start=\"1708\" data-end=\"1734\">\n<p class=\"\" data-start=\"1710\" data-end=\"1734\"><strong data-start=\"1710\" data-end=\"1728\">Producto de construcci\u00f3n calificado<\/strong>: S\u00ed<\/p>\n<\/li>\n<li class=\"\" data-start=\"1735\" data-end=\"1762\">\n<p class=\"\" data-start=\"1737\" data-end=\"1762\"><strong data-start=\"1737\" data-end=\"1753\">Producto profundo<\/strong>:28 mm<\/p>\n<\/li>\n<li class=\"\" data-start=\"1763\" data-end=\"1797\">\n<p class=\"\" data-start=\"1765\" data-end=\"1797\"><strong data-start=\"1765\" data-end=\"1790\">Voltaje de funcionamiento 12 V\/24 V<\/strong>: 12 V<\/p>\n<\/li>\n<li class=\"\" data-start=\"1798\" data-end=\"1826\">\n<p class=\"\" data-start=\"1800\" data-end=\"1826\"><strong data-start=\"1800\" data-end=\"1819\">Ca\u00edda con doble giro<\/strong>: No<\/p>\n<\/li>\n<li class=\"\" data-start=\"1827\" data-end=\"1854\">\n<p class=\"\" data-start=\"1829\" data-end=\"1854\"><strong data-start=\"1829\" data-end=\"1847\">EPD verificado<\/strong>: No<\/p>\n<\/li>\n<li class=\"\" data-start=\"1855\" data-end=\"1873\">\n<p class=\"\" data-start=\"1857\" data-end=\"1873\"><strong data-start=\"1857\" data-end=\"1866\">Informaci\u00f3n financiera<\/strong>: No<\/p>\n<\/li>\n<li class=\"\" data-start=\"1874\" data-end=\"1908\">\n<p class=\"\" data-start=\"1876\" data-end=\"1908\"><strong data-start=\"1876\" data-end=\"1897\">Tratamiento de color\/superficie<\/strong>:Acero inoxidable<\/p>\n<\/li>\n<li class=\"\" data-start=\"1909\" data-end=\"1936\">\n<p class=\"\" data-start=\"1911\" data-end=\"1936\"><strong data-start=\"1911\" data-end=\"1927\">Producto de altura<\/strong>:90 mm<\/p>\n<\/li>\n<li class=\"\" data-start=\"1937\" data-end=\"1961\">\n<p class=\"\" data-start=\"1939\" data-end=\"1961\"><strong data-start=\"1939\" data-end=\"1954\">Contacto del pist\u00f3n<\/strong>: No<\/p>\n<\/li>\n<li class=\"\" data-start=\"1962\" data-end=\"1993\">\n<p class=\"\" data-start=\"1964\" data-end=\"1993\"><strong data-start=\"1964\" data-end=\"1983\">Derecha\/Reversa<\/strong>: Contrarrestar<\/p>\n<\/li>\n<li class=\"\" data-start=\"1994\" data-end=\"2020\">\n<p class=\"\" data-start=\"1996\" data-end=\"2020\"><strong data-start=\"1996\" data-end=\"2014\">Voltaje CA\/CC<\/strong>:DC<\/p>\n<\/li>\n<li class=\"\" data-start=\"2021\" data-end=\"2049\">\n<p class=\"\" data-start=\"2023\" data-end=\"2049\"><strong data-start=\"2023\" data-end=\"2039\">Voltaje m\u00e1x.<\/strong>:13,8 V<\/p>\n<\/li>\n<li class=\"\" data-start=\"2050\" data-end=\"2078\">\n<p class=\"\" data-start=\"2052\" data-end=\"2078\"><strong data-start=\"2052\" data-end=\"2068\">Voltaje m\u00ednimo<\/strong>:10,8 V<\/p>\n<\/li>\n<li class=\"\" data-start=\"2079\" data-end=\"2105\">\n<p class=\"\" data-start=\"2081\" data-end=\"2105\"><strong data-start=\"2081\" data-end=\"2099\">SundaHouse calificado<\/strong>: S\u00ed<\/p>\n<\/li>\n<\/ul>","protected":false},"excerpt":{"rendered":"<p>Aqu\u00ed podr\u00e1s ver qu\u00e9 postes y modelos encajan entre s\u00ed de la gama de placas de cierre el\u00e9ctricas STEP.<\/p>\n<h5><strong><a href=\"https:\/\/steplock.com\/sv\/stolpguide\/#!?lang=sv&amp;blog_id=1&amp;paged=1&amp;number=50\" target=\"_blank\" rel=\"noopener\">Gu\u00eda de publicaciones STEP\u00a0<\/a><\/strong><\/h5>\n<h5><strong><a href=\"https:\/\/steplock.com\/sv\/projekteringsguide\/#!?lang=sv&amp;blog_id=1&amp;paged=1&amp;number=999\" target=\"_blank\" rel=\"noopener\">Gu\u00eda de dise\u00f1o STEP<\/a><\/strong><\/h5>","protected":false},"featured_media":139745,"template":"","meta":{"_acf_changed":false},"product_brand":[],"product_cat":[3355],"product_tag":[4198,4201],"class_list":{"0":"post-139754","1":"product","2":"type-product","3":"status-publish","4":"has-post-thumbnail","6":"product_cat-elslutbleck","7":"product_tag-12v","8":"product_tag-omvand","9":"product_shipping_class-tunga-paket","10":"pa_brands-step","11":"tm-no-options","13":"first","14":"onbackorder","15":"sale","16":"taxable","17":"shipping-taxable","18":"purchasable","19":"product-type-simple"},"acf":[],"_links":{"self":[{"href":"https:\/\/secureus.se\/es\/wp-json\/wp\/v2\/product\/139754","targetHints":{"allow":["GET"]}}],"collection":[{"href":"https:\/\/secureus.se\/es\/wp-json\/wp\/v2\/product"}],"about":[{"href":"https:\/\/secureus.se\/es\/wp-json\/wp\/v2\/types\/product"}],"wp:featuredmedia":[{"embeddable":true,"href":"https:\/\/secureus.se\/es\/wp-json\/wp\/v2\/media\/139745"}],"wp:attachment":[{"href":"https:\/\/secureus.se\/es\/wp-json\/wp\/v2\/media?parent=139754"}],"wp:term":[{"taxonomy":"product_brand","embeddable":true,"href":"https:\/\/secureus.se\/es\/wp-json\/wp\/v2\/product_brand?post=139754"},{"taxonomy":"product_cat","embeddable":true,"href":"https:\/\/secureus.se\/es\/wp-json\/wp\/v2\/product_cat?post=139754"},{"taxonomy":"product_tag","embeddable":true,"href":"https:\/\/secureus.se\/es\/wp-json\/wp\/v2\/product_tag?post=139754"}],"curies":[{"name":"wp","href":"https:\/\/api.w.org\/{rel}","templated":true}]}}