{"id":139763,"date":"2023-09-26T13:07:41","date_gmt":"2023-09-26T11:07:41","guid":{"rendered":"https:\/\/secureus.se\/elslutbleck-step-18-vanster-rattvand-12v-9mm-regel-connect\/"},"modified":"2026-03-26T09:50:01","modified_gmt":"2026-03-26T08:50:01","slug":"elslutbleck-step-18-vanster-rattvand-12v-9mm-regel-connect","status":"publish","type":"product","link":"https:\/\/secureus.se\/es\/elslutbleck-step-18-vanster-rattvand-12v-9mm-regel-connect\/","title":{"rendered":"Cerradura el\u00e9ctrica PASO 18 Izquierda Derecha 12 V Regla de 9 mm Conectar"},"content":{"rendered":"<h1>Cerradura el\u00e9ctrica PASO 18 Izquierda Derecha 12 V Regla de 9 mm Conectar<\/h1>\n<p>STEP 18 Secure es una cerradura el\u00e9ctrica de alta seguridad con funci\u00f3n de apertura a la derecha para puertas con apertura a la izquierda.<\/p>\n<p>Adaptado para cerrojo Connect de 9 mm, homologado para fuego hasta E\/EI60 y equipado con pist\u00f3n y contacto de pestillo.<\/p>\n<p class=\"\" data-start=\"288\" data-end=\"661\">Cerradura el\u00e9ctrica STEP 18 Secure es una cerradura el\u00e9ctrica avanzada desarrollada para satisfacer altas demandas de seguridad, durabilidad y funcionalidad en entornos de puertas que se utilizan con frecuencia.<\/p>\n<p class=\"\" data-start=\"288\" data-end=\"661\">El producto est\u00e1 especialmente adaptado para puertas batientes de 9 mm de la serie Connect y se utiliza a menudo en entornos con clasificaci\u00f3n de seguridad, como bancos, instituciones y edificios p\u00fablicos.<\/p>\n<p class=\"\" data-start=\"663\" data-end=\"968\">Gracias a su funci\u00f3n orientada hacia la derecha, la placa se bloquea en un estado desenergizado, lo que proporciona protecci\u00f3n adicional en caso de un corte de energ\u00eda, por ejemplo.<\/p>\n<p class=\"\" data-start=\"663\" data-end=\"968\">El interruptor de \u00e9mbolo y el interruptor de pestillo incorporados permiten un monitoreo preciso del estado de las posiciones cerrada\/abierta y bloqueada\/desbloqueada de la puerta, perfecto para la integraci\u00f3n con sistemas de alarma y control de acceso.<\/p>\n<p class=\"\" data-start=\"970\" data-end=\"1277\">STEP 18 cuenta con certificaci\u00f3n contra incendios seg\u00fan E\/EI60 y est\u00e1 probado para soportar una presi\u00f3n de tira de 500 kg y una resistencia a la rotura de 15 kN, lo que garantiza un bloqueo seguro incluso en condiciones de presi\u00f3n.<\/p>\n<p class=\"\" data-start=\"970\" data-end=\"1277\">La hoja es a prueba de manipulaciones y est\u00e1 equipada con un diodo de protecci\u00f3n incorporado. El suministro incluye un cable de conexi\u00f3n libre de hal\u00f3genos de 5 metros.<\/p>\n<p class=\"\" data-start=\"1279\" data-end=\"1307\"><strong data-start=\"1279\" data-end=\"1305\">Caracter\u00edsticas y beneficios:<\/strong><\/p>\n<ul data-start=\"1308\" data-end=\"1614\">\n<li class=\"\" data-start=\"1308\" data-end=\"1347\">\n<p class=\"\" data-start=\"1310\" data-end=\"1347\">Funci\u00f3n correcta (bloqueado sin energ\u00eda)<\/p>\n<\/li>\n<li class=\"\" data-start=\"1348\" data-end=\"1399\">\n<p class=\"\" data-start=\"1350\" data-end=\"1399\">Para puertas de apertura a la izquierda con perno de conexi\u00f3n de 9 mm<\/p>\n<\/li>\n<li class=\"\" data-start=\"1400\" data-end=\"1448\">\n<p class=\"\" data-start=\"1402\" data-end=\"1448\">Contacto de pist\u00f3n y pestillo para monitorizaci\u00f3n del estado<\/p>\n<\/li>\n<li class=\"\" data-start=\"1449\" data-end=\"1472\">\n<p class=\"\" data-start=\"1451\" data-end=\"1472\">Clasificaci\u00f3n de resistencia al fuego E\/EI60<\/p>\n<\/li>\n<li class=\"\" data-start=\"1473\" data-end=\"1506\">\n<p class=\"\" data-start=\"1475\" data-end=\"1506\">Soporta presi\u00f3n de moldeo de hasta 500 kg.<\/p>\n<\/li>\n<li class=\"\" data-start=\"1507\" data-end=\"1533\">\n<p class=\"\" data-start=\"1509\" data-end=\"1533\">Resistencia a la rotura: 15 kN<\/p>\n<\/li>\n<li class=\"\" data-start=\"1534\" data-end=\"1576\">\n<p class=\"\" data-start=\"1536\" data-end=\"1576\">Se suministra con cable libre de hal\u00f3genos de 5 metros.<\/p>\n<\/li>\n<li class=\"\" data-start=\"1577\" data-end=\"1614\">\n<p class=\"\" data-start=\"1579\" data-end=\"1614\">Diodo de protecci\u00f3n y protector contra sobretensiones incluidos.<\/p>\n<\/li>\n<\/ul>","protected":false},"excerpt":{"rendered":"<p>Aqu\u00ed podr\u00e1s ver qu\u00e9 postes y modelos encajan entre s\u00ed de la gama de placas de cierre el\u00e9ctricas STEP.<\/p>\n<h5><strong><a href=\"https:\/\/steplock.com\/sv\/stolpguide\/#!?lang=sv&amp;blog_id=1&amp;paged=1&amp;number=50\" target=\"_blank\" rel=\"noopener\">Gu\u00eda de publicaciones STEP\u00a0<\/a><\/strong><\/h5>\n<h5><strong><a href=\"https:\/\/steplock.com\/sv\/projekteringsguide\/#!?lang=sv&amp;blog_id=1&amp;paged=1&amp;number=999\" target=\"_blank\" rel=\"noopener\">Gu\u00eda de dise\u00f1o STEP<\/a><\/strong><\/h5>","protected":false},"featured_media":139761,"template":"","meta":{"_acf_changed":false},"product_brand":[],"product_cat":[3355],"product_tag":[4198,4200],"class_list":{"0":"post-139763","1":"product","2":"type-product","3":"status-publish","4":"has-post-thumbnail","6":"product_cat-elslutbleck","7":"product_tag-12v","8":"product_tag-rattvand","9":"product_shipping_class-tunga-paket","10":"pa_brands-step","11":"tm-no-options","13":"first","14":"instock","15":"sale","16":"taxable","17":"shipping-taxable","18":"purchasable","19":"product-type-simple"},"acf":[],"_links":{"self":[{"href":"https:\/\/secureus.se\/es\/wp-json\/wp\/v2\/product\/139763","targetHints":{"allow":["GET"]}}],"collection":[{"href":"https:\/\/secureus.se\/es\/wp-json\/wp\/v2\/product"}],"about":[{"href":"https:\/\/secureus.se\/es\/wp-json\/wp\/v2\/types\/product"}],"wp:featuredmedia":[{"embeddable":true,"href":"https:\/\/secureus.se\/es\/wp-json\/wp\/v2\/media\/139761"}],"wp:attachment":[{"href":"https:\/\/secureus.se\/es\/wp-json\/wp\/v2\/media?parent=139763"}],"wp:term":[{"taxonomy":"product_brand","embeddable":true,"href":"https:\/\/secureus.se\/es\/wp-json\/wp\/v2\/product_brand?post=139763"},{"taxonomy":"product_cat","embeddable":true,"href":"https:\/\/secureus.se\/es\/wp-json\/wp\/v2\/product_cat?post=139763"},{"taxonomy":"product_tag","embeddable":true,"href":"https:\/\/secureus.se\/es\/wp-json\/wp\/v2\/product_tag?post=139763"}],"curies":[{"name":"wp","href":"https:\/\/api.w.org\/{rel}","templated":true}]}}