{"id":139777,"date":"2023-09-26T13:07:32","date_gmt":"2023-09-26T11:07:32","guid":{"rendered":"https:\/\/secureus.se\/elslutbleck-step-28e-vanster-rattvand-12v-7mm-regel\/"},"modified":"2026-04-08T16:20:26","modified_gmt":"2026-04-08T14:20:26","slug":"elslutbleck-step-28e-vanster-rattvand-12v-7mm-regel","status":"publish","type":"product","link":"https:\/\/secureus.se\/es\/elslutbleck-step-28e-vanster-rattvand-12v-7mm-regel\/","title":{"rendered":"Cerradura el\u00e9ctrica STEP 28E Izquierda Derecha 12V Regla de 7mm"},"content":{"rendered":"<h1>Cerradura el\u00e9ctrica STEP 28E Izquierda Derecha 12V Regla de 7mm<\/h1>\n<p>PASO 28E Cerrajero el\u00e9ctrico de seguridad con funci\u00f3n derecha para puertas de apertura izquierda. Adaptado para cerrojo Connect de 7 mm, homologado para fuego E\/EI60, contacto de pist\u00f3n y alta seguridad.<\/p>\n<p class=\"\" data-start=\"243\" data-end=\"681\">La cerradura el\u00e9ctrica STEP 28E Secure es una soluci\u00f3n segura y flexible para entornos de puertas con altas exigencias en protecci\u00f3n contra intrusiones, resistencia al fuego y posibilidad de evacuaci\u00f3n.<\/p>\n<p class=\"\" data-start=\"243\" data-end=\"681\">Este modelo est\u00e1 desarrollado para puertas batientes a la izquierda y se utiliza junto con las cerraduras de pestillo de la serie Connect con pist\u00f3n de 7 mm.<\/p>\n<p class=\"\" data-start=\"243\" data-end=\"681\">Con la funci\u00f3n para diestros (bloqueo en caso de corte de corriente), es perfecto donde se debe mantener la m\u00e1xima seguridad incluso en caso de corte de corriente.<\/p>\n<p class=\"\" data-start=\"683\" data-end=\"1083\">Gracias al contacto de pist\u00f3n incorporado y al contacto de pestillo, el estado de la puerta se puede monitorear en tiempo real, lo que hace que la cerradura el\u00e9ctrica sea adecuada para la integraci\u00f3n con sistemas de alarma y control de acceso.<\/p>\n<p class=\"\" data-start=\"683\" data-end=\"1083\">La construcci\u00f3n puede soportar una alta resistencia a la rotura de m\u00e1s de 15 kN y la funcionalidad est\u00e1 garantizada incluso con una presi\u00f3n de tira de hasta 500 kg.<\/p>\n<p class=\"\" data-start=\"683\" data-end=\"1083\">STEP 28E est\u00e1 certificado seg\u00fan la clase de fuego E\/EI 60 y se suministra con un cable de conexi\u00f3n libre de hal\u00f3genos de 5 metros.<\/p>\n<p class=\"\" data-start=\"1085\" data-end=\"1369\">Esta cerradura el\u00e9ctrica se utiliza a menudo en combinaci\u00f3n con cerraduras de escape de emergencia seg\u00fan SS-EN 179 donde se deben combinar los requisitos contra incendios y la automatizaci\u00f3n de la puerta.<\/p>\n<p class=\"\" data-start=\"1085\" data-end=\"1369\">Con STEP 28E Secure obtendr\u00e1 una soluci\u00f3n confiable y robusta para entornos exigentes como edificios p\u00fablicos, instituciones y espacios clasificados como de seguridad.<\/p>\n<p class=\"\" data-start=\"1371\" data-end=\"1399\"><strong data-start=\"1371\" data-end=\"1397\">Caracter\u00edsticas y beneficios:<\/strong><\/p>\n<ul data-start=\"1400\" data-end=\"1675\">\n<li class=\"\" data-start=\"1400\" data-end=\"1434\">\n<p class=\"\" data-start=\"1402\" data-end=\"1434\">Para pist\u00f3n de 7 mm de la serie Connect<\/p>\n<\/li>\n<li class=\"\" data-start=\"1435\" data-end=\"1481\">\n<p class=\"\" data-start=\"1437\" data-end=\"1481\">Funci\u00f3n inversa: bloqueada en caso de corte de energ\u00eda<\/p>\n<\/li>\n<li class=\"\" data-start=\"1482\" data-end=\"1510\">\n<p class=\"\" data-start=\"1484\" data-end=\"1510\">Para puertas de hoja izquierda<\/p>\n<\/li>\n<li class=\"\" data-start=\"1511\" data-end=\"1532\">\n<p class=\"\" data-start=\"1513\" data-end=\"1532\">Clase de fuego E\/EI60<\/p>\n<\/li>\n<li class=\"\" data-start=\"1533\" data-end=\"1581\">\n<p class=\"\" data-start=\"1535\" data-end=\"1581\">Contacto de pist\u00f3n y pestillo para monitorizaci\u00f3n del estado<\/p>\n<\/li>\n<li class=\"\" data-start=\"1582\" data-end=\"1612\">\n<p class=\"\" data-start=\"1584\" data-end=\"1612\">Resistencia a la rotura superior a 15 kN<\/p>\n<\/li>\n<li class=\"\" data-start=\"1613\" data-end=\"1642\">\n<p class=\"\" data-start=\"1615\" data-end=\"1642\">Resistencia a la presi\u00f3n de la tira 500 kg<\/p>\n<\/li>\n<li class=\"\" data-start=\"1643\" data-end=\"1675\">\n<p class=\"\" data-start=\"1645\" data-end=\"1675\">Cable libre de hal\u00f3genos de 5 metros incluido<\/p>\n<\/li>\n<\/ul>","protected":false},"excerpt":{"rendered":"<p>Aqu\u00ed podr\u00e1s ver qu\u00e9 postes y modelos encajan entre s\u00ed de la gama de placas de cierre el\u00e9ctricas STEP.<\/p>\n<h5><strong><a href=\"https:\/\/steplock.com\/sv\/stolpguide\/#!?lang=sv&amp;blog_id=1&amp;paged=1&amp;number=50\" target=\"_blank\" rel=\"noopener\">Gu\u00eda de publicaciones STEP\u00a0<\/a><\/strong><\/h5>\n<h5><strong><a href=\"https:\/\/steplock.com\/sv\/projekteringsguide\/#!?lang=sv&amp;blog_id=1&amp;paged=1&amp;number=999\" target=\"_blank\" rel=\"noopener\">Gu\u00eda de dise\u00f1o STEP<\/a><\/strong><\/h5>","protected":false},"featured_media":139775,"template":"","meta":{"_acf_changed":false},"product_brand":[],"product_cat":[3355],"product_tag":[4198,4200],"class_list":{"0":"post-139777","1":"product","2":"type-product","3":"status-publish","4":"has-post-thumbnail","6":"product_cat-elslutbleck","7":"product_tag-12v","8":"product_tag-rattvand","9":"product_shipping_class-tunga-paket","10":"pa_brands-step","11":"tm-no-options","13":"first","14":"onbackorder","15":"sale","16":"taxable","17":"shipping-taxable","18":"purchasable","19":"product-type-simple"},"acf":[],"_links":{"self":[{"href":"https:\/\/secureus.se\/es\/wp-json\/wp\/v2\/product\/139777","targetHints":{"allow":["GET"]}}],"collection":[{"href":"https:\/\/secureus.se\/es\/wp-json\/wp\/v2\/product"}],"about":[{"href":"https:\/\/secureus.se\/es\/wp-json\/wp\/v2\/types\/product"}],"wp:featuredmedia":[{"embeddable":true,"href":"https:\/\/secureus.se\/es\/wp-json\/wp\/v2\/media\/139775"}],"wp:attachment":[{"href":"https:\/\/secureus.se\/es\/wp-json\/wp\/v2\/media?parent=139777"}],"wp:term":[{"taxonomy":"product_brand","embeddable":true,"href":"https:\/\/secureus.se\/es\/wp-json\/wp\/v2\/product_brand?post=139777"},{"taxonomy":"product_cat","embeddable":true,"href":"https:\/\/secureus.se\/es\/wp-json\/wp\/v2\/product_cat?post=139777"},{"taxonomy":"product_tag","embeddable":true,"href":"https:\/\/secureus.se\/es\/wp-json\/wp\/v2\/product_tag?post=139777"}],"curies":[{"name":"wp","href":"https:\/\/api.w.org\/{rel}","templated":true}]}}