{"id":139789,"date":"2023-09-26T13:07:31","date_gmt":"2023-09-26T11:07:31","guid":{"rendered":"https:\/\/secureus.se\/elslutbleck-step-28e-vanster-rattvand-12v-9mm-regel\/"},"modified":"2026-04-08T16:10:59","modified_gmt":"2026-04-08T14:10:59","slug":"elslutbleck-step-28e-vanster-rattvand-12v-9mm-regel","status":"publish","type":"product","link":"https:\/\/secureus.se\/es\/elslutbleck-step-28e-vanster-rattvand-12v-9mm-regel\/","title":{"rendered":"Cerradura el\u00e9ctrica STEP 28E Izquierda Derecha 12V Regla de 9mm"},"content":{"rendered":"<h1>Cerradura el\u00e9ctrica STEP 28E Izquierda Derecha 12V Regla de 9mm<\/h1>\n<p>STEP 28E Secure \u2013 Cerradero el\u00e9ctrico para puertas de apertura izquierda con funci\u00f3n derecha y pist\u00f3n de 9 mm de la serie Connect. Homologado contra incendios E\/EI60, alta seguridad y contacto con pist\u00f3n.<\/p>\n<p class=\"\" data-start=\"243\" data-end=\"602\">El cerradero el\u00e9ctrico STEP 28E Secure es un cerradero el\u00e9ctrico robusto y fiable dise\u00f1ado para entornos donde es necesario combinar alta seguridad, resistencia al fuego y funciones de escape con una moderna automatizaci\u00f3n de puertas.<\/p>\n<p class=\"\" data-start=\"243\" data-end=\"602\">Este modelo est\u00e1 adaptado para puertas de hoja izquierda y se utiliza junto con una cerradura de embutir o cerradura de embutir con pist\u00f3n de 9 mm de la serie Connect.<\/p>\n<p class=\"\" data-start=\"604\" data-end=\"894\">Con la funci\u00f3n de mano derecha (bloqueada en posici\u00f3n desenergizada), el STEP 28E garantiza que la puerta permanezca bloqueada incluso en caso de un corte de energ\u00eda.<\/p>\n<p class=\"\" data-start=\"604\" data-end=\"894\">La cerradura el\u00e9ctrica est\u00e1 homologada para fuego hasta la clase E\/EI 60 y tiene un contacto de pist\u00f3n incorporado y un contacto de enclavamiento que permite un monitoreo preciso del estado a trav\u00e9s de un sistema de control de acceso o un sistema de alarma.<\/p>\n<p class=\"\" data-start=\"896\" data-end=\"1192\">La alta resistencia a la rotura de m\u00e1s de 15 kN y el funcionamiento garantizado con una presi\u00f3n de tira de hasta 500 kg hacen de esta cerradura el\u00e9ctrica una excelente opci\u00f3n para puertas y espacios con clasificaci\u00f3n de seguridad.<\/p>\n<p class=\"\" data-start=\"896\" data-end=\"1192\">La construcci\u00f3n es a prueba de manipulaciones y la instalaci\u00f3n se simplifica con un cable de conexi\u00f3n libre de hal\u00f3genos de 5 metros incluido.<\/p>\n<p class=\"\" data-start=\"1194\" data-end=\"1339\">STEP 28E Secure se utiliza a menudo en combinaci\u00f3n con cerraduras de escape de emergencia seg\u00fan SS-EN 179, donde coinciden los requisitos de escape, seguridad y automatizaci\u00f3n de puertas.<\/p>\n<p class=\"\" data-start=\"1341\" data-end=\"1369\"><strong data-start=\"1341\" data-end=\"1367\">Caracter\u00edsticas y beneficios:<\/strong><\/p>\n<ul data-start=\"1370\" data-end=\"1648\">\n<li class=\"\" data-start=\"1370\" data-end=\"1413\">\n<p class=\"\" data-start=\"1372\" data-end=\"1413\">Adaptado para pist\u00f3n de 9 mm de la serie Connect<\/p>\n<\/li>\n<li class=\"\" data-start=\"1414\" data-end=\"1453\">\n<p class=\"\" data-start=\"1416\" data-end=\"1453\">Funci\u00f3n correcta: bloqueado sin energ\u00eda<\/p>\n<\/li>\n<li class=\"\" data-start=\"1454\" data-end=\"1482\">\n<p class=\"\" data-start=\"1456\" data-end=\"1482\">Para puertas de hoja izquierda<\/p>\n<\/li>\n<li class=\"\" data-start=\"1483\" data-end=\"1505\">\n<p class=\"\" data-start=\"1485\" data-end=\"1505\">Clase de fuego E\/EI 60<\/p>\n<\/li>\n<li class=\"\" data-start=\"1506\" data-end=\"1546\">\n<p class=\"\" data-start=\"1508\" data-end=\"1546\">Interruptor de pist\u00f3n y de pestillo incorporados<\/p>\n<\/li>\n<li class=\"\" data-start=\"1547\" data-end=\"1577\">\n<p class=\"\" data-start=\"1549\" data-end=\"1577\">Resistencia a la rotura superior a 15 kN<\/p>\n<\/li>\n<li class=\"\" data-start=\"1578\" data-end=\"1611\">\n<p class=\"\" data-start=\"1580\" data-end=\"1611\">Soporta presi\u00f3n de moldeo de hasta 500 kg.<\/p>\n<\/li>\n<li class=\"\" data-start=\"1612\" data-end=\"1648\">\n<p class=\"\" data-start=\"1614\" data-end=\"1648\">Cable libre de hal\u00f3genos de 5 metros incluido<\/p>\n<\/li>\n<\/ul>","protected":false},"excerpt":{"rendered":"<p>Aqu\u00ed podr\u00e1s ver qu\u00e9 postes y modelos encajan entre s\u00ed de la gama de placas de cierre el\u00e9ctricas STEP.<\/p>\n<h5><strong><a href=\"https:\/\/steplock.com\/sv\/stolpguide\/#!?lang=sv&amp;blog_id=1&amp;paged=1&amp;number=50\" target=\"_blank\" rel=\"noopener\">Gu\u00eda de publicaciones STEP\u00a0<\/a><\/strong><\/h5>\n<h5><strong><a href=\"https:\/\/steplock.com\/sv\/projekteringsguide\/#!?lang=sv&amp;blog_id=1&amp;paged=1&amp;number=999\" target=\"_blank\" rel=\"noopener\">Gu\u00eda de dise\u00f1o STEP<\/a><\/strong><\/h5>","protected":false},"featured_media":139787,"template":"","meta":{"_acf_changed":false},"product_brand":[],"product_cat":[3355],"product_tag":[4198,4200],"class_list":{"0":"post-139789","1":"product","2":"type-product","3":"status-publish","4":"has-post-thumbnail","6":"product_cat-elslutbleck","7":"product_tag-12v","8":"product_tag-rattvand","9":"product_shipping_class-tunga-paket","10":"pa_brands-step","11":"tm-no-options","13":"first","14":"onbackorder","15":"sale","16":"taxable","17":"shipping-taxable","18":"purchasable","19":"product-type-simple"},"acf":[],"_links":{"self":[{"href":"https:\/\/secureus.se\/es\/wp-json\/wp\/v2\/product\/139789","targetHints":{"allow":["GET"]}}],"collection":[{"href":"https:\/\/secureus.se\/es\/wp-json\/wp\/v2\/product"}],"about":[{"href":"https:\/\/secureus.se\/es\/wp-json\/wp\/v2\/types\/product"}],"wp:featuredmedia":[{"embeddable":true,"href":"https:\/\/secureus.se\/es\/wp-json\/wp\/v2\/media\/139787"}],"wp:attachment":[{"href":"https:\/\/secureus.se\/es\/wp-json\/wp\/v2\/media?parent=139789"}],"wp:term":[{"taxonomy":"product_brand","embeddable":true,"href":"https:\/\/secureus.se\/es\/wp-json\/wp\/v2\/product_brand?post=139789"},{"taxonomy":"product_cat","embeddable":true,"href":"https:\/\/secureus.se\/es\/wp-json\/wp\/v2\/product_cat?post=139789"},{"taxonomy":"product_tag","embeddable":true,"href":"https:\/\/secureus.se\/es\/wp-json\/wp\/v2\/product_tag?post=139789"}],"curies":[{"name":"wp","href":"https:\/\/api.w.org\/{rel}","templated":true}]}}