{"id":139800,"date":"2023-09-26T13:07:29","date_gmt":"2023-09-26T11:07:29","guid":{"rendered":"https:\/\/secureus.se\/elslutbleck-step-28e-hoger-rattvand-12v-7mm-regel\/"},"modified":"2026-04-08T16:11:31","modified_gmt":"2026-04-08T14:11:31","slug":"elslutbleck-step-28e-hoger-rattvand-12v-7mm-regel","status":"publish","type":"product","link":"https:\/\/secureus.se\/es\/elslutbleck-step-28e-hoger-rattvand-12v-7mm-regel\/","title":{"rendered":"Cerradura el\u00e9ctrica STEP 28E Derecha Recta 12V Regla de 7mm"},"content":{"rendered":"<h1>Cerradura el\u00e9ctrica STEP 28E Derecha Recta 12V Regla de 7mm<\/h1>\n<p>STEP 28E Secure es una cerradura el\u00e9ctrica homologada contra incendios para puertas batientes a la derecha con un perno de 7 mm. Funcionamiento correcto, contacto del pist\u00f3n y alta seguridad. Se suministra con cable de 5 m.<\/p>\n<p>La cerradura el\u00e9ctrica STEP 28E Secure ofrece una soluci\u00f3n robusta para entornos donde la seguridad, las exigencias contra incendios y la evacuaci\u00f3n deben combinarse con el control autom\u00e1tico de puertas.<\/p>\n<p>Esta cerradura el\u00e9ctrica est\u00e1 desarrollada para su uso con cerraduras de pestillo de la serie Connect, especialmente donde se utiliza un pestillo de 7 mm, y est\u00e1 destinada a puertas con bisagras a la derecha.<\/p>\n<p class=\"\" data-start=\"572\" data-end=\"916\">La funci\u00f3n para mano derecha significa que la cerradura el\u00e9ctrica se bloquea en la posici\u00f3n desenergizada, lo que garantiza que la puerta permanezca bloqueada en caso de un corte de energ\u00eda, un aspecto importante en entornos clasificados como de seguridad.<\/p>\n<p class=\"\" data-start=\"572\" data-end=\"916\">STEP 28E Secure est\u00e1 aprobado para resistencia al fuego hasta E\/EI 60 seg\u00fan las normas aplicables y se utiliza a menudo en combinaci\u00f3n con cerraduras de escape de emergencia seg\u00fan SS-EN 179.<\/p>\n<p class=\"\" data-start=\"918\" data-end=\"1240\">La cerradura el\u00e9ctrica tiene un contacto de pist\u00f3n incorporado y un contacto de pestillo para indicar el estado de la puerta, lo que permite la conexi\u00f3n a sistemas de control de acceso, alarmas u otros sistemas de control.<\/p>\n<p class=\"\" data-start=\"918\" data-end=\"1240\">La resistencia a la rotura supera los 15 kN y la unidad trabaja tambi\u00e9n con presiones de fleje de hasta 500 kg. La construcci\u00f3n es a prueba de manipulaciones para mayor seguridad y confiabilidad.<\/p>\n<p class=\"\" data-start=\"1242\" data-end=\"1374\">El producto se entrega con un cable de conexi\u00f3n libre de hal\u00f3genos de 5 metros y es f\u00e1cil de instalar gracias a su dise\u00f1o bien pensado y a su superficie de acero inoxidable.<\/p>\n<p class=\"\" data-start=\"1376\" data-end=\"1404\"><strong data-start=\"1376\" data-end=\"1402\">Caracter\u00edsticas y beneficios:<\/strong><\/p>\n<ul data-start=\"1405\" data-end=\"1674\">\n<li class=\"\" data-start=\"1405\" data-end=\"1439\">\n<p class=\"\" data-start=\"1407\" data-end=\"1439\">Para pist\u00f3n de 7 mm de la serie Connect<\/p>\n<\/li>\n<li class=\"\" data-start=\"1440\" data-end=\"1479\">\n<p class=\"\" data-start=\"1442\" data-end=\"1479\">Funci\u00f3n correcta: bloqueado sin energ\u00eda<\/p>\n<\/li>\n<li class=\"\" data-start=\"1480\" data-end=\"1515\">\n<p class=\"\" data-start=\"1482\" data-end=\"1515\">Adaptado para puertas batientes a la derecha<\/p>\n<\/li>\n<li class=\"\" data-start=\"1516\" data-end=\"1538\">\n<p class=\"\" data-start=\"1518\" data-end=\"1538\">Clase de fuego E\/EI 60<\/p>\n<\/li>\n<li class=\"\" data-start=\"1539\" data-end=\"1579\">\n<p class=\"\" data-start=\"1541\" data-end=\"1579\">Interruptor de pist\u00f3n y de pestillo incorporados<\/p>\n<\/li>\n<li class=\"\" data-start=\"1580\" data-end=\"1613\">\n<p class=\"\" data-start=\"1582\" data-end=\"1613\">Soporta presi\u00f3n de moldeo de hasta 500 kg.<\/p>\n<\/li>\n<li class=\"\" data-start=\"1614\" data-end=\"1644\">\n<p class=\"\" data-start=\"1616\" data-end=\"1644\">Resistencia a la rotura superior a 15 kN<\/p>\n<\/li>\n<li class=\"\" data-start=\"1645\" data-end=\"1674\">\n<p class=\"\" data-start=\"1647\" data-end=\"1674\">Se suministra con cable de 5 metros.<\/p>\n<\/li>\n<\/ul>","protected":false},"excerpt":{"rendered":"<p>Aqu\u00ed podr\u00e1s ver qu\u00e9 postes y modelos encajan entre s\u00ed de la gama de placas de cierre el\u00e9ctricas STEP.<\/p>\n<h5><strong><a href=\"https:\/\/steplock.com\/sv\/stolpguide\/#!?lang=sv&amp;blog_id=1&amp;paged=1&amp;number=50\" target=\"_blank\" rel=\"noopener\">Gu\u00eda de publicaciones STEP\u00a0<\/a><\/strong><\/h5>\n<h5><strong><a href=\"https:\/\/steplock.com\/sv\/projekteringsguide\/#!?lang=sv&amp;blog_id=1&amp;paged=1&amp;number=999\" target=\"_blank\" rel=\"noopener\">Gu\u00eda de dise\u00f1o STEP<\/a><\/strong><\/h5>","protected":false},"featured_media":139798,"template":"","meta":{"_acf_changed":false},"product_brand":[],"product_cat":[3355],"product_tag":[4198,4200],"class_list":{"0":"post-139800","1":"product","2":"type-product","3":"status-publish","4":"has-post-thumbnail","6":"product_cat-elslutbleck","7":"product_tag-12v","8":"product_tag-rattvand","9":"product_shipping_class-tunga-paket","10":"pa_brands-step","11":"tm-no-options","13":"first","14":"onbackorder","15":"sale","16":"taxable","17":"shipping-taxable","18":"purchasable","19":"product-type-simple"},"acf":[],"_links":{"self":[{"href":"https:\/\/secureus.se\/es\/wp-json\/wp\/v2\/product\/139800","targetHints":{"allow":["GET"]}}],"collection":[{"href":"https:\/\/secureus.se\/es\/wp-json\/wp\/v2\/product"}],"about":[{"href":"https:\/\/secureus.se\/es\/wp-json\/wp\/v2\/types\/product"}],"wp:featuredmedia":[{"embeddable":true,"href":"https:\/\/secureus.se\/es\/wp-json\/wp\/v2\/media\/139798"}],"wp:attachment":[{"href":"https:\/\/secureus.se\/es\/wp-json\/wp\/v2\/media?parent=139800"}],"wp:term":[{"taxonomy":"product_brand","embeddable":true,"href":"https:\/\/secureus.se\/es\/wp-json\/wp\/v2\/product_brand?post=139800"},{"taxonomy":"product_cat","embeddable":true,"href":"https:\/\/secureus.se\/es\/wp-json\/wp\/v2\/product_cat?post=139800"},{"taxonomy":"product_tag","embeddable":true,"href":"https:\/\/secureus.se\/es\/wp-json\/wp\/v2\/product_tag?post=139800"}],"curies":[{"name":"wp","href":"https:\/\/api.w.org\/{rel}","templated":true}]}}